{"id":3447,"date":"2026-01-27T20:43:36","date_gmt":"2026-01-27T17:43:36","guid":{"rendered":"https:\/\/kalinkamagazin.com\/product\/6623-arndanos-ultracongelado-iqf\/"},"modified":"2026-01-27T20:43:36","modified_gmt":"2026-01-27T17:43:36","slug":"6623-arndanos-ultracongelado-iqf","status":"publish","type":"product","link":"https:\/\/kalinkamagazin.com\/es\/product\/6623-arndanos-ultracongelado-iqf\/","title":{"rendered":"Ar\u00e1ndanos, ultracongelado (IQF)"},"content":{"rendered":"<p>Ar\u00e1ndanos, ultracongelado (IQF)  . Despu\u00e9s de descongelar, no volver a congelar. Comercializaci\u00f3n: Lackmann Fleisch- und Feinkostfabrik GmbH, Carl Benz Stra\u00dfe 10, 77731 Willst\u00e4tt, Alemania. A una temperatura de \u2264 -18\u00b0C consumir preferentemente antes de: Consultar la fecha en el adhesivo blanco en alem\u00e1n. n\u00famero de lote: V\u00e9ase fecha de caducidad.  <!--NWT-Text-->Valores energ\u00e9ticos y nutricionales medios por 100g: Valor energ\u00e9tico: 234 kJ \/ 56 kcal, Grasas: <0,5g, - de las cuales \u00e1cidos grasos saturados: 0,2g, Hidratos de Carbono: 14g, - de los cuales az\u00facares: 8,2g, Prote\u00ednas: 0,8g, Sal: <0,1g,  <!--NWT-Table--><\/p>\n<table>\n<tbody>\n<tr>\n<td colspan=\"2\">Valores energ\u00e9ticos y nutricionales medios por 100g:<\/td>\n<\/tr>\n<tr>\n<td>Valor energ\u00e9tico:<\/td>\n<td align = \"right\">234 kJ\/56kcal<\/td>\n<\/tr>\n<tr>\n<td>Grasas:<\/td>\n<td align = \"right\"><0,5g<\/td>\n<\/tr>\n<tr>\n<td>- de las cuales \u00e1cidos grasos saturados:<\/td>\n<td align = \"right\">0,2g<\/td>\n<\/tr>\n<tr>\n<td>Hidratos de Carbono:<\/td>\n<td align = \"right\">14g<\/td>\n<\/tr>\n<tr>\n<td>- de los cuales az\u00facares:<\/td>\n<td align = \"right\">8,2g<\/td>\n<\/tr>\n<tr>\n<td>Prote\u00ednas:<\/td>\n<td align = \"right\">0,8g<\/td>\n<\/tr>\n<tr>\n<td>Sal:<\/td>\n<td align = \"right\"><0,1g<\/td>\n<\/tr>\n<\/tbody>\n<\/table>\n<p> <!--Bezeichnung-->Ar\u00e1ndanos, ultracongelado (IQF)  . <\/p>\n","protected":false},"excerpt":{"rendered":"<p>Ar\u00e1ndanos, ultracongelado (IQF) . Despu\u00e9s de descongelar, no volver a congelar. Comercializaci\u00f3n: Lackmann Fleisch- und Feinkostfabrik GmbH, Carl Benz Stra\u00dfe 10, 77731 Willst\u00e4tt, Alemania. A una temperatura de \u2264 -18\u00b0C consumir preferentemente antes de: Consultar la fecha en el adhesivo blanco en alem\u00e1n. n\u00famero de lote: V\u00e9ase fecha de caducidad. Valores energ\u00e9ticos y nutricionales medios [&hellip;]<\/p>\n","protected":false},"featured_media":3348,"template":"","meta":{"inline_featured_image":false},"product_brand":[],"product_cat":[105,108],"product_tag":[],"class_list":{"0":"post-3447","1":"product","2":"type-product","3":"status-publish","4":"has-post-thumbnail","6":"product_cat-zamorozhennye-produkty-i-hleb","7":"product_cat-yagody-zamorozka","9":"first","10":"instock","11":"shipping-taxable","12":"purchasable","13":"product-type-simple"},"acf":[],"_links":{"self":[{"href":"https:\/\/kalinkamagazin.com\/es\/wp-json\/wp\/v2\/product\/3447","targetHints":{"allow":["GET"]}}],"collection":[{"href":"https:\/\/kalinkamagazin.com\/es\/wp-json\/wp\/v2\/product"}],"about":[{"href":"https:\/\/kalinkamagazin.com\/es\/wp-json\/wp\/v2\/types\/product"}],"wp:featuredmedia":[{"embeddable":true,"href":"https:\/\/kalinkamagazin.com\/es\/wp-json\/wp\/v2\/media\/3348"}],"wp:attachment":[{"href":"https:\/\/kalinkamagazin.com\/es\/wp-json\/wp\/v2\/media?parent=3447"}],"wp:term":[{"taxonomy":"product_brand","embeddable":true,"href":"https:\/\/kalinkamagazin.com\/es\/wp-json\/wp\/v2\/product_brand?post=3447"},{"taxonomy":"product_cat","embeddable":true,"href":"https:\/\/kalinkamagazin.com\/es\/wp-json\/wp\/v2\/product_cat?post=3447"},{"taxonomy":"product_tag","embeddable":true,"href":"https:\/\/kalinkamagazin.com\/es\/wp-json\/wp\/v2\/product_tag?post=3447"}],"curies":[{"name":"wp","href":"https:\/\/api.w.org\/{rel}","templated":true}]}}