{"id":3448,"date":"2026-01-27T20:43:41","date_gmt":"2026-01-27T17:43:41","guid":{"rendered":"https:\/\/kalinkamagazin.com\/product\/6717-barrita-de-crocante-de-semillas-de-girasol\/"},"modified":"2026-01-27T20:43:41","modified_gmt":"2026-01-27T17:43:41","slug":"6717-barrita-de-crocante-de-semillas-de-girasol","status":"publish","type":"product","link":"https:\/\/kalinkamagazin.com\/es\/product\/6717-barrita-de-crocante-de-semillas-de-girasol\/","title":{"rendered":"Barrita de crocante de semillas de girasol."},"content":{"rendered":"<p>Barrita de crocante de semillas de girasol. . Ingredientes: Semillas de girasol 70%, Az\u00facar, Jarabe de glucosa. Puede contener: <b>cacahuete, <\/b><b>Semillas de s\u00e9samo, <\/b><b>Almendra, <\/b><b>Nuez, <\/b><b>Avellanas. <\/b>Almacenar en un lugar fresco y seco. Comercializaci\u00f3n: Lackmann Fleisch- und Feinkostfabrik GmbH, Carl Benz Stra\u00dfe 10, 77731 Willst\u00e4tt, Alemania. Consumir preferentemente antes de: v\u00e9ase la etiqueta.  <!--NWT-Text-->Valores energ\u00e9ticos y nutricionales medios por 100g: Valor energ\u00e9tico: 2420 kJ \/ 580 kcal, Grasas: 43g, - de las cuales \u00e1cidos grasos saturados: 3,4g, Hidratos de Carbono: 34g, - de los cuales az\u00facares: 24g, Prote\u00ednas: 15g, Sal: 0g,  <!--NWT-Table--><\/p>\n<table>\n<tbody>\n<tr>\n<td colspan=\"2\">Valores energ\u00e9ticos y nutricionales medios por 100g:<\/td>\n<\/tr>\n<tr>\n<td>Valor energ\u00e9tico:<\/td>\n<td align = \"right\">2420 kJ\/580kcal<\/td>\n<\/tr>\n<tr>\n<td>Grasas:<\/td>\n<td align = \"right\">43g<\/td>\n<\/tr>\n<tr>\n<td>- de las cuales \u00e1cidos grasos saturados:<\/td>\n<td align = \"right\">3,4g<\/td>\n<\/tr>\n<tr>\n<td>Hidratos de Carbono:<\/td>\n<td align = \"right\">34g<\/td>\n<\/tr>\n<tr>\n<td>- de los cuales az\u00facares:<\/td>\n<td align = \"right\">24g<\/td>\n<\/tr>\n<tr>\n<td>Prote\u00ednas:<\/td>\n<td align = \"right\">15g<\/td>\n<\/tr>\n<tr>\n<td>Sal:<\/td>\n<td align = \"right\">0g<\/td>\n<\/tr>\n<\/tbody>\n<\/table>\n<p> <!--Bezeichnung-->Barrita de crocante de semillas de girasol. . <\/p>\n","protected":false},"excerpt":{"rendered":"<p>Barrita de crocante de semillas de girasol. . Ingredientes: Semillas de girasol 70%, Az\u00facar, Jarabe de glucosa. Puede contener: cacahuete, Semillas de s\u00e9samo, Almendra, Nuez, Avellanas. Almacenar en un lugar fresco y seco. Comercializaci\u00f3n: Lackmann Fleisch- und Feinkostfabrik GmbH, Carl Benz Stra\u00dfe 10, 77731 Willst\u00e4tt, Alemania. Consumir preferentemente antes de: v\u00e9ase la etiqueta. Valores energ\u00e9ticos [&hellip;]<\/p>\n","protected":false},"featured_media":2931,"template":"","meta":{"inline_featured_image":false},"product_brand":[],"product_cat":[141,140],"product_tag":[],"class_list":{"0":"post-3448","1":"product","2":"type-product","3":"status-publish","4":"has-post-thumbnail","6":"product_cat-zyorna-zlaki","7":"product_cat-krupy-zlaki-i-sneki","9":"first","10":"instock","11":"shipping-taxable","12":"purchasable","13":"product-type-simple"},"acf":[],"_links":{"self":[{"href":"https:\/\/kalinkamagazin.com\/es\/wp-json\/wp\/v2\/product\/3448","targetHints":{"allow":["GET"]}}],"collection":[{"href":"https:\/\/kalinkamagazin.com\/es\/wp-json\/wp\/v2\/product"}],"about":[{"href":"https:\/\/kalinkamagazin.com\/es\/wp-json\/wp\/v2\/types\/product"}],"wp:featuredmedia":[{"embeddable":true,"href":"https:\/\/kalinkamagazin.com\/es\/wp-json\/wp\/v2\/media\/2931"}],"wp:attachment":[{"href":"https:\/\/kalinkamagazin.com\/es\/wp-json\/wp\/v2\/media?parent=3448"}],"wp:term":[{"taxonomy":"product_brand","embeddable":true,"href":"https:\/\/kalinkamagazin.com\/es\/wp-json\/wp\/v2\/product_brand?post=3448"},{"taxonomy":"product_cat","embeddable":true,"href":"https:\/\/kalinkamagazin.com\/es\/wp-json\/wp\/v2\/product_cat?post=3448"},{"taxonomy":"product_tag","embeddable":true,"href":"https:\/\/kalinkamagazin.com\/es\/wp-json\/wp\/v2\/product_tag?post=3448"}],"curies":[{"name":"wp","href":"https:\/\/api.w.org\/{rel}","templated":true}]}}