{"id":3450,"date":"2026-01-27T20:43:54","date_gmt":"2026-01-27T17:43:54","guid":{"rendered":"https:\/\/kalinkamagazin.com\/product\/8974-brandy-armenio\/"},"modified":"2026-01-27T20:43:54","modified_gmt":"2026-01-27T17:43:54","slug":"8974-brandy-armenio","status":"publish","type":"product","link":"https:\/\/kalinkamagazin.com\/es\/product\/8974-brandy-armenio\/","title":{"rendered":"Brandy armenio."},"content":{"rendered":"<p> Brandy armenio. . Alc. 40% vol. 0,5L. No indicado para mujeres embarazadas, en periodo de lactancia o j\u00f3venes menores de  18 a\u00f1os. Almacenar en un lugar fresco y seco. Comercializaci\u00f3n: Lackmann Fleisch- und Feinkostfabrik GmbH, Carl Benz Stra\u00dfe 10, 77731 Willst\u00e4tt, Alemania.  <!--NWT-Text--> <!--NWT-Table--> <!--Bezeichnung--> Brandy armenio. . <\/p>\n","protected":false},"excerpt":{"rendered":"<p>Brandy armenio. . Alc. 40% vol. 0,5L. No indicado para mujeres embarazadas, en periodo de lactancia o j\u00f3venes menores de 18 a\u00f1os. Almacenar en un lugar fresco y seco. Comercializaci\u00f3n: Lackmann Fleisch- und Feinkostfabrik GmbH, Carl Benz Stra\u00dfe 10, 77731 Willst\u00e4tt, Alemania. Brandy armenio. .<\/p>\n","protected":false},"featured_media":2763,"template":"","meta":{"inline_featured_image":false},"product_brand":[],"product_cat":[156],"product_tag":[],"class_list":{"0":"post-3450","1":"product","2":"type-product","3":"status-publish","4":"has-post-thumbnail","6":"product_cat-alkogolnye-napitki","8":"first","9":"instock","10":"shipping-taxable","11":"purchasable","12":"product-type-simple"},"acf":[],"_links":{"self":[{"href":"https:\/\/kalinkamagazin.com\/es\/wp-json\/wp\/v2\/product\/3450","targetHints":{"allow":["GET"]}}],"collection":[{"href":"https:\/\/kalinkamagazin.com\/es\/wp-json\/wp\/v2\/product"}],"about":[{"href":"https:\/\/kalinkamagazin.com\/es\/wp-json\/wp\/v2\/types\/product"}],"wp:featuredmedia":[{"embeddable":true,"href":"https:\/\/kalinkamagazin.com\/es\/wp-json\/wp\/v2\/media\/2763"}],"wp:attachment":[{"href":"https:\/\/kalinkamagazin.com\/es\/wp-json\/wp\/v2\/media?parent=3450"}],"wp:term":[{"taxonomy":"product_brand","embeddable":true,"href":"https:\/\/kalinkamagazin.com\/es\/wp-json\/wp\/v2\/product_brand?post=3450"},{"taxonomy":"product_cat","embeddable":true,"href":"https:\/\/kalinkamagazin.com\/es\/wp-json\/wp\/v2\/product_cat?post=3450"},{"taxonomy":"product_tag","embeddable":true,"href":"https:\/\/kalinkamagazin.com\/es\/wp-json\/wp\/v2\/product_tag?post=3450"}],"curies":[{"name":"wp","href":"https:\/\/api.w.org\/{rel}","templated":true}]}}