{"id":3451,"date":"2026-01-27T20:44:00","date_gmt":"2026-01-27T17:44:00","guid":{"rendered":"https:\/\/kalinkamagazin.com\/product\/8524-caballa-sin-cabeza-eviscerado-salado-y-ahumado-ultracongelado\/"},"modified":"2026-03-07T00:17:42","modified_gmt":"2026-03-06T21:17:42","slug":"8524-caballa-sin-cabeza-eviscerado-salado-y-ahumado-ultracongelado","status":"publish","type":"product","link":"https:\/\/kalinkamagazin.com\/es\/product\/8524-caballa-sin-cabeza-eviscerado-salado-y-ahumado-ultracongelado\/","title":{"rendered":"Caballa sin cabeza, eviscerado, salado y ahumado, ultracongelado"},"content":{"rendered":"<p>Caballa sin cabeza, eviscerado, salado y ahumado, ultracongelado. Ingredientes: <b>Caballa, <\/b>sal de calidad alimentaria, humo, acidulante: (E325, E262). Zona de captura: FAO 27. M\u00e9todo de captura: red de arrastre. Solo para venta a granel. Despu\u00e9s de descongelar, no volver a congelar. Comercializaci\u00f3n: Lackmann Fleisch- und Feinkostfabrik GmbH, Carl Benz Stra\u00dfe 10, 77731 Willst\u00e4tt, Alemania. A una temperatura de \u2264 -18\u00b0C consumir preferentemente antes de:  <!--NWT-Text-->Valores energ\u00e9ticos y nutricionales medios por 100g: Valor energ\u00e9tico: 1456 kJ \/ 351 kcal, Grasas: 30g, - de las cuales \u00e1cidos grasos saturados: 6,4g, Hidratos de Carbono: <0,5g, - de los cuales az\u00facares: 0g, Prote\u00ednas: 20g, Sal: 1,3g,  <!--NWT-Table--><\/p>\n<table>\n<tbody>\n<tr>\n<td colspan=\"2\">Valores energ\u00e9ticos y nutricionales medios por 100g:<\/td>\n<\/tr>\n<tr>\n<td>Valor energ\u00e9tico:<\/td>\n<td align = \"right\">1456 kJ\/351kcal<\/td>\n<\/tr>\n<tr>\n<td>Grasas:<\/td>\n<td align = \"right\">30g<\/td>\n<\/tr>\n<tr>\n<td>- de las cuales \u00e1cidos grasos saturados:<\/td>\n<td align = \"right\">6,4g<\/td>\n<\/tr>\n<tr>\n<td>Hidratos de Carbono:<\/td>\n<td align = \"right\"><0,5g<\/td>\n<\/tr>\n<tr>\n<td>- de los cuales az\u00facares:<\/td>\n<td align = \"right\">0g<\/td>\n<\/tr>\n<tr>\n<td>Prote\u00ednas:<\/td>\n<td align = \"right\">20g<\/td>\n<\/tr>\n<tr>\n<td>Sal:<\/td>\n<td align = \"right\">1,3g<\/td>\n<\/tr>\n<\/tbody>\n<\/table>\n<p> <!--Bezeichnung-->Caballa sin cabeza, eviscerado, salado y ahumado, ultracongelado. <\/p>\n","protected":false},"excerpt":{"rendered":"<p>Caballa sin cabeza, eviscerado, salado y ahumado, ultracongelado. Ingredientes: Caballa, sal de calidad alimentaria, humo, acidulante: (E325, E262). Zona de captura: FAO 27. M\u00e9todo de captura: red de arrastre. Solo para venta a granel. Despu\u00e9s de descongelar, no volver a congelar. Comercializaci\u00f3n: Lackmann Fleisch- und Feinkostfabrik GmbH, Carl Benz Stra\u00dfe 10, 77731 Willst\u00e4tt, Alemania. A [&hellip;]<\/p>\n","protected":false},"featured_media":3263,"template":"","meta":{"inline_featured_image":false},"product_brand":[],"product_cat":[233,114,113],"product_tag":[],"class_list":{"0":"post-3451","1":"product","2":"type-product","3":"status-publish","4":"has-post-thumbnail","6":"product_cat-pescado","7":"product_cat-ryba","8":"product_cat-ryba-i-rybnye-produkty","10":"first","11":"instock","12":"shipping-taxable","13":"purchasable","14":"product-type-simple"},"acf":[],"_links":{"self":[{"href":"https:\/\/kalinkamagazin.com\/es\/wp-json\/wp\/v2\/product\/3451","targetHints":{"allow":["GET"]}}],"collection":[{"href":"https:\/\/kalinkamagazin.com\/es\/wp-json\/wp\/v2\/product"}],"about":[{"href":"https:\/\/kalinkamagazin.com\/es\/wp-json\/wp\/v2\/types\/product"}],"wp:featuredmedia":[{"embeddable":true,"href":"https:\/\/kalinkamagazin.com\/es\/wp-json\/wp\/v2\/media\/3263"}],"wp:attachment":[{"href":"https:\/\/kalinkamagazin.com\/es\/wp-json\/wp\/v2\/media?parent=3451"}],"wp:term":[{"taxonomy":"product_brand","embeddable":true,"href":"https:\/\/kalinkamagazin.com\/es\/wp-json\/wp\/v2\/product_brand?post=3451"},{"taxonomy":"product_cat","embeddable":true,"href":"https:\/\/kalinkamagazin.com\/es\/wp-json\/wp\/v2\/product_cat?post=3451"},{"taxonomy":"product_tag","embeddable":true,"href":"https:\/\/kalinkamagazin.com\/es\/wp-json\/wp\/v2\/product_tag?post=3451"}],"curies":[{"name":"wp","href":"https:\/\/api.w.org\/{rel}","templated":true}]}}