{"id":3452,"date":"2026-01-27T20:44:05","date_gmt":"2026-01-27T17:44:05","guid":{"rendered":"https:\/\/kalinkamagazin.com\/product\/6523-caramelo-de-caramelo-en-un-glaseado-de-grasa-a-base-de-cacao\/"},"modified":"2026-01-27T20:44:05","modified_gmt":"2026-01-27T17:44:05","slug":"6523-caramelo-de-caramelo-en-un-glaseado-de-grasa-a-base-de-cacao","status":"publish","type":"product","link":"https:\/\/kalinkamagazin.com\/es\/product\/6523-caramelo-de-caramelo-en-un-glaseado-de-grasa-a-base-de-cacao\/","title":{"rendered":"Caramelo de caramelo en un glaseado de grasa a base de cacao"},"content":{"rendered":"<p>Caramelo de caramelo en un glaseado de grasa a base de cacao. Solo para venta a granel. Ingredientes: Az\u00facar, Jarabe de glucosa, glaseado de cacao 19% (Az\u00facar, Masa de cacao, grasas y aceites vegetales (Palma, karit\u00e9), Cacao en polvo, emulgente: (lecitina <b>(Soja), <\/b>E476), aroma), <b>Leche entera, <\/b><b>Producto a base de suero de leche, <\/b>Az\u00facar, grasas y aceites vegetales parcialmente hidrogenado (Palma, <b>Soja, <\/b>Colza, girasol), emulgente: (E471), Antioxidantes: (E304, E307, E306), <b>Lactosa, <\/b>Cacao en polvo, alcohol et\u00edlico, aroma. Este producto puede tener trazas de: <b>cacahuetes, <\/b><b>Almendras, <\/b><b>Anacardo, <\/b><b>Gluten, <\/b><b>avellanas. <\/b>Almacenar en un lugar fresco y seco. Comercializaci\u00f3n: Lackmann Fleisch- und Feinkostfabrik GmbH, Carl Benz Stra\u00dfe 10, 77731 Willst\u00e4tt, Alemania. Consumir preferentemente antes de:  <!--NWT-Text-->Valores energ\u00e9ticos y nutricionales medios por 100g: Valor energ\u00e9tico: 1730 kJ \/ 410 kcal, Grasas: 9,0g, - de las cuales \u00e1cidos grasos saturados: 5,1g, Hidratos de Carbono: 79g, - de los cuales az\u00facares: 68g, Prote\u00ednas: 2,0g, Sal: 0,10g,  <!--NWT-Table--><\/p>\n<table>\n<tbody>\n<tr>\n<td colspan=\"2\">Valores energ\u00e9ticos y nutricionales medios por 100g:<\/td>\n<\/tr>\n<tr>\n<td>Valor energ\u00e9tico:<\/td>\n<td align = \"right\">1730 kJ\/410kcal<\/td>\n<\/tr>\n<tr>\n<td>Grasas:<\/td>\n<td align = \"right\">9,0g<\/td>\n<\/tr>\n<tr>\n<td>- de las cuales \u00e1cidos grasos saturados:<\/td>\n<td align = \"right\">5,1g<\/td>\n<\/tr>\n<tr>\n<td>Hidratos de Carbono:<\/td>\n<td align = \"right\">79g<\/td>\n<\/tr>\n<tr>\n<td>- de los cuales az\u00facares:<\/td>\n<td align = \"right\">68g<\/td>\n<\/tr>\n<tr>\n<td>Prote\u00ednas:<\/td>\n<td align = \"right\">2,0g<\/td>\n<\/tr>\n<tr>\n<td>Sal:<\/td>\n<td align = \"right\">0,10g<\/td>\n<\/tr>\n<\/tbody>\n<\/table>\n<p> <!--Bezeichnung-->Caramelo de caramelo en un glaseado de grasa a base de cacao. <\/p>\n","protected":false},"excerpt":{"rendered":"<p>Caramelo de caramelo en un glaseado de grasa a base de cacao. Solo para venta a granel. Ingredientes: Az\u00facar, Jarabe de glucosa, glaseado de cacao 19% (Az\u00facar, Masa de cacao, grasas y aceites vegetales (Palma, karit\u00e9), Cacao en polvo, emulgente: (lecitina (Soja), E476), aroma), Leche entera, Producto a base de suero de leche, Az\u00facar, grasas [&hellip;]<\/p>\n","protected":false},"featured_media":2896,"template":"","meta":{"inline_featured_image":false},"product_brand":[],"product_cat":[175,174],"product_tag":[],"class_list":{"0":"post-3452","1":"product","2":"type-product","3":"status-publish","4":"has-post-thumbnail","6":"product_cat-karamel","7":"product_cat-konfety","9":"first","10":"instock","11":"shipping-taxable","12":"purchasable","13":"product-type-simple"},"acf":[],"_links":{"self":[{"href":"https:\/\/kalinkamagazin.com\/es\/wp-json\/wp\/v2\/product\/3452","targetHints":{"allow":["GET"]}}],"collection":[{"href":"https:\/\/kalinkamagazin.com\/es\/wp-json\/wp\/v2\/product"}],"about":[{"href":"https:\/\/kalinkamagazin.com\/es\/wp-json\/wp\/v2\/types\/product"}],"wp:featuredmedia":[{"embeddable":true,"href":"https:\/\/kalinkamagazin.com\/es\/wp-json\/wp\/v2\/media\/2896"}],"wp:attachment":[{"href":"https:\/\/kalinkamagazin.com\/es\/wp-json\/wp\/v2\/media?parent=3452"}],"wp:term":[{"taxonomy":"product_brand","embeddable":true,"href":"https:\/\/kalinkamagazin.com\/es\/wp-json\/wp\/v2\/product_brand?post=3452"},{"taxonomy":"product_cat","embeddable":true,"href":"https:\/\/kalinkamagazin.com\/es\/wp-json\/wp\/v2\/product_cat?post=3452"},{"taxonomy":"product_tag","embeddable":true,"href":"https:\/\/kalinkamagazin.com\/es\/wp-json\/wp\/v2\/product_tag?post=3452"}],"curies":[{"name":"wp","href":"https:\/\/api.w.org\/{rel}","templated":true}]}}