{"id":3454,"date":"2026-01-27T20:44:17","date_gmt":"2026-01-27T17:44:17","guid":{"rendered":"https:\/\/kalinkamagazin.com\/product\/6439-chocolate-kazakhstan\/"},"modified":"2026-01-27T20:44:17","modified_gmt":"2026-01-27T17:44:17","slug":"6439-chocolate-kazakhstan","status":"publish","type":"product","link":"https:\/\/kalinkamagazin.com\/es\/product\/6439-chocolate-kazakhstan\/","title":{"rendered":"Chocolate Kazakhstan."},"content":{"rendered":"<p>Chocolate \"Kazakhstan\".. Hecho en: Kazajist\u00e1n. Cacao: 45% m\u00ednimo. Ingredientes: Az\u00facar, Masa de cacao, Manteca de cacao, <b>Producto a base de suero de leche, <\/b><b>Leche entera en polvo, <\/b>emulgente: (lecitina <b>(soja)), <\/b>extracto de vainilla. Almacenar en un lugar fresco y seco. Consumir preferentemente antes de: ver impresi\u00f3n, segunda l\u00ednea. Comercializaci\u00f3n: Lackmann Fleisch- und Feinkostfabrik GmbH, Carl Benz Stra\u00dfe 10, 77731 Willst\u00e4tt, Alemania.  <!--NWT-Text-->Valores energ\u00e9ticos y nutricionales medios por 100g: Valor energ\u00e9tico: 2215 kJ \/ 532 kcal, Grasas: 32g, - de las cuales \u00e1cidos grasos saturados: 21g, Hidratos de Carbono: 50g, - de los cuales az\u00facares: 50g, Prote\u00ednas: 6,7g, Sal: 0,19g,  <!--NWT-Table--><\/p>\n<table>\n<tbody>\n<tr>\n<td colspan=\"2\">Valores energ\u00e9ticos y nutricionales medios por 100g:<\/td>\n<\/tr>\n<tr>\n<td>Valor energ\u00e9tico:<\/td>\n<td align = \"right\">2215 kJ\/532kcal<\/td>\n<\/tr>\n<tr>\n<td>Grasas:<\/td>\n<td align = \"right\">32g<\/td>\n<\/tr>\n<tr>\n<td>- de las cuales \u00e1cidos grasos saturados:<\/td>\n<td align = \"right\">21g<\/td>\n<\/tr>\n<tr>\n<td>Hidratos de Carbono:<\/td>\n<td align = \"right\">50g<\/td>\n<\/tr>\n<tr>\n<td>- de los cuales az\u00facares:<\/td>\n<td align = \"right\">50g<\/td>\n<\/tr>\n<tr>\n<td>Prote\u00ednas:<\/td>\n<td align = \"right\">6,7g<\/td>\n<\/tr>\n<tr>\n<td>Sal:<\/td>\n<td align = \"right\">0,19g<\/td>\n<\/tr>\n<\/tbody>\n<\/table>\n<p> <!--Bezeichnung-->Chocolate \"Kazakhstan\".. <\/p>\n","protected":false},"excerpt":{"rendered":"<p>Chocolate \"Kazakhstan\".. Hecho en: Kazajist\u00e1n. Cacao: 45% m\u00ednimo. Ingredientes: Az\u00facar, Masa de cacao, Manteca de cacao, Producto a base de suero de leche, Leche entera en polvo, emulgente: (lecitina (soja)), extracto de vainilla. Almacenar en un lugar fresco y seco. Consumir preferentemente antes de: ver impresi\u00f3n, segunda l\u00ednea. Comercializaci\u00f3n: Lackmann Fleisch- und Feinkostfabrik GmbH, Carl [&hellip;]<\/p>\n","protected":false},"featured_media":3375,"template":"","meta":{"inline_featured_image":false},"product_brand":[],"product_cat":[174,176],"product_tag":[],"class_list":{"0":"post-3454","1":"product","2":"type-product","3":"status-publish","4":"has-post-thumbnail","6":"product_cat-konfety","7":"product_cat-shokoladnye-konfety","9":"first","10":"instock","11":"shipping-taxable","12":"purchasable","13":"product-type-simple"},"acf":[],"_links":{"self":[{"href":"https:\/\/kalinkamagazin.com\/es\/wp-json\/wp\/v2\/product\/3454","targetHints":{"allow":["GET"]}}],"collection":[{"href":"https:\/\/kalinkamagazin.com\/es\/wp-json\/wp\/v2\/product"}],"about":[{"href":"https:\/\/kalinkamagazin.com\/es\/wp-json\/wp\/v2\/types\/product"}],"wp:featuredmedia":[{"embeddable":true,"href":"https:\/\/kalinkamagazin.com\/es\/wp-json\/wp\/v2\/media\/3375"}],"wp:attachment":[{"href":"https:\/\/kalinkamagazin.com\/es\/wp-json\/wp\/v2\/media?parent=3454"}],"wp:term":[{"taxonomy":"product_brand","embeddable":true,"href":"https:\/\/kalinkamagazin.com\/es\/wp-json\/wp\/v2\/product_brand?post=3454"},{"taxonomy":"product_cat","embeddable":true,"href":"https:\/\/kalinkamagazin.com\/es\/wp-json\/wp\/v2\/product_cat?post=3454"},{"taxonomy":"product_tag","embeddable":true,"href":"https:\/\/kalinkamagazin.com\/es\/wp-json\/wp\/v2\/product_tag?post=3454"}],"curies":[{"name":"wp","href":"https:\/\/api.w.org\/{rel}","templated":true}]}}