{"id":3455,"date":"2026-01-27T20:44:23","date_gmt":"2026-01-27T17:44:23","guid":{"rendered":"https:\/\/kalinkamagazin.com\/product\/7510-chucrut-ligeramente-salado-con-arndanos-rojos\/"},"modified":"2026-03-30T15:44:19","modified_gmt":"2026-03-30T12:44:19","slug":"7510-chucrut-ligeramente-salado-con-arndanos-rojos","status":"publish","type":"product","link":"https:\/\/kalinkamagazin.com\/es\/product\/7510-chucrut-ligeramente-salado-con-arndanos-rojos\/","title":{"rendered":"Chucrut, ligeramente salado, con ar\u00e1ndanos rojos."},"content":{"rendered":"<p>Chucrut, ligeramente salado, con ar\u00e1ndanos rojos. . Peso neto escurrido: 700g. Ingredientes: Repollo blanco 73%, agua, zanahorias, sal de calidad alimentaria, Az\u00facar, ar\u00e1ndanos rojos, Antioxidantes: (\u00c1cido asc\u00f3rbico), conservante: (sorbato pot\u00e1sico). Sin abrir y a +2 \u00b0C - +6 \u00b0C se conserva al menos hasta: v\u00e9ase la tapa. Comercializaci\u00f3n: Lackmann Fleisch- und Feinkostfabrik GmbH, Carl Benz Stra\u00dfe 10, 77731 Willst\u00e4tt, Alemania.  <!--NWT-Text-->Valores energ\u00e9ticos y nutricionales medios por 100g: Valor energ\u00e9tico: 141 kJ \/ 33 kcal, Grasas: <0,5g, - de las cuales \u00e1cidos grasos saturados: <0,1g, Hidratos de Carbono: 3,1g, - de los cuales az\u00facares: 1,9g, Prote\u00ednas: 1,4g, Sal: 1,3g,  <!--NWT-Table--><\/p>\n<table>\n<tbody>\n<tr>\n<td colspan=\"2\">Valores energ\u00e9ticos y nutricionales medios por 100g:<\/td>\n<\/tr>\n<tr>\n<td>Valor energ\u00e9tico:<\/td>\n<td align = \"right\">141 kJ\/33kcal<\/td>\n<\/tr>\n<tr>\n<td>Grasas:<\/td>\n<td align = \"right\"><0,5g<\/td>\n<\/tr>\n<tr>\n<td>- de las cuales \u00e1cidos grasos saturados:<\/td>\n<td align = \"right\"><0,1g<\/td>\n<\/tr>\n<tr>\n<td>Hidratos de Carbono:<\/td>\n<td align = \"right\">3,1g<\/td>\n<\/tr>\n<tr>\n<td>- de los cuales az\u00facares:<\/td>\n<td align = \"right\">1,9g<\/td>\n<\/tr>\n<tr>\n<td>Prote\u00ednas:<\/td>\n<td align = \"right\">1,4g<\/td>\n<\/tr>\n<tr>\n<td>Sal:<\/td>\n<td align = \"right\">1,3g<\/td>\n<\/tr>\n<\/tbody>\n<\/table>\n<p> <!--Bezeichnung-->Chucrut, ligeramente salado, con ar\u00e1ndanos rojos. . <\/p>\n","protected":false},"excerpt":{"rendered":"<p>Chucrut, ligeramente salado, con ar\u00e1ndanos rojos. . Peso neto escurrido: 700g. Ingredientes: Repollo blanco 73%, agua, zanahorias, sal de calidad alimentaria, Az\u00facar, ar\u00e1ndanos rojos, Antioxidantes: (\u00c1cido asc\u00f3rbico), conservante: (sorbato pot\u00e1sico). Sin abrir y a +2 \u00b0C - +6 \u00b0C se conserva al menos hasta: v\u00e9ase la tapa. Comercializaci\u00f3n: Lackmann Fleisch- und Feinkostfabrik GmbH, Carl Benz [&hellip;]<\/p>\n","protected":false},"featured_media":2893,"template":"","meta":{"inline_featured_image":false},"product_brand":[],"product_cat":[202,128,131],"product_tag":[],"class_list":{"0":"post-3455","1":"product","2":"type-product","3":"status-publish","4":"has-post-thumbnail","6":"product_cat-ensaladas-en-conserva","7":"product_cat-konservacziya","8":"product_cat-salaty","10":"first","11":"instock","12":"shipping-taxable","13":"purchasable","14":"product-type-simple"},"acf":[],"_links":{"self":[{"href":"https:\/\/kalinkamagazin.com\/es\/wp-json\/wp\/v2\/product\/3455","targetHints":{"allow":["GET"]}}],"collection":[{"href":"https:\/\/kalinkamagazin.com\/es\/wp-json\/wp\/v2\/product"}],"about":[{"href":"https:\/\/kalinkamagazin.com\/es\/wp-json\/wp\/v2\/types\/product"}],"wp:featuredmedia":[{"embeddable":true,"href":"https:\/\/kalinkamagazin.com\/es\/wp-json\/wp\/v2\/media\/2893"}],"wp:attachment":[{"href":"https:\/\/kalinkamagazin.com\/es\/wp-json\/wp\/v2\/media?parent=3455"}],"wp:term":[{"taxonomy":"product_brand","embeddable":true,"href":"https:\/\/kalinkamagazin.com\/es\/wp-json\/wp\/v2\/product_brand?post=3455"},{"taxonomy":"product_cat","embeddable":true,"href":"https:\/\/kalinkamagazin.com\/es\/wp-json\/wp\/v2\/product_cat?post=3455"},{"taxonomy":"product_tag","embeddable":true,"href":"https:\/\/kalinkamagazin.com\/es\/wp-json\/wp\/v2\/product_tag?post=3455"}],"curies":[{"name":"wp","href":"https:\/\/api.w.org\/{rel}","templated":true}]}}