{"id":3456,"date":"2026-01-27T20:44:28","date_gmt":"2026-01-27T17:44:28","guid":{"rendered":"https:\/\/kalinkamagazin.com\/product\/7284-confitera-de-espuma-con-glaseado-de-grasa-de-cacao\/"},"modified":"2026-01-27T20:44:28","modified_gmt":"2026-01-27T17:44:28","slug":"7284-confitera-de-espuma-con-glaseado-de-grasa-de-cacao","status":"publish","type":"product","link":"https:\/\/kalinkamagazin.com\/es\/product\/7284-confitera-de-espuma-con-glaseado-de-grasa-de-cacao\/","title":{"rendered":"Confiter\u00eda de espuma con glaseado de grasa de cacao"},"content":{"rendered":"<p>Nube con y sin glaseado que contiene cacao. . Ingredientes: Az\u00facar, Jarabe de glucosa, agua potable, glaseado de cacao 12% (Az\u00facar, grasa d\u2018almendra de palma, Cacao en polvo 15%, emulgente: E322 <b>(Soja), <\/b>aromas), Pur\u00e9 de manzana, <b>clara de huevo de gallina, <\/b>gelificante: E440, corrector de acidez: E270, humectante: E325, conservante: <b>di\u00f3xido de azufre, <\/b>aroma. Contenido de cacao con relaci\u00f3n a todo el producto 1,8%. Almacenar en un lugar fresco y seco. Proteger de la radiaci\u00f3n solar directa. Consumir preferentemente antes de: Valores energ\u00e9ticos y nutricionales medios por 100g: Fibra 1g. Comercializaci\u00f3n:  Lackmann Fleisch- und Feinkostfabrik GmbH, Carl-Benz-Stra\u00dfe 10, 77731 Willst\u00e4tt, Deutschland.  <!--NWT-Text-->Valores energ\u00e9ticos y nutricionales medios por 100g: Valor energ\u00e9tico: 1387 kJ \/ 327 kcal, Grasas: 4,1g, - de las cuales \u00e1cidos grasos saturados: 3,5g, Hidratos de Carbono: 71g, - de los cuales az\u00facares: 68g, Prote\u00ednas: 1,0g, Sal: 0,03g,  <!--NWT-Table--><\/p>\n<table>\n<tbody>\n<tr>\n<td colspan=\"2\">Valores energ\u00e9ticos y nutricionales medios por 100g:<\/td>\n<\/tr>\n<tr>\n<td>Valor energ\u00e9tico:<\/td>\n<td align = \"right\">1387 kJ\/327kcal<\/td>\n<\/tr>\n<tr>\n<td>Grasas:<\/td>\n<td align = \"right\">4,1g<\/td>\n<\/tr>\n<tr>\n<td>- de las cuales \u00e1cidos grasos saturados:<\/td>\n<td align = \"right\">3,5g<\/td>\n<\/tr>\n<tr>\n<td>Hidratos de Carbono:<\/td>\n<td align = \"right\">71g<\/td>\n<\/tr>\n<tr>\n<td>- de los cuales az\u00facares:<\/td>\n<td align = \"right\">68g<\/td>\n<\/tr>\n<tr>\n<td>Prote\u00ednas:<\/td>\n<td align = \"right\">1,0g<\/td>\n<\/tr>\n<tr>\n<td>Sal:<\/td>\n<td align = \"right\">0,03g<\/td>\n<\/tr>\n<\/tbody>\n<\/table>\n<p> <!--Bezeichnung-->Nube con y sin glaseado que contiene cacao. . <\/p>\n","protected":false},"excerpt":{"rendered":"<p>Nube con y sin glaseado que contiene cacao. . Ingredientes: Az\u00facar, Jarabe de glucosa, agua potable, glaseado de cacao 12% (Az\u00facar, grasa d\u2018almendra de palma, Cacao en polvo 15%, emulgente: E322 (Soja), aromas), Pur\u00e9 de manzana, clara de huevo de gallina, gelificante: E440, corrector de acidez: E270, humectante: E325, conservante: di\u00f3xido de azufre, aroma. Contenido [&hellip;]<\/p>\n","protected":false},"featured_media":2853,"template":"","meta":{"inline_featured_image":false},"product_brand":[],"product_cat":[167,164],"product_tag":[],"class_list":{"0":"post-3456","1":"product","2":"type-product","3":"status-publish","4":"has-post-thumbnail","6":"product_cat-zefir","7":"product_cat-sladosti-i-vypechka","9":"first","10":"instock","11":"shipping-taxable","12":"purchasable","13":"product-type-simple"},"acf":[],"_links":{"self":[{"href":"https:\/\/kalinkamagazin.com\/es\/wp-json\/wp\/v2\/product\/3456","targetHints":{"allow":["GET"]}}],"collection":[{"href":"https:\/\/kalinkamagazin.com\/es\/wp-json\/wp\/v2\/product"}],"about":[{"href":"https:\/\/kalinkamagazin.com\/es\/wp-json\/wp\/v2\/types\/product"}],"wp:featuredmedia":[{"embeddable":true,"href":"https:\/\/kalinkamagazin.com\/es\/wp-json\/wp\/v2\/media\/2853"}],"wp:attachment":[{"href":"https:\/\/kalinkamagazin.com\/es\/wp-json\/wp\/v2\/media?parent=3456"}],"wp:term":[{"taxonomy":"product_brand","embeddable":true,"href":"https:\/\/kalinkamagazin.com\/es\/wp-json\/wp\/v2\/product_brand?post=3456"},{"taxonomy":"product_cat","embeddable":true,"href":"https:\/\/kalinkamagazin.com\/es\/wp-json\/wp\/v2\/product_cat?post=3456"},{"taxonomy":"product_tag","embeddable":true,"href":"https:\/\/kalinkamagazin.com\/es\/wp-json\/wp\/v2\/product_tag?post=3456"}],"curies":[{"name":"wp","href":"https:\/\/api.w.org\/{rel}","templated":true}]}}