{"id":3457,"date":"2026-01-27T20:44:35","date_gmt":"2026-01-27T17:44:35","guid":{"rendered":"https:\/\/kalinkamagazin.com\/product\/7071-crema-agria-18-grasa-con-tratamiento-trmico\/"},"modified":"2026-01-27T20:44:35","modified_gmt":"2026-01-27T17:44:35","slug":"7071-crema-agria-18-grasa-con-tratamiento-trmico","status":"publish","type":"product","link":"https:\/\/kalinkamagazin.com\/es\/product\/7071-crema-agria-18-grasa-con-tratamiento-trmico\/","title":{"rendered":"Crema agria 18% grasa, con tratamiento t\u00e9rmico"},"content":{"rendered":"<p>Crema agria 18% grasa, con tratamiento t\u00e9rmico. Ingredientes: <b>Nata, <\/b>Almid\u00f3n modificado, espesantes: (pectinas), bacterias l\u00e1cticas. A un m\u00e1ximo de +8\u00b0C Consumir preferentemente antes del fin de ver impresi\u00f3n. Comercializaci\u00f3n: Lackmann Fleisch- und Feinkostfabrik GmbH, Carl Benz Stra\u00dfe 10, 77731 Willst\u00e4tt, Alemania.  <!--NWT-Text-->Valores energ\u00e9ticos y nutricionales medios por 100g: Valor energ\u00e9tico: 780 kJ \/ 189 kcal, Grasas: 18g, - de las cuales \u00e1cidos grasos saturados: 12g, Hidratos de Carbono: 4,0g, - de los cuales az\u00facares: 4,0g, Prote\u00ednas: 2,7g, Sal: 0,15g,  <!--NWT-Table--><\/p>\n<table>\n<tbody>\n<tr>\n<td colspan=\"2\">Valores energ\u00e9ticos y nutricionales medios por 100g:<\/td>\n<\/tr>\n<tr>\n<td>Valor energ\u00e9tico:<\/td>\n<td align = \"right\">780 kJ\/189kcal<\/td>\n<\/tr>\n<tr>\n<td>Grasas:<\/td>\n<td align = \"right\">18g<\/td>\n<\/tr>\n<tr>\n<td>- de las cuales \u00e1cidos grasos saturados:<\/td>\n<td align = \"right\">12g<\/td>\n<\/tr>\n<tr>\n<td>Hidratos de Carbono:<\/td>\n<td align = \"right\">4,0g<\/td>\n<\/tr>\n<tr>\n<td>- de los cuales az\u00facares:<\/td>\n<td align = \"right\">4,0g<\/td>\n<\/tr>\n<tr>\n<td>Prote\u00ednas:<\/td>\n<td align = \"right\">2,7g<\/td>\n<\/tr>\n<tr>\n<td>Sal:<\/td>\n<td align = \"right\">0,15g<\/td>\n<\/tr>\n<\/tbody>\n<\/table>\n<p> <!--Bezeichnung-->Crema agria 18% grasa, con tratamiento t\u00e9rmico. <\/p>\n","protected":false},"excerpt":{"rendered":"<p>Crema agria 18% grasa, con tratamiento t\u00e9rmico. Ingredientes: Nata, Almid\u00f3n modificado, espesantes: (pectinas), bacterias l\u00e1cticas. A un m\u00e1ximo de +8\u00b0C Consumir preferentemente antes del fin de ver impresi\u00f3n. Comercializaci\u00f3n: Lackmann Fleisch- und Feinkostfabrik GmbH, Carl Benz Stra\u00dfe 10, 77731 Willst\u00e4tt, Alemania. Valores energ\u00e9ticos y nutricionales medios por 100g: Valor energ\u00e9tico: 780 kJ \/ 189 kcal, [&hellip;]<\/p>\n","protected":false},"featured_media":3272,"template":"","meta":{"inline_featured_image":false},"product_brand":[],"product_cat":[121,119],"product_tag":[],"class_list":{"0":"post-3457","1":"product","2":"type-product","3":"status-publish","4":"has-post-thumbnail","6":"product_cat-kislomolochnye-produkty","7":"product_cat-molochnye-produkty","9":"first","10":"instock","11":"shipping-taxable","12":"purchasable","13":"product-type-simple"},"acf":[],"_links":{"self":[{"href":"https:\/\/kalinkamagazin.com\/es\/wp-json\/wp\/v2\/product\/3457","targetHints":{"allow":["GET"]}}],"collection":[{"href":"https:\/\/kalinkamagazin.com\/es\/wp-json\/wp\/v2\/product"}],"about":[{"href":"https:\/\/kalinkamagazin.com\/es\/wp-json\/wp\/v2\/types\/product"}],"wp:featuredmedia":[{"embeddable":true,"href":"https:\/\/kalinkamagazin.com\/es\/wp-json\/wp\/v2\/media\/3272"}],"wp:attachment":[{"href":"https:\/\/kalinkamagazin.com\/es\/wp-json\/wp\/v2\/media?parent=3457"}],"wp:term":[{"taxonomy":"product_brand","embeddable":true,"href":"https:\/\/kalinkamagazin.com\/es\/wp-json\/wp\/v2\/product_brand?post=3457"},{"taxonomy":"product_cat","embeddable":true,"href":"https:\/\/kalinkamagazin.com\/es\/wp-json\/wp\/v2\/product_cat?post=3457"},{"taxonomy":"product_tag","embeddable":true,"href":"https:\/\/kalinkamagazin.com\/es\/wp-json\/wp\/v2\/product_tag?post=3457"}],"curies":[{"name":"wp","href":"https:\/\/api.w.org\/{rel}","templated":true}]}}