{"id":3458,"date":"2026-01-27T20:44:40","date_gmt":"2026-01-27T17:44:40","guid":{"rendered":"https:\/\/kalinkamagazin.com\/product\/8298-dulce-de-harina-con-relleno\/"},"modified":"2026-01-27T20:44:40","modified_gmt":"2026-01-27T17:44:40","slug":"8298-dulce-de-harina-con-relleno","status":"publish","type":"product","link":"https:\/\/kalinkamagazin.com\/es\/product\/8298-dulce-de-harina-con-relleno\/","title":{"rendered":"Dulce de harina con relleno"},"content":{"rendered":"<p> Dulce de harina con relleno . Ingredientes: Relleno 49% (Az\u00facar, agua, <b>Leche desnatada en polvo, <\/b>Grasa de palma, espesantes: (Almid\u00f3n modificado, E509, E407, E440), estabilizadores: (E451, E452), conservante: (E202)), <b>harina de trigo, <\/b>Grasa de confiter\u00eda: (grasas y aceites vegetales: (Palma, Colza), agua, emulgentes: (E471, lecitina), sal de calidad alimentaria, colorante: (E160a), aroma), Az\u00facar, <b>huevo completo en polvo , <\/b>Jarabe de glucosa, gasificante: (E450, E500), conservante: (E200), sal de calidad alimentaria, aroma. Este producto puede tener trazas de: <b>Centeno, <\/b><b>cebada, <\/b><b>Avena, <\/b><b>cacahuetes, <\/b><b>Soja, <\/b><b>avellanas, <\/b><b>Nueces, <\/b><b>S\u00e9samo. <\/b>Almacenar en un lugar fresco y seco. Consumir preferentemente antes de: ver etiqueta. Comercializaci\u00f3n: Lackmann Fleisch- und Feinkostfabrik GmbH, Carl Benz Stra\u00dfe 10, 77731 Willst\u00e4tt, Alemania.  <!--NWT-Text-->Valores energ\u00e9ticos y nutricionales medios por 100g: Valor energ\u00e9tico: 1776 kJ \/ 424 kcal, Grasas: 20g, - de las cuales \u00e1cidos grasos saturados: 8,5g, Hidratos de Carbono: 55g, - de los cuales az\u00facares: 29g, Prote\u00ednas: 6,6g, Sal: 0,30g,  <!--NWT-Table--><\/p>\n<table>\n<tbody>\n<tr>\n<td colspan=\"2\">Valores energ\u00e9ticos y nutricionales medios por 100g:<\/td>\n<\/tr>\n<tr>\n<td>Valor energ\u00e9tico:<\/td>\n<td align = \"right\">1776 kJ\/424kcal<\/td>\n<\/tr>\n<tr>\n<td>Grasas:<\/td>\n<td align = \"right\">20g<\/td>\n<\/tr>\n<tr>\n<td>- de las cuales \u00e1cidos grasos saturados:<\/td>\n<td align = \"right\">8,5g<\/td>\n<\/tr>\n<tr>\n<td>Hidratos de Carbono:<\/td>\n<td align = \"right\">55g<\/td>\n<\/tr>\n<tr>\n<td>- de los cuales az\u00facares:<\/td>\n<td align = \"right\">29g<\/td>\n<\/tr>\n<tr>\n<td>Prote\u00ednas:<\/td>\n<td align = \"right\">6,6g<\/td>\n<\/tr>\n<tr>\n<td>Sal:<\/td>\n<td align = \"right\">0,30g<\/td>\n<\/tr>\n<\/tbody>\n<\/table>\n<p> <!--Bezeichnung--> Dulce de harina con relleno . <\/p>\n","protected":false},"excerpt":{"rendered":"<p>Dulce de harina con relleno . Ingredientes: Relleno 49% (Az\u00facar, agua, Leche desnatada en polvo, Grasa de palma, espesantes: (Almid\u00f3n modificado, E509, E407, E440), estabilizadores: (E451, E452), conservante: (E202)), harina de trigo, Grasa de confiter\u00eda: (grasas y aceites vegetales: (Palma, Colza), agua, emulgentes: (E471, lecitina), sal de calidad alimentaria, colorante: (E160a), aroma), Az\u00facar, huevo completo [&hellip;]<\/p>\n","protected":false},"featured_media":3146,"template":"","meta":{"inline_featured_image":false},"product_brand":[],"product_cat":[169,164],"product_tag":[],"class_list":{"0":"post-3458","1":"product","2":"type-product","3":"status-publish","4":"has-post-thumbnail","6":"product_cat-pechene","7":"product_cat-sladosti-i-vypechka","9":"first","10":"instock","11":"shipping-taxable","12":"purchasable","13":"product-type-simple"},"acf":[],"_links":{"self":[{"href":"https:\/\/kalinkamagazin.com\/es\/wp-json\/wp\/v2\/product\/3458","targetHints":{"allow":["GET"]}}],"collection":[{"href":"https:\/\/kalinkamagazin.com\/es\/wp-json\/wp\/v2\/product"}],"about":[{"href":"https:\/\/kalinkamagazin.com\/es\/wp-json\/wp\/v2\/types\/product"}],"wp:featuredmedia":[{"embeddable":true,"href":"https:\/\/kalinkamagazin.com\/es\/wp-json\/wp\/v2\/media\/3146"}],"wp:attachment":[{"href":"https:\/\/kalinkamagazin.com\/es\/wp-json\/wp\/v2\/media?parent=3458"}],"wp:term":[{"taxonomy":"product_brand","embeddable":true,"href":"https:\/\/kalinkamagazin.com\/es\/wp-json\/wp\/v2\/product_brand?post=3458"},{"taxonomy":"product_cat","embeddable":true,"href":"https:\/\/kalinkamagazin.com\/es\/wp-json\/wp\/v2\/product_cat?post=3458"},{"taxonomy":"product_tag","embeddable":true,"href":"https:\/\/kalinkamagazin.com\/es\/wp-json\/wp\/v2\/product_tag?post=3458"}],"curies":[{"name":"wp","href":"https:\/\/api.w.org\/{rel}","templated":true}]}}