{"id":3459,"date":"2026-01-27T20:44:47","date_gmt":"2026-01-27T17:44:47","guid":{"rendered":"https:\/\/kalinkamagazin.com\/product\/6801-dulce-de-harina-con-relleno-con-sabor-a-arndanos\/"},"modified":"2026-01-27T20:44:47","modified_gmt":"2026-01-27T17:44:47","slug":"6801-dulce-de-harina-con-relleno-con-sabor-a-arndanos","status":"publish","type":"product","link":"https:\/\/kalinkamagazin.com\/es\/product\/6801-dulce-de-harina-con-relleno-con-sabor-a-arndanos\/","title":{"rendered":"Dulce de harina con relleno con sabor a ar\u00e1ndanos."},"content":{"rendered":"<p>Dulce de harina con relleno con sabor a ar\u00e1ndanos.. Ingredientes: <b>harina de trigo, <\/b>Relleno Con sabor a ar\u00e1ndanos 26% (Pur\u00e9 de manzana, Az\u00facar, jarabe de glucosa, espesantes (E440), corrector de acidez (E330), conservante (E202), Pur\u00e9 de aronias, aroma), Az\u00facar, Grasa de palma, Jarabe de az\u00facar invertido (Az\u00facar, agua, corrector de acidez E330), gasificante: (E503, E500), aroma, sal de calidad alimentaria, colorante E160a. Este producto puede tener trazas de: <b>Leche, <\/b><b>Huevo, <\/b><b>Soja, <\/b><b>S\u00e9samo, <\/b><b>Sulfitos, <\/b><b>cacahuetes, <\/b><b>avellanas, <\/b><b>Almendras. <\/b>Almacenar en un lugar fresco y seco. Fabricante: OLA Sp. z o. o. \u2013 Ciastek, Wafli i Piernik\u00f3w, 05-640 Mogielnica Krzy\u017cowa 7, Polska.  la-ciastka@wp.pl, Sin abrir, consumir preferentemente antes de:  <!--NWT-Text-->Valores energ\u00e9ticos y nutricionales medios por 100g: Valor energ\u00e9tico: 1829 kJ \/ 436 kcal, Grasas: 18g, - de las cuales \u00e1cidos grasos saturados: 9,0g, Hidratos de Carbono: 63g, - de los cuales az\u00facares: 33g, Prote\u00ednas: 4,0g, Sal: 0,12g,  <!--NWT-Table--><\/p>\n<table>\n<tbody>\n<tr>\n<td colspan=\"2\">Valores energ\u00e9ticos y nutricionales medios por 100g:<\/td>\n<\/tr>\n<tr>\n<td>Valor energ\u00e9tico:<\/td>\n<td align = \"right\">1829 kJ\/436kcal<\/td>\n<\/tr>\n<tr>\n<td>Grasas:<\/td>\n<td align = \"right\">18g<\/td>\n<\/tr>\n<tr>\n<td>- de las cuales \u00e1cidos grasos saturados:<\/td>\n<td align = \"right\">9,0g<\/td>\n<\/tr>\n<tr>\n<td>Hidratos de Carbono:<\/td>\n<td align = \"right\">63g<\/td>\n<\/tr>\n<tr>\n<td>- de los cuales az\u00facares:<\/td>\n<td align = \"right\">33g<\/td>\n<\/tr>\n<tr>\n<td>Prote\u00ednas:<\/td>\n<td align = \"right\">4,0g<\/td>\n<\/tr>\n<tr>\n<td>Sal:<\/td>\n<td align = \"right\">0,12g<\/td>\n<\/tr>\n<\/tbody>\n<\/table>\n<p> <!--Bezeichnung-->Dulce de harina con relleno con sabor a ar\u00e1ndanos.. <\/p>\n","protected":false},"excerpt":{"rendered":"<p>Dulce de harina con relleno con sabor a ar\u00e1ndanos.. Ingredientes: harina de trigo, Relleno Con sabor a ar\u00e1ndanos 26% (Pur\u00e9 de manzana, Az\u00facar, jarabe de glucosa, espesantes (E440), corrector de acidez (E330), conservante (E202), Pur\u00e9 de aronias, aroma), Az\u00facar, Grasa de palma, Jarabe de az\u00facar invertido (Az\u00facar, agua, corrector de acidez E330), gasificante: (E503, E500), [&hellip;]<\/p>\n","protected":false},"featured_media":3150,"template":"","meta":{"inline_featured_image":false},"product_brand":[],"product_cat":[169,164],"product_tag":[],"class_list":{"0":"post-3459","1":"product","2":"type-product","3":"status-publish","4":"has-post-thumbnail","6":"product_cat-pechene","7":"product_cat-sladosti-i-vypechka","9":"first","10":"instock","11":"shipping-taxable","12":"purchasable","13":"product-type-simple"},"acf":[],"_links":{"self":[{"href":"https:\/\/kalinkamagazin.com\/es\/wp-json\/wp\/v2\/product\/3459","targetHints":{"allow":["GET"]}}],"collection":[{"href":"https:\/\/kalinkamagazin.com\/es\/wp-json\/wp\/v2\/product"}],"about":[{"href":"https:\/\/kalinkamagazin.com\/es\/wp-json\/wp\/v2\/types\/product"}],"wp:featuredmedia":[{"embeddable":true,"href":"https:\/\/kalinkamagazin.com\/es\/wp-json\/wp\/v2\/media\/3150"}],"wp:attachment":[{"href":"https:\/\/kalinkamagazin.com\/es\/wp-json\/wp\/v2\/media?parent=3459"}],"wp:term":[{"taxonomy":"product_brand","embeddable":true,"href":"https:\/\/kalinkamagazin.com\/es\/wp-json\/wp\/v2\/product_brand?post=3459"},{"taxonomy":"product_cat","embeddable":true,"href":"https:\/\/kalinkamagazin.com\/es\/wp-json\/wp\/v2\/product_cat?post=3459"},{"taxonomy":"product_tag","embeddable":true,"href":"https:\/\/kalinkamagazin.com\/es\/wp-json\/wp\/v2\/product_tag?post=3459"}],"curies":[{"name":"wp","href":"https:\/\/api.w.org\/{rel}","templated":true}]}}