{"id":3460,"date":"2026-01-27T20:44:54","date_gmt":"2026-01-27T17:44:54","guid":{"rendered":"https:\/\/kalinkamagazin.com\/product\/6800-dulce-de-harina-con-relleno-con-sabor-a-manzana\/"},"modified":"2026-01-27T20:44:54","modified_gmt":"2026-01-27T17:44:54","slug":"6800-dulce-de-harina-con-relleno-con-sabor-a-manzana","status":"publish","type":"product","link":"https:\/\/kalinkamagazin.com\/es\/product\/6800-dulce-de-harina-con-relleno-con-sabor-a-manzana\/","title":{"rendered":"Dulce de harina con relleno con sabor a manzana"},"content":{"rendered":"<p>Dulce de harina con relleno con sabor a manzana. Ingredientes: <b>harina de trigo, <\/b>Relleno Con sabor a manzana 27% (Pur\u00e9 de manzana 49%, Az\u00facar, Pur\u00e9 de ciruelas, espesantes (E440), corrector de acidez (E330), Canela, conservante (E202), aromas), Az\u00facar, Grasa de palma, Jarabe de az\u00facar invertido (Az\u00facar, agua, corrector de acidez E330), gasificante (E503, E500), aroma, sal de calidad alimentaria, colorante (E160a). Este producto puede tener trazas de: <b>Leche, <\/b><b>huevos, <\/b><b>Soja, <\/b><b>S\u00e9samo, <\/b><b>Sulfitos, <\/b><b>avellanas, <\/b><b>cacahuetes, <\/b><b>Almendras. <\/b>Almacenar en un lugar fresco y seco. Consumir preferentemente antes de: Fabricante: OLA Sp. z o. o. \u2013 Ciastek, Wafli i Piernik\u00f3w, 05-640 Mogielnica Krzy\u017cowa 7, Polska.  la-ciastka@wp.pl,  <!--NWT-Text-->Valores energ\u00e9ticos y nutricionales medios por 100g: Valor energ\u00e9tico: 1812 kJ \/ 432 kcal, Grasas: 18g, - de las cuales \u00e1cidos grasos saturados: 9,0g, Hidratos de Carbono: 63g, - de los cuales az\u00facares: 32g, Prote\u00ednas: 4,0g, Sal: 0,11g,  <!--NWT-Table--><\/p>\n<table>\n<tbody>\n<tr>\n<td colspan=\"2\">Valores energ\u00e9ticos y nutricionales medios por 100g:<\/td>\n<\/tr>\n<tr>\n<td>Valor energ\u00e9tico:<\/td>\n<td align = \"right\">1812 kJ\/432kcal<\/td>\n<\/tr>\n<tr>\n<td>Grasas:<\/td>\n<td align = \"right\">18g<\/td>\n<\/tr>\n<tr>\n<td>- de las cuales \u00e1cidos grasos saturados:<\/td>\n<td align = \"right\">9,0g<\/td>\n<\/tr>\n<tr>\n<td>Hidratos de Carbono:<\/td>\n<td align = \"right\">63g<\/td>\n<\/tr>\n<tr>\n<td>- de los cuales az\u00facares:<\/td>\n<td align = \"right\">32g<\/td>\n<\/tr>\n<tr>\n<td>Prote\u00ednas:<\/td>\n<td align = \"right\">4,0g<\/td>\n<\/tr>\n<tr>\n<td>Sal:<\/td>\n<td align = \"right\">0,11g<\/td>\n<\/tr>\n<\/tbody>\n<\/table>\n<p> <!--Bezeichnung-->Dulce de harina con relleno con sabor a manzana. <\/p>\n","protected":false},"excerpt":{"rendered":"<p>Dulce de harina con relleno con sabor a manzana. Ingredientes: harina de trigo, Relleno Con sabor a manzana 27% (Pur\u00e9 de manzana 49%, Az\u00facar, Pur\u00e9 de ciruelas, espesantes (E440), corrector de acidez (E330), Canela, conservante (E202), aromas), Az\u00facar, Grasa de palma, Jarabe de az\u00facar invertido (Az\u00facar, agua, corrector de acidez E330), gasificante (E503, E500), aroma, [&hellip;]<\/p>\n","protected":false},"featured_media":3153,"template":"","meta":{"inline_featured_image":false},"product_brand":[],"product_cat":[169,164],"product_tag":[],"class_list":{"0":"post-3460","1":"product","2":"type-product","3":"status-publish","4":"has-post-thumbnail","6":"product_cat-pechene","7":"product_cat-sladosti-i-vypechka","9":"first","10":"instock","11":"shipping-taxable","12":"purchasable","13":"product-type-simple"},"acf":[],"_links":{"self":[{"href":"https:\/\/kalinkamagazin.com\/es\/wp-json\/wp\/v2\/product\/3460","targetHints":{"allow":["GET"]}}],"collection":[{"href":"https:\/\/kalinkamagazin.com\/es\/wp-json\/wp\/v2\/product"}],"about":[{"href":"https:\/\/kalinkamagazin.com\/es\/wp-json\/wp\/v2\/types\/product"}],"wp:featuredmedia":[{"embeddable":true,"href":"https:\/\/kalinkamagazin.com\/es\/wp-json\/wp\/v2\/media\/3153"}],"wp:attachment":[{"href":"https:\/\/kalinkamagazin.com\/es\/wp-json\/wp\/v2\/media?parent=3460"}],"wp:term":[{"taxonomy":"product_brand","embeddable":true,"href":"https:\/\/kalinkamagazin.com\/es\/wp-json\/wp\/v2\/product_brand?post=3460"},{"taxonomy":"product_cat","embeddable":true,"href":"https:\/\/kalinkamagazin.com\/es\/wp-json\/wp\/v2\/product_cat?post=3460"},{"taxonomy":"product_tag","embeddable":true,"href":"https:\/\/kalinkamagazin.com\/es\/wp-json\/wp\/v2\/product_tag?post=3460"}],"curies":[{"name":"wp","href":"https:\/\/api.w.org\/{rel}","templated":true}]}}