{"id":3461,"date":"2026-01-27T20:45:06","date_gmt":"2026-01-27T17:45:06","guid":{"rendered":"https:\/\/kalinkamagazin.com\/product\/6379-dulce-de-harina-con-sabor-de-leche-al-horno\/"},"modified":"2026-01-27T20:45:06","modified_gmt":"2026-01-27T17:45:06","slug":"6379-dulce-de-harina-con-sabor-de-leche-al-horno","status":"publish","type":"product","link":"https:\/\/kalinkamagazin.com\/es\/product\/6379-dulce-de-harina-con-sabor-de-leche-al-horno\/","title":{"rendered":"Dulce de harina con sabor de leche al horno"},"content":{"rendered":"<p>Dulce de harina con sabor de leche al horno. Ingredientes: <b>harina de trigo, <\/b>Az\u00facar, Jarabe de az\u00facar invertido (Az\u00facar, agua, corrector de acidez: (E330, E500)), agua, Jarabe de glucosa y fructosa, aceite de colza, Dextrosa, gasificante: (E500, E503), Jarabe de az\u00facar caramelizado, aroma. Este producto puede tener trazas de: <b>Avena, <\/b><b>mostaza, <\/b><b>Centeno, <\/b><b>cebada, <\/b><b>Leche, <\/b><b>cacahuetes, <\/b><b>frutos de c\u00e1scara (nueces), <\/b><b>Soja, <\/b><b>S\u00e9samo. <\/b>Almacenar en un lugar fresco y seco. Comercializaci\u00f3n: Lackmann Fleisch- und Feinkostfabrik GmbH, Carl Benz Stra\u00dfe 10, 77731 Willst\u00e4tt, Alemania. Consumir preferentemente antes de: v\u00e9ase en el envase, ver parte frontal.  <!--NWT-Text-->Valores energ\u00e9ticos y nutricionales medios por 100g: Valor energ\u00e9tico: 1514 kJ \/ 357 kcal, Grasas: 3,3g, - de las cuales \u00e1cidos grasos saturados: 0,5g, Hidratos de Carbono: 77g, - de los cuales az\u00facares: 41g, Prote\u00ednas: 5,4g, Sal: 0,40g,  <!--NWT-Table--><\/p>\n<table>\n<tbody>\n<tr>\n<td colspan=\"2\">Valores energ\u00e9ticos y nutricionales medios por 100g:<\/td>\n<\/tr>\n<tr>\n<td>Valor energ\u00e9tico:<\/td>\n<td align = \"right\">1514 kJ\/357kcal<\/td>\n<\/tr>\n<tr>\n<td>Grasas:<\/td>\n<td align = \"right\">3,3g<\/td>\n<\/tr>\n<tr>\n<td>- de las cuales \u00e1cidos grasos saturados:<\/td>\n<td align = \"right\">0,5g<\/td>\n<\/tr>\n<tr>\n<td>Hidratos de Carbono:<\/td>\n<td align = \"right\">77g<\/td>\n<\/tr>\n<tr>\n<td>- de los cuales az\u00facares:<\/td>\n<td align = \"right\">41g<\/td>\n<\/tr>\n<tr>\n<td>Prote\u00ednas:<\/td>\n<td align = \"right\">5,4g<\/td>\n<\/tr>\n<tr>\n<td>Sal:<\/td>\n<td align = \"right\">0,40g<\/td>\n<\/tr>\n<\/tbody>\n<\/table>\n<p> <!--Bezeichnung-->Dulce de harina con sabor de leche al horno. <\/p>\n","protected":false},"excerpt":{"rendered":"<p>Dulce de harina con sabor de leche al horno. Ingredientes: harina de trigo, Az\u00facar, Jarabe de az\u00facar invertido (Az\u00facar, agua, corrector de acidez: (E330, E500)), agua, Jarabe de glucosa y fructosa, aceite de colza, Dextrosa, gasificante: (E500, E503), Jarabe de az\u00facar caramelizado, aroma. Este producto puede tener trazas de: Avena, mostaza, Centeno, cebada, Leche, cacahuetes, [&hellip;]<\/p>\n","protected":false},"featured_media":3221,"template":"","meta":{"inline_featured_image":false},"product_brand":[],"product_cat":[166,164],"product_tag":[],"class_list":{"0":"post-3461","1":"product","2":"type-product","3":"status-publish","4":"has-post-thumbnail","6":"product_cat-pryaniki","7":"product_cat-sladosti-i-vypechka","9":"first","10":"instock","11":"shipping-taxable","12":"purchasable","13":"product-type-simple"},"acf":[],"_links":{"self":[{"href":"https:\/\/kalinkamagazin.com\/es\/wp-json\/wp\/v2\/product\/3461","targetHints":{"allow":["GET"]}}],"collection":[{"href":"https:\/\/kalinkamagazin.com\/es\/wp-json\/wp\/v2\/product"}],"about":[{"href":"https:\/\/kalinkamagazin.com\/es\/wp-json\/wp\/v2\/types\/product"}],"wp:featuredmedia":[{"embeddable":true,"href":"https:\/\/kalinkamagazin.com\/es\/wp-json\/wp\/v2\/media\/3221"}],"wp:attachment":[{"href":"https:\/\/kalinkamagazin.com\/es\/wp-json\/wp\/v2\/media?parent=3461"}],"wp:term":[{"taxonomy":"product_brand","embeddable":true,"href":"https:\/\/kalinkamagazin.com\/es\/wp-json\/wp\/v2\/product_brand?post=3461"},{"taxonomy":"product_cat","embeddable":true,"href":"https:\/\/kalinkamagazin.com\/es\/wp-json\/wp\/v2\/product_cat?post=3461"},{"taxonomy":"product_tag","embeddable":true,"href":"https:\/\/kalinkamagazin.com\/es\/wp-json\/wp\/v2\/product_tag?post=3461"}],"curies":[{"name":"wp","href":"https:\/\/api.w.org\/{rel}","templated":true}]}}