{"id":3462,"date":"2026-01-27T20:45:12","date_gmt":"2026-01-27T17:45:12","guid":{"rendered":"https:\/\/kalinkamagazin.com\/product\/6422-dulces-con-almendras-con-cobertura-de-cacao\/"},"modified":"2026-01-27T20:45:12","modified_gmt":"2026-01-27T17:45:12","slug":"6422-dulces-con-almendras-con-cobertura-de-cacao","status":"publish","type":"product","link":"https:\/\/kalinkamagazin.com\/es\/product\/6422-dulces-con-almendras-con-cobertura-de-cacao\/","title":{"rendered":"Dulces con almendras con cobertura de cacao"},"content":{"rendered":"<p>Dulces con almendras con cobertura de cacao. Solo para venta a granel. Ingredientes: Ingredientes b\u00e1sicos (Az\u00facar, <b>Almendras, <\/b>Aceite de palma, Oblea <b>(harina de trigo, <\/b>Aceite de palma, emulgente <b>(lecitina de soja), <\/b>almid\u00f3n de ma\u00edz, sal de calidad alimentaria, gasificante (E500, E503), <b>huevo completo en polvo ), <\/b>Manteca de cacao, emulgentes <b>(lecitina de soja), <\/b>Antioxidantes: (E300, E307), aroma), Glaseado que contiene cacao 32% (Az\u00facar, Masa de cacao, Manteca de cacao, emulgente <b>(lecitina de soja, <\/b>E476, E492), aroma). <b>Almendras <\/b>con relaci\u00f3n a todo el producto: 12%. Almacenar en un lugar fresco y seco. Comercializaci\u00f3n: Lackmann Fleisch- und Feinkostfabrik GmbH, Carl Benz Stra\u00dfe 10, 77731 Willst\u00e4tt, Alemania., Consumir preferentemente antes de:  <!--NWT-Text-->Valores energ\u00e9ticos y nutricionales medios por 100g: Valor energ\u00e9tico: 2216 kJ \/ 529 kcal, Grasas: 31g, - de las cuales \u00e1cidos grasos saturados: 14g, Hidratos de Carbono: 58g, - de los cuales az\u00facares: 51g, Prote\u00ednas: 6,8g, Sal: 0,05g,  <!--NWT-Table--><\/p>\n<table>\n<tbody>\n<tr>\n<td colspan=\"2\">Valores energ\u00e9ticos y nutricionales medios por 100g:<\/td>\n<\/tr>\n<tr>\n<td>Valor energ\u00e9tico:<\/td>\n<td align = \"right\">2216 kJ\/529kcal<\/td>\n<\/tr>\n<tr>\n<td>Grasas:<\/td>\n<td align = \"right\">31g<\/td>\n<\/tr>\n<tr>\n<td>- de las cuales \u00e1cidos grasos saturados:<\/td>\n<td align = \"right\">14g<\/td>\n<\/tr>\n<tr>\n<td>Hidratos de Carbono:<\/td>\n<td align = \"right\">58g<\/td>\n<\/tr>\n<tr>\n<td>- de los cuales az\u00facares:<\/td>\n<td align = \"right\">51g<\/td>\n<\/tr>\n<tr>\n<td>Prote\u00ednas:<\/td>\n<td align = \"right\">6,8g<\/td>\n<\/tr>\n<tr>\n<td>Sal:<\/td>\n<td align = \"right\">0,05g<\/td>\n<\/tr>\n<\/tbody>\n<\/table>\n<p> <!--Bezeichnung-->Dulces con almendras con cobertura de cacao. <\/p>\n","protected":false},"excerpt":{"rendered":"<p>Dulces con almendras con cobertura de cacao. Solo para venta a granel. Ingredientes: Ingredientes b\u00e1sicos (Az\u00facar, Almendras, Aceite de palma, Oblea (harina de trigo, Aceite de palma, emulgente (lecitina de soja), almid\u00f3n de ma\u00edz, sal de calidad alimentaria, gasificante (E500, E503), huevo completo en polvo ), Manteca de cacao, emulgentes (lecitina de soja), Antioxidantes: (E300, [&hellip;]<\/p>\n","protected":false},"featured_media":2943,"template":"","meta":{"inline_featured_image":false},"product_brand":[],"product_cat":[165,164],"product_tag":[],"class_list":{"0":"post-3462","1":"product","2":"type-product","3":"status-publish","4":"has-post-thumbnail","6":"product_cat-konditerskie-izdeliya","7":"product_cat-sladosti-i-vypechka","9":"first","10":"instock","11":"shipping-taxable","12":"purchasable","13":"product-type-simple"},"acf":[],"_links":{"self":[{"href":"https:\/\/kalinkamagazin.com\/es\/wp-json\/wp\/v2\/product\/3462","targetHints":{"allow":["GET"]}}],"collection":[{"href":"https:\/\/kalinkamagazin.com\/es\/wp-json\/wp\/v2\/product"}],"about":[{"href":"https:\/\/kalinkamagazin.com\/es\/wp-json\/wp\/v2\/types\/product"}],"wp:featuredmedia":[{"embeddable":true,"href":"https:\/\/kalinkamagazin.com\/es\/wp-json\/wp\/v2\/media\/2943"}],"wp:attachment":[{"href":"https:\/\/kalinkamagazin.com\/es\/wp-json\/wp\/v2\/media?parent=3462"}],"wp:term":[{"taxonomy":"product_brand","embeddable":true,"href":"https:\/\/kalinkamagazin.com\/es\/wp-json\/wp\/v2\/product_brand?post=3462"},{"taxonomy":"product_cat","embeddable":true,"href":"https:\/\/kalinkamagazin.com\/es\/wp-json\/wp\/v2\/product_cat?post=3462"},{"taxonomy":"product_tag","embeddable":true,"href":"https:\/\/kalinkamagazin.com\/es\/wp-json\/wp\/v2\/product_tag?post=3462"}],"curies":[{"name":"wp","href":"https:\/\/api.w.org\/{rel}","templated":true}]}}