{"id":3463,"date":"2026-01-27T20:45:17","date_gmt":"2026-01-27T17:45:17","guid":{"rendered":"https:\/\/kalinkamagazin.com\/product\/6512-dulces-con-nueces-y-copos-de-barquillo-con-de-cobertura-de-chocolate\/"},"modified":"2026-01-27T20:45:17","modified_gmt":"2026-01-27T17:45:17","slug":"6512-dulces-con-nueces-y-copos-de-barquillo-con-de-cobertura-de-chocolate","status":"publish","type":"product","link":"https:\/\/kalinkamagazin.com\/es\/product\/6512-dulces-con-nueces-y-copos-de-barquillo-con-de-cobertura-de-chocolate\/","title":{"rendered":"Dulces con nueces y copos de barquillo con de cobertura de chocolate."},"content":{"rendered":"<p>Dulces con nueces y copos de barquillo con de cobertura de chocolate. . Solo para venta a granel. Ingredientes: glaseado de cacao 39,6% (Az\u00facar, Masa de cacao, grasas y aceites vegetales (Palma, karit\u00e9), Cacao en polvo, emulgentes: lecitina <b>(soja)), <\/b>E476), aroma), Az\u00facar, Manteca de cacao, Copos de barquillo 7%: <b>(harina de trigo, <\/b>aceite de girasol, sal de calidad alimentaria, emulgente: (lecitina <b>(soja)), <\/b>gasificante: E500), <b>Leche entera en polvo, <\/b><b>Avellanas <\/b>molido 4,5%, <b>cacahuetes <\/b>molido 4,5%, Masa de cacao, emulgente: (lecitina, <b>(soja)), <\/b>aroma, Antioxidantes: (E300, E307). Este producto puede tener trazas de <b>Almendra, <\/b><b>Nuez, <\/b>y <b>Sulfitos. <\/b>Almacenar en un lugar fresco y seco. Comercializaci\u00f3n: Lackmann Fleisch- und Feinkostfabrik GmbH, Carl Benz Stra\u00dfe 10, 77731 Willst\u00e4tt, Alemania. Consumir preferentemente antes de:  <!--NWT-Text-->Valores energ\u00e9ticos y nutricionales medios por 100g: Valor energ\u00e9tico: 2230 kJ \/ 530 kcal, Grasas: 30g, - de las cuales \u00e1cidos grasos saturados: 15g, Hidratos de Carbono: 58g, - de los cuales az\u00facares: 49g, Prote\u00ednas: 6,5g, Sal: 0,12g,  <!--NWT-Table--><\/p>\n<table>\n<tbody>\n<tr>\n<td colspan=\"2\">Valores energ\u00e9ticos y nutricionales medios por 100g:<\/td>\n<\/tr>\n<tr>\n<td>Valor energ\u00e9tico:<\/td>\n<td align = \"right\">2230 kJ\/530kcal<\/td>\n<\/tr>\n<tr>\n<td>Grasas:<\/td>\n<td align = \"right\">30g<\/td>\n<\/tr>\n<tr>\n<td>- de las cuales \u00e1cidos grasos saturados:<\/td>\n<td align = \"right\">15g<\/td>\n<\/tr>\n<tr>\n<td>Hidratos de Carbono:<\/td>\n<td align = \"right\">58g<\/td>\n<\/tr>\n<tr>\n<td>- de los cuales az\u00facares:<\/td>\n<td align = \"right\">49g<\/td>\n<\/tr>\n<tr>\n<td>Prote\u00ednas:<\/td>\n<td align = \"right\">6,5g<\/td>\n<\/tr>\n<tr>\n<td>Sal:<\/td>\n<td align = \"right\">0,12g<\/td>\n<\/tr>\n<\/tbody>\n<\/table>\n<p> <!--Bezeichnung-->Dulces con nueces y copos de barquillo con de cobertura de chocolate. . <\/p>\n","protected":false},"excerpt":{"rendered":"<p>Dulces con nueces y copos de barquillo con de cobertura de chocolate. . Solo para venta a granel. Ingredientes: glaseado de cacao 39,6% (Az\u00facar, Masa de cacao, grasas y aceites vegetales (Palma, karit\u00e9), Cacao en polvo, emulgentes: lecitina (soja)), E476), aroma), Az\u00facar, Manteca de cacao, Copos de barquillo 7%: (harina de trigo, aceite de girasol, [&hellip;]<\/p>\n","protected":false},"featured_media":2937,"template":"","meta":{"inline_featured_image":false},"product_brand":[],"product_cat":[174,176],"product_tag":[],"class_list":{"0":"post-3463","1":"product","2":"type-product","3":"status-publish","4":"has-post-thumbnail","6":"product_cat-konfety","7":"product_cat-shokoladnye-konfety","9":"first","10":"instock","11":"shipping-taxable","12":"purchasable","13":"product-type-simple"},"acf":[],"_links":{"self":[{"href":"https:\/\/kalinkamagazin.com\/es\/wp-json\/wp\/v2\/product\/3463","targetHints":{"allow":["GET"]}}],"collection":[{"href":"https:\/\/kalinkamagazin.com\/es\/wp-json\/wp\/v2\/product"}],"about":[{"href":"https:\/\/kalinkamagazin.com\/es\/wp-json\/wp\/v2\/types\/product"}],"wp:featuredmedia":[{"embeddable":true,"href":"https:\/\/kalinkamagazin.com\/es\/wp-json\/wp\/v2\/media\/2937"}],"wp:attachment":[{"href":"https:\/\/kalinkamagazin.com\/es\/wp-json\/wp\/v2\/media?parent=3463"}],"wp:term":[{"taxonomy":"product_brand","embeddable":true,"href":"https:\/\/kalinkamagazin.com\/es\/wp-json\/wp\/v2\/product_brand?post=3463"},{"taxonomy":"product_cat","embeddable":true,"href":"https:\/\/kalinkamagazin.com\/es\/wp-json\/wp\/v2\/product_cat?post=3463"},{"taxonomy":"product_tag","embeddable":true,"href":"https:\/\/kalinkamagazin.com\/es\/wp-json\/wp\/v2\/product_tag?post=3463"}],"curies":[{"name":"wp","href":"https:\/\/api.w.org\/{rel}","templated":true}]}}