{"id":3464,"date":"2026-01-27T20:45:24","date_gmt":"2026-01-27T17:45:24","guid":{"rendered":"https:\/\/kalinkamagazin.com\/product\/6381-dulces-con-relleno-con-sabor-a-arndanos74-con-de-cobertura-de-chocolate\/"},"modified":"2026-01-27T20:45:24","modified_gmt":"2026-01-27T17:45:24","slug":"6381-dulces-con-relleno-con-sabor-a-arndanos74-con-de-cobertura-de-chocolate","status":"publish","type":"product","link":"https:\/\/kalinkamagazin.com\/es\/product\/6381-dulces-con-relleno-con-sabor-a-arndanos74-con-de-cobertura-de-chocolate\/","title":{"rendered":"Dulces con relleno con sabor a ar\u00e1ndanos74%, con de cobertura de chocolate."},"content":{"rendered":"<p>Dulces con relleno con sabor a ar\u00e1ndanos74%, con de cobertura de chocolate.. Solo para venta a granel. Ingredientes: Az\u00facar, Jarabe de glucosa, glaseado de cacao 26%: (Az\u00facar, Masa de cacao grasas y aceites vegetales (Palma, karit\u00e9), <b>Leche entera en polvo, <\/b>Cacao en polvo, emulgentes: lecitina, <b>(Soja), <\/b>E476), aroma), Az\u00facar, Trozos de galletas 5,4%: <b>(harina de trigo, <\/b>Az\u00facar, Aceite de palma, Cacao en polvo almid\u00f3n de ma\u00edz, <b>Producto a base de suero de leche, <\/b>gasificante: (E500, E450), emulgente: lecitina, <b>(Soja), <\/b>sal de calidad alimentaria, aroma, corrector de acidez: (E270)), Extruido a partir de: (Arroz, Alforf\u00f3n, ma\u00edz, <b>Trigo, <\/b>Az\u00facar, Cacao en polvo sal de calidad alimentaria), Preparado de manzana: (Manzana, conservante: <b>di\u00f3xido de azufre), <\/b>grasas y aceites vegetales parcialmente hidrogenado: (Palma, girasol), Antioxidantes: (E304, E307), Preparado de frutas: frutas en proporci\u00f3n variable: (Ar\u00e1ndanos, Pur\u00e9 de manzana, zumo de ar\u00e1ndano), sirope de glucosa-fructosa, Az\u00facar, Harina de arroz, Aceite de palma, gelificante: (E440), aroma, correctores de acidez: (E332, E330), Pectina de c\u00edtricos), <b>Leche desnatada en polvo, <\/b>humectante: (E420), <b>Claras de huevo en polvo, <\/b>aromas, colorante: (E163), correctores de acidez: (E330, E331), emulgente: lecitina <b>(Soja), <\/b>sal de calidad alimentaria. Cacao: 5% m\u00ednimo. con relaci\u00f3n a todo el producto. Este producto puede tener trazas de: <b>cacahuetes, <\/b><b>Almendras, <\/b><b>avellanas. <\/b>Almacenar en un lugar fresco y seco. Proteger de la radiaci\u00f3n solar directa. Comercializaci\u00f3n: Lackmann Fleisch- und Feinkostfabrik GmbH, Carl Benz Stra\u00dfe 10, 77731 Willst\u00e4tt, Alemania. Consumir preferentemente antes de:  <!--NWT-Text-->Valores energ\u00e9ticos y nutricionales medios por 100g: Valor energ\u00e9tico: 1790 kJ \/ 430 kcal, Grasas: 13g, - de las cuales \u00e1cidos grasos saturados: 7,6g, Hidratos de Carbono: 74g, - de los cuales az\u00facares: 57g, Prote\u00ednas: 3,0g, Sal: 0,13g,  <!--NWT-Table--><\/p>\n<table>\n<tbody>\n<tr>\n<td colspan=\"2\">Valores energ\u00e9ticos y nutricionales medios por 100g:<\/td>\n<\/tr>\n<tr>\n<td>Valor energ\u00e9tico:<\/td>\n<td align = \"right\">1790 kJ\/430kcal<\/td>\n<\/tr>\n<tr>\n<td>Grasas:<\/td>\n<td align = \"right\">13g<\/td>\n<\/tr>\n<tr>\n<td>- de las cuales \u00e1cidos grasos saturados:<\/td>\n<td align = \"right\">7,6g<\/td>\n<\/tr>\n<tr>\n<td>Hidratos de Carbono:<\/td>\n<td align = \"right\">74g<\/td>\n<\/tr>\n<tr>\n<td>- de los cuales az\u00facares:<\/td>\n<td align = \"right\">57g<\/td>\n<\/tr>\n<tr>\n<td>Prote\u00ednas:<\/td>\n<td align = \"right\">3,0g<\/td>\n<\/tr>\n<tr>\n<td>Sal:<\/td>\n<td align = \"right\">0,13g<\/td>\n<\/tr>\n<\/tbody>\n<\/table>\n<p> <!--Bezeichnung-->Dulces con relleno con sabor a ar\u00e1ndanos74%, con de cobertura de chocolate.. <\/p>\n","protected":false},"excerpt":{"rendered":"<p>Dulces con relleno con sabor a ar\u00e1ndanos74%, con de cobertura de chocolate.. Solo para venta a granel. Ingredientes: Az\u00facar, Jarabe de glucosa, glaseado de cacao 26%: (Az\u00facar, Masa de cacao grasas y aceites vegetales (Palma, karit\u00e9), Leche entera en polvo, Cacao en polvo, emulgentes: lecitina, (Soja), E476), aroma), Az\u00facar, Trozos de galletas 5,4%: (harina de [&hellip;]<\/p>\n","protected":false},"featured_media":2940,"template":"","meta":{"inline_featured_image":false},"product_brand":[],"product_cat":[174],"product_tag":[],"class_list":{"0":"post-3464","1":"product","2":"type-product","3":"status-publish","4":"has-post-thumbnail","6":"product_cat-konfety","8":"first","9":"instock","10":"shipping-taxable","11":"purchasable","12":"product-type-simple"},"acf":[],"_links":{"self":[{"href":"https:\/\/kalinkamagazin.com\/es\/wp-json\/wp\/v2\/product\/3464","targetHints":{"allow":["GET"]}}],"collection":[{"href":"https:\/\/kalinkamagazin.com\/es\/wp-json\/wp\/v2\/product"}],"about":[{"href":"https:\/\/kalinkamagazin.com\/es\/wp-json\/wp\/v2\/types\/product"}],"wp:featuredmedia":[{"embeddable":true,"href":"https:\/\/kalinkamagazin.com\/es\/wp-json\/wp\/v2\/media\/2940"}],"wp:attachment":[{"href":"https:\/\/kalinkamagazin.com\/es\/wp-json\/wp\/v2\/media?parent=3464"}],"wp:term":[{"taxonomy":"product_brand","embeddable":true,"href":"https:\/\/kalinkamagazin.com\/es\/wp-json\/wp\/v2\/product_brand?post=3464"},{"taxonomy":"product_cat","embeddable":true,"href":"https:\/\/kalinkamagazin.com\/es\/wp-json\/wp\/v2\/product_cat?post=3464"},{"taxonomy":"product_tag","embeddable":true,"href":"https:\/\/kalinkamagazin.com\/es\/wp-json\/wp\/v2\/product_tag?post=3464"}],"curies":[{"name":"wp","href":"https:\/\/api.w.org\/{rel}","templated":true}]}}