{"id":3467,"date":"2026-01-27T20:45:41","date_gmt":"2026-01-27T17:45:41","guid":{"rendered":"https:\/\/kalinkamagazin.com\/product\/9346-empanadillas-con-relleno-de-carne-de-muslo-de-pollo-cruda-60-ultracongelado-para-cocer\/"},"modified":"2026-01-27T20:45:41","modified_gmt":"2026-01-27T17:45:41","slug":"9346-empanadillas-con-relleno-de-carne-de-muslo-de-pollo-cruda-60-ultracongelado-para-cocer","status":"publish","type":"product","link":"https:\/\/kalinkamagazin.com\/es\/product\/9346-empanadillas-con-relleno-de-carne-de-muslo-de-pollo-cruda-60-ultracongelado-para-cocer\/","title":{"rendered":"Empanadillas con relleno de carne de muslo de pollo cruda (60%), ultracongelado, para cocer"},"content":{"rendered":"<p>Empanadillas con relleno de carne de muslo de pollo cruda (60%), ultracongelado, para cocer. Origen Contramuslos de pollo: UE. Ingredientes: Contramuslos de pollo 52%, <b>harina de trigo, <\/b>agua potable, <b>huevo de gallina, <\/b>cebollas, sal de calidad alimentaria, aceite de girasol, especias, Hierbas. \u00a1No apto para el consumo en crudo! Calentar completamente la mercanc\u00eda antes de su consumo. Instrucciones de preparaci\u00f3n: v\u00e9ase representaci\u00f3n de s\u00edmbolos, dorso. Despu\u00e9s de descongelar, no volver a congelar. A \u2264 -18 \u00b0C consumir preferentemente antes de:ver impresi\u00f3n lateral. Fabricante: Lackmann Fleisch- und Feinkostfabrik GmbH, Carl-Benz Stra\u00dfe 10, 77731 Willst\u00e4tt. Valores energ\u00e9ticos y nutricionales medios por 100g: Fibra: 2,2g.  <!--NWT-Text-->Valores energ\u00e9ticos y nutricionales medios por 100g: Valor energ\u00e9tico: 814 kJ \/ 194 kcal, Grasas: 5,5g, - de las cuales \u00e1cidos grasos saturados: 1,8g, Hidratos de Carbono: 21g, - de los cuales az\u00facares: <0,5g, Prote\u00ednas: 14g, Sal: 1,2g,  <!--NWT-Table--><\/p>\n<table>\n<tbody>\n<tr>\n<td colspan=\"2\">Valores energ\u00e9ticos y nutricionales medios por 100g:<\/td>\n<\/tr>\n<tr>\n<td>Valor energ\u00e9tico:<\/td>\n<td align = \"right\">814 kJ\/194kcal<\/td>\n<\/tr>\n<tr>\n<td>Grasas:<\/td>\n<td align = \"right\">5,5g<\/td>\n<\/tr>\n<tr>\n<td>- de las cuales \u00e1cidos grasos saturados:<\/td>\n<td align = \"right\">1,8g<\/td>\n<\/tr>\n<tr>\n<td>Hidratos de Carbono:<\/td>\n<td align = \"right\">21g<\/td>\n<\/tr>\n<tr>\n<td>- de los cuales az\u00facares:<\/td>\n<td align = \"right\"><0,5g<\/td>\n<\/tr>\n<tr>\n<td>Prote\u00ednas:<\/td>\n<td align = \"right\">14g<\/td>\n<\/tr>\n<tr>\n<td>Sal:<\/td>\n<td align = \"right\">1,2g<\/td>\n<\/tr>\n<\/tbody>\n<\/table>\n<p> <!--Bezeichnung-->Empanadillas con relleno de carne de muslo de pollo cruda (60%), ultracongelado, para cocer. <\/p>\n","protected":false},"excerpt":{"rendered":"<p>Empanadillas con relleno de carne de muslo de pollo cruda (60%), ultracongelado, para cocer. Origen Contramuslos de pollo: UE. Ingredientes: Contramuslos de pollo 52%, harina de trigo, agua potable, huevo de gallina, cebollas, sal de calidad alimentaria, aceite de girasol, especias, Hierbas. \u00a1No apto para el consumo en crudo! Calentar completamente la mercanc\u00eda antes de [&hellip;]<\/p>\n","protected":false},"featured_media":3119,"template":"","meta":{"inline_featured_image":false},"product_brand":[],"product_cat":[105,107],"product_tag":[],"class_list":{"0":"post-3467","1":"product","2":"type-product","3":"status-publish","4":"has-post-thumbnail","6":"product_cat-zamorozhennye-produkty-i-hleb","7":"product_cat-izdeliya-iz-testa-zamorozka","9":"first","10":"instock","11":"shipping-taxable","12":"purchasable","13":"product-type-simple"},"acf":[],"_links":{"self":[{"href":"https:\/\/kalinkamagazin.com\/es\/wp-json\/wp\/v2\/product\/3467","targetHints":{"allow":["GET"]}}],"collection":[{"href":"https:\/\/kalinkamagazin.com\/es\/wp-json\/wp\/v2\/product"}],"about":[{"href":"https:\/\/kalinkamagazin.com\/es\/wp-json\/wp\/v2\/types\/product"}],"wp:featuredmedia":[{"embeddable":true,"href":"https:\/\/kalinkamagazin.com\/es\/wp-json\/wp\/v2\/media\/3119"}],"wp:attachment":[{"href":"https:\/\/kalinkamagazin.com\/es\/wp-json\/wp\/v2\/media?parent=3467"}],"wp:term":[{"taxonomy":"product_brand","embeddable":true,"href":"https:\/\/kalinkamagazin.com\/es\/wp-json\/wp\/v2\/product_brand?post=3467"},{"taxonomy":"product_cat","embeddable":true,"href":"https:\/\/kalinkamagazin.com\/es\/wp-json\/wp\/v2\/product_cat?post=3467"},{"taxonomy":"product_tag","embeddable":true,"href":"https:\/\/kalinkamagazin.com\/es\/wp-json\/wp\/v2\/product_tag?post=3467"}],"curies":[{"name":"wp","href":"https:\/\/api.w.org\/{rel}","templated":true}]}}