{"id":3468,"date":"2026-01-27T20:45:47","date_gmt":"2026-01-27T17:45:47","guid":{"rendered":"https:\/\/kalinkamagazin.com\/product\/8016-empanadillas-con-relleno-de-carne-de-pavo-cruda-60-ultracongelado-para-cocer\/"},"modified":"2026-01-27T20:45:47","modified_gmt":"2026-01-27T17:45:47","slug":"8016-empanadillas-con-relleno-de-carne-de-pavo-cruda-60-ultracongelado-para-cocer","status":"publish","type":"product","link":"https:\/\/kalinkamagazin.com\/es\/product\/8016-empanadillas-con-relleno-de-carne-de-pavo-cruda-60-ultracongelado-para-cocer\/","title":{"rendered":"Empanadillas con relleno de carne de pavo cruda (60%), ultracongelado, para cocer"},"content":{"rendered":"<p>Empanadillas con relleno de carne de pavo cruda (60%), ultracongelado, para cocer. Origen carne de pavo: UE. Ingredientes: Carne de pavo 54%, <b>harina de trigo, <\/b><b>huevo de gallina, <\/b>agua potable, cebollas, sal de calidad alimentaria, aceite de girasol, especias. \u00a1No apto para el consumo en crudo! Calentar completamente la mercanc\u00eda antes de su consumo. Instrucciones de preparaci\u00f3n: v\u00e9ase representaci\u00f3n de s\u00edmbolos dorso. Despu\u00e9s de descongelar, no volver a congelar. A \u2264 -18 \u00b0C consumir preferentemente antes de:: ver impresi\u00f3n lateral. Fabricante: Lackmann Fleisch- und Feinkostfabrik GmbH, Carl-Benz Stra\u00dfe 10, 77731 Willst\u00e4tt. Valores energ\u00e9ticos y nutricionales medios por 100g: Fibra: 1,8g.  <!--NWT-Text-->Valores energ\u00e9ticos y nutricionales medios por 100g: Valor energ\u00e9tico: 945 kJ \/ 226 kcal, Grasas: 7,5g, - de las cuales \u00e1cidos grasos saturados: 2,6g, Hidratos de Carbono: 22g, - de los cuales az\u00facares: 1,2g, Prote\u00ednas: 16g, Sal: 1,3g,  <!--NWT-Table--><\/p>\n<table>\n<tbody>\n<tr>\n<td colspan=\"2\">Valores energ\u00e9ticos y nutricionales medios por 100g:<\/td>\n<\/tr>\n<tr>\n<td>Valor energ\u00e9tico:<\/td>\n<td align = \"right\">945 kJ\/226kcal<\/td>\n<\/tr>\n<tr>\n<td>Grasas:<\/td>\n<td align = \"right\">7,5g<\/td>\n<\/tr>\n<tr>\n<td>- de las cuales \u00e1cidos grasos saturados:<\/td>\n<td align = \"right\">2,6g<\/td>\n<\/tr>\n<tr>\n<td>Hidratos de Carbono:<\/td>\n<td align = \"right\">22g<\/td>\n<\/tr>\n<tr>\n<td>- de los cuales az\u00facares:<\/td>\n<td align = \"right\">1,2g<\/td>\n<\/tr>\n<tr>\n<td>Prote\u00ednas:<\/td>\n<td align = \"right\">16g<\/td>\n<\/tr>\n<tr>\n<td>Sal:<\/td>\n<td align = \"right\">1,3g<\/td>\n<\/tr>\n<\/tbody>\n<\/table>\n<p> <!--Bezeichnung-->Empanadillas con relleno de carne de pavo cruda (60%), ultracongelado, para cocer. <\/p>\n","protected":false},"excerpt":{"rendered":"<p>Empanadillas con relleno de carne de pavo cruda (60%), ultracongelado, para cocer. Origen carne de pavo: UE. Ingredientes: Carne de pavo 54%, harina de trigo, huevo de gallina, agua potable, cebollas, sal de calidad alimentaria, aceite de girasol, especias. \u00a1No apto para el consumo en crudo! Calentar completamente la mercanc\u00eda antes de su consumo. Instrucciones [&hellip;]<\/p>\n","protected":false},"featured_media":3122,"template":"","meta":{"inline_featured_image":false},"product_brand":[],"product_cat":[105,107],"product_tag":[],"class_list":{"0":"post-3468","1":"product","2":"type-product","3":"status-publish","4":"has-post-thumbnail","6":"product_cat-zamorozhennye-produkty-i-hleb","7":"product_cat-izdeliya-iz-testa-zamorozka","9":"first","10":"instock","11":"shipping-taxable","12":"purchasable","13":"product-type-simple"},"acf":[],"_links":{"self":[{"href":"https:\/\/kalinkamagazin.com\/es\/wp-json\/wp\/v2\/product\/3468","targetHints":{"allow":["GET"]}}],"collection":[{"href":"https:\/\/kalinkamagazin.com\/es\/wp-json\/wp\/v2\/product"}],"about":[{"href":"https:\/\/kalinkamagazin.com\/es\/wp-json\/wp\/v2\/types\/product"}],"wp:featuredmedia":[{"embeddable":true,"href":"https:\/\/kalinkamagazin.com\/es\/wp-json\/wp\/v2\/media\/3122"}],"wp:attachment":[{"href":"https:\/\/kalinkamagazin.com\/es\/wp-json\/wp\/v2\/media?parent=3468"}],"wp:term":[{"taxonomy":"product_brand","embeddable":true,"href":"https:\/\/kalinkamagazin.com\/es\/wp-json\/wp\/v2\/product_brand?post=3468"},{"taxonomy":"product_cat","embeddable":true,"href":"https:\/\/kalinkamagazin.com\/es\/wp-json\/wp\/v2\/product_cat?post=3468"},{"taxonomy":"product_tag","embeddable":true,"href":"https:\/\/kalinkamagazin.com\/es\/wp-json\/wp\/v2\/product_tag?post=3468"}],"curies":[{"name":"wp","href":"https:\/\/api.w.org\/{rel}","templated":true}]}}