{"id":3469,"date":"2026-01-27T20:45:54","date_gmt":"2026-01-27T17:45:54","guid":{"rendered":"https:\/\/kalinkamagazin.com\/product\/8148-empanadillas-con-relleno-de-patata-55-congelado-para-cocer\/"},"modified":"2026-01-27T20:45:54","modified_gmt":"2026-01-27T17:45:54","slug":"8148-empanadillas-con-relleno-de-patata-55-congelado-para-cocer","status":"publish","type":"product","link":"https:\/\/kalinkamagazin.com\/es\/product\/8148-empanadillas-con-relleno-de-patata-55-congelado-para-cocer\/","title":{"rendered":"Empanadillas con relleno de patata (55%), congelado, para cocer"},"content":{"rendered":"<p>Empanadillas con relleno de patata (55%), congelado, para cocer. Ingredientes: Patata 50%, <b>harina de trigo, <\/b><b>huevo de gallina, <\/b>agua potable, <b>Mantequilla, <\/b>cebolla frita, <b>Leche entera en polvo, <\/b>aceite de girasol, sal de calidad alimentaria, especias. \u00a1No apto para el consumo en crudo! Calentar completamente la mercanc\u00eda antes de su consumo. Instrucciones de preparaci\u00f3n: Poner un paquete de pelmenis congelados a hervir en 4-5 l de agua con sal. Llevar a una ligera ebullici\u00f3n removiendo de vez en cuando. En cuanto floten en la superficie, bajar el fuego y seguir cociendo durante 10 minutos. Despu\u00e9s de descongelar, no volver a congelar. Fabricante: Lackmann Fleisch- und Feinkostfabrik GmbH, Carl-Benz Stra\u00dfe 10, 77731 Willst\u00e4tt. Valores energ\u00e9ticos y nutricionales medios por 100g: Fibra: 1,7g. A una temperatura de \u2264 -18\u00b0C consumir preferentemente antes de:  <!--NWT-Text-->Valores energ\u00e9ticos y nutricionales medios por 100g: Valor energ\u00e9tico: 794 kJ \/ 189 kcal, Grasas: 4,0g, - de las cuales \u00e1cidos grasos saturados: 2,2g, Hidratos de Carbono: 31g, - de los cuales az\u00facares: 4,0g, Prote\u00ednas: 6,2g, Sal: 0,94g,  <!--NWT-Table--><\/p>\n<table>\n<tbody>\n<tr>\n<td colspan=\"2\">Valores energ\u00e9ticos y nutricionales medios por 100g:<\/td>\n<\/tr>\n<tr>\n<td>Valor energ\u00e9tico:<\/td>\n<td align = \"right\">794 kJ\/189kcal<\/td>\n<\/tr>\n<tr>\n<td>Grasas:<\/td>\n<td align = \"right\">4,0g<\/td>\n<\/tr>\n<tr>\n<td>- de las cuales \u00e1cidos grasos saturados:<\/td>\n<td align = \"right\">2,2g<\/td>\n<\/tr>\n<tr>\n<td>Hidratos de Carbono:<\/td>\n<td align = \"right\">31g<\/td>\n<\/tr>\n<tr>\n<td>- de los cuales az\u00facares:<\/td>\n<td align = \"right\">4,0g<\/td>\n<\/tr>\n<tr>\n<td>Prote\u00ednas:<\/td>\n<td align = \"right\">6,2g<\/td>\n<\/tr>\n<tr>\n<td>Sal:<\/td>\n<td align = \"right\">0,94g<\/td>\n<\/tr>\n<\/tbody>\n<\/table>\n<p> <!--Bezeichnung-->Empanadillas con relleno de patata (55%), congelado, para cocer. <\/p>\n","protected":false},"excerpt":{"rendered":"<p>Empanadillas con relleno de patata (55%), congelado, para cocer. Ingredientes: Patata 50%, harina de trigo, huevo de gallina, agua potable, Mantequilla, cebolla frita, Leche entera en polvo, aceite de girasol, sal de calidad alimentaria, especias. \u00a1No apto para el consumo en crudo! Calentar completamente la mercanc\u00eda antes de su consumo. Instrucciones de preparaci\u00f3n: Poner un [&hellip;]<\/p>\n","protected":false},"featured_media":2769,"template":"","meta":{"inline_featured_image":false},"product_brand":[],"product_cat":[105,107],"product_tag":[],"class_list":{"0":"post-3469","1":"product","2":"type-product","3":"status-publish","4":"has-post-thumbnail","6":"product_cat-zamorozhennye-produkty-i-hleb","7":"product_cat-izdeliya-iz-testa-zamorozka","9":"first","10":"instock","11":"shipping-taxable","12":"purchasable","13":"product-type-simple"},"acf":[],"_links":{"self":[{"href":"https:\/\/kalinkamagazin.com\/es\/wp-json\/wp\/v2\/product\/3469","targetHints":{"allow":["GET"]}}],"collection":[{"href":"https:\/\/kalinkamagazin.com\/es\/wp-json\/wp\/v2\/product"}],"about":[{"href":"https:\/\/kalinkamagazin.com\/es\/wp-json\/wp\/v2\/types\/product"}],"wp:featuredmedia":[{"embeddable":true,"href":"https:\/\/kalinkamagazin.com\/es\/wp-json\/wp\/v2\/media\/2769"}],"wp:attachment":[{"href":"https:\/\/kalinkamagazin.com\/es\/wp-json\/wp\/v2\/media?parent=3469"}],"wp:term":[{"taxonomy":"product_brand","embeddable":true,"href":"https:\/\/kalinkamagazin.com\/es\/wp-json\/wp\/v2\/product_brand?post=3469"},{"taxonomy":"product_cat","embeddable":true,"href":"https:\/\/kalinkamagazin.com\/es\/wp-json\/wp\/v2\/product_cat?post=3469"},{"taxonomy":"product_tag","embeddable":true,"href":"https:\/\/kalinkamagazin.com\/es\/wp-json\/wp\/v2\/product_tag?post=3469"}],"curies":[{"name":"wp","href":"https:\/\/api.w.org\/{rel}","templated":true}]}}