{"id":3470,"date":"2026-01-27T20:46:00","date_gmt":"2026-01-27T17:46:00","guid":{"rendered":"https:\/\/kalinkamagazin.com\/product\/8856-empanadillas-con-relleno-de-ternera-y-muslo-de-pollo-crudos-60-ultracongelado-para-cocer\/"},"modified":"2026-01-27T20:46:00","modified_gmt":"2026-01-27T17:46:00","slug":"8856-empanadillas-con-relleno-de-ternera-y-muslo-de-pollo-crudos-60-ultracongelado-para-cocer","status":"publish","type":"product","link":"https:\/\/kalinkamagazin.com\/es\/product\/8856-empanadillas-con-relleno-de-ternera-y-muslo-de-pollo-crudos-60-ultracongelado-para-cocer\/","title":{"rendered":"Empanadillas con relleno de ternera y muslo de pollo crudos 60%, ultracongelado, para cocer."},"content":{"rendered":"<p>Empanadillas con relleno de ternera y muslo de pollo crudos 60%, ultracongelado, para cocer.. Ingredientes: Vacuno y Muslos y contramuslos de pollo Carne 47%, <b>harina de trigo, <\/b>agua potable, cebollas, <b>huevo de gallina, <\/b>sal de calidad alimentaria, aceite de girasol, especias. \u00a1No apto para el consumo en crudo! Calentar completamente la mercanc\u00eda antes de su consumo. Instrucciones de preparaci\u00f3n: Poner un paquete de pelmenis congelados a hervir en 4 l de agua con sal. Llevar a una ligera ebullici\u00f3n removiendo de vez en cuando. En cuanto floten en la superficie, bajar el fuego y seguir cociendo durante 10 minutos. Despu\u00e9s de descongelar, no volver a congelar. A una temperatura de \u2264 -18\u00b0C consumir preferentemente antes de: Fabricante: Lackmann Fleisch- und Feinkostfabrik GmbH, Carl-Benz Stra\u00dfe 10, 77731 Willst\u00e4tt.  <!--NWT-Text-->Valores energ\u00e9ticos y nutricionales medios por 100g: Valor energ\u00e9tico: 807 kJ \/ 192 kcal, Grasas: 6,8g, - de las cuales \u00e1cidos grasos saturados: 2,6g, Hidratos de Carbono: 25g, - de los cuales az\u00facares: 1,1g, Prote\u00ednas: 13g, Sal: 1,3g,  <!--NWT-Table--><\/p>\n<table>\n<tbody>\n<tr>\n<td colspan=\"2\">Valores energ\u00e9ticos y nutricionales medios por 100g:<\/td>\n<\/tr>\n<tr>\n<td>Valor energ\u00e9tico:<\/td>\n<td align = \"right\">807 kJ\/192kcal<\/td>\n<\/tr>\n<tr>\n<td>Grasas:<\/td>\n<td align = \"right\">6,8g<\/td>\n<\/tr>\n<tr>\n<td>- de las cuales \u00e1cidos grasos saturados:<\/td>\n<td align = \"right\">2,6g<\/td>\n<\/tr>\n<tr>\n<td>Hidratos de Carbono:<\/td>\n<td align = \"right\">25g<\/td>\n<\/tr>\n<tr>\n<td>- de los cuales az\u00facares:<\/td>\n<td align = \"right\">1,1g<\/td>\n<\/tr>\n<tr>\n<td>Prote\u00ednas:<\/td>\n<td align = \"right\">13g<\/td>\n<\/tr>\n<tr>\n<td>Sal:<\/td>\n<td align = \"right\">1,3g<\/td>\n<\/tr>\n<\/tbody>\n<\/table>\n<p> <!--Bezeichnung-->Empanadillas con relleno de ternera y muslo de pollo crudos 60%, ultracongelado, para cocer.. <\/p>\n","protected":false},"excerpt":{"rendered":"<p>Empanadillas con relleno de ternera y muslo de pollo crudos 60%, ultracongelado, para cocer.. Ingredientes: Vacuno y Muslos y contramuslos de pollo Carne 47%, harina de trigo, agua potable, cebollas, huevo de gallina, sal de calidad alimentaria, aceite de girasol, especias. \u00a1No apto para el consumo en crudo! Calentar completamente la mercanc\u00eda antes de su [&hellip;]<\/p>\n","protected":false},"featured_media":3107,"template":"","meta":{"inline_featured_image":false},"product_brand":[],"product_cat":[105,107],"product_tag":[],"class_list":{"0":"post-3470","1":"product","2":"type-product","3":"status-publish","4":"has-post-thumbnail","6":"product_cat-zamorozhennye-produkty-i-hleb","7":"product_cat-izdeliya-iz-testa-zamorozka","9":"first","10":"instock","11":"shipping-taxable","12":"purchasable","13":"product-type-simple"},"acf":[],"_links":{"self":[{"href":"https:\/\/kalinkamagazin.com\/es\/wp-json\/wp\/v2\/product\/3470","targetHints":{"allow":["GET"]}}],"collection":[{"href":"https:\/\/kalinkamagazin.com\/es\/wp-json\/wp\/v2\/product"}],"about":[{"href":"https:\/\/kalinkamagazin.com\/es\/wp-json\/wp\/v2\/types\/product"}],"wp:featuredmedia":[{"embeddable":true,"href":"https:\/\/kalinkamagazin.com\/es\/wp-json\/wp\/v2\/media\/3107"}],"wp:attachment":[{"href":"https:\/\/kalinkamagazin.com\/es\/wp-json\/wp\/v2\/media?parent=3470"}],"wp:term":[{"taxonomy":"product_brand","embeddable":true,"href":"https:\/\/kalinkamagazin.com\/es\/wp-json\/wp\/v2\/product_brand?post=3470"},{"taxonomy":"product_cat","embeddable":true,"href":"https:\/\/kalinkamagazin.com\/es\/wp-json\/wp\/v2\/product_cat?post=3470"},{"taxonomy":"product_tag","embeddable":true,"href":"https:\/\/kalinkamagazin.com\/es\/wp-json\/wp\/v2\/product_tag?post=3470"}],"curies":[{"name":"wp","href":"https:\/\/api.w.org\/{rel}","templated":true}]}}