{"id":3471,"date":"2026-01-27T20:46:06","date_gmt":"2026-01-27T17:46:06","guid":{"rendered":"https:\/\/kalinkamagazin.com\/product\/8040-empanadillas-de-masa-fresca-con-relleno-de-carne-de-cerdo-y-vacuno-cruda-ultracongelado-para-cocer\/"},"modified":"2026-01-27T20:46:06","modified_gmt":"2026-01-27T17:46:06","slug":"8040-empanadillas-de-masa-fresca-con-relleno-de-carne-de-cerdo-y-vacuno-cruda-ultracongelado-para-cocer","status":"publish","type":"product","link":"https:\/\/kalinkamagazin.com\/es\/product\/8040-empanadillas-de-masa-fresca-con-relleno-de-carne-de-cerdo-y-vacuno-cruda-ultracongelado-para-cocer\/","title":{"rendered":"Empanadillas de masa fresca con relleno de carne de cerdo y vacuno cruda, ultracongelado, para cocer"},"content":{"rendered":"<p>Empanadillas de masa fresca con relleno de carne de cerdo y vacuno cruda, ultracongelado, para cocer. Relleno 70%. Ingredientes: carne de cerdo y de ternera 40%, cebollas, <b>harina de trigo, <\/b>agua potable, <b>Leche, <\/b>sal de calidad alimentaria, <b>huevo de gallina, <\/b>aceite de girasol, especias, Hierbas, Extractos de especias. Despu\u00e9s de descongelar, no volver a congelar. \u00a1No apto para el consumo en crudo! Calentar completamente la mercanc\u00eda antes de su consumo. Instrucciones de preparaci\u00f3n: Cocer la pasta rellena congelada en una olla cerrada o en una hervidora al vapor (100 \u00b0C) durante, al menos, 45 minutos. El suministro de vapor no puede interrumpirse durante el tiempo de cocci\u00f3n. Fabricante: Lackmann Fleisch- und Feinkostfabrik GmbH, Carl-Benz Stra\u00dfe 10, 77731 Willst\u00e4tt. A una temperatura de \u2264 -18\u00b0C consumir preferentemente antes de:  <!--NWT-Text-->Valores energ\u00e9ticos y nutricionales medios por 100g: Valor energ\u00e9tico: 976 kJ \/ 233 kcal, Grasas: 12g, - de las cuales \u00e1cidos grasos saturados: 5,3g, Hidratos de Carbono: 20g, - de los cuales az\u00facares: 3,3g, Prote\u00ednas: 10g, Sal: 1,4g,  <!--NWT-Table--><\/p>\n<table>\n<tbody>\n<tr>\n<td colspan=\"2\">Valores energ\u00e9ticos y nutricionales medios por 100g:<\/td>\n<\/tr>\n<tr>\n<td>Valor energ\u00e9tico:<\/td>\n<td align = \"right\">976 kJ\/233kcal<\/td>\n<\/tr>\n<tr>\n<td>Grasas:<\/td>\n<td align = \"right\">12g<\/td>\n<\/tr>\n<tr>\n<td>- de las cuales \u00e1cidos grasos saturados:<\/td>\n<td align = \"right\">5,3g<\/td>\n<\/tr>\n<tr>\n<td>Hidratos de Carbono:<\/td>\n<td align = \"right\">20g<\/td>\n<\/tr>\n<tr>\n<td>- de los cuales az\u00facares:<\/td>\n<td align = \"right\">3,3g<\/td>\n<\/tr>\n<tr>\n<td>Prote\u00ednas:<\/td>\n<td align = \"right\">10g<\/td>\n<\/tr>\n<tr>\n<td>Sal:<\/td>\n<td align = \"right\">1,4g<\/td>\n<\/tr>\n<\/tbody>\n<\/table>\n<p> <!--Bezeichnung-->Empanadillas de masa fresca con relleno de carne de cerdo y vacuno cruda, ultracongelado, para cocer. <\/p>\n","protected":false},"excerpt":{"rendered":"<p>Empanadillas de masa fresca con relleno de carne de cerdo y vacuno cruda, ultracongelado, para cocer. Relleno 70%. Ingredientes: carne de cerdo y de ternera 40%, cebollas, harina de trigo, agua potable, Leche, sal de calidad alimentaria, huevo de gallina, aceite de girasol, especias, Hierbas, Extractos de especias. Despu\u00e9s de descongelar, no volver a congelar. [&hellip;]<\/p>\n","protected":false},"featured_media":3029,"template":"","meta":{"inline_featured_image":false},"product_brand":[],"product_cat":[105,107],"product_tag":[],"class_list":{"0":"post-3471","1":"product","2":"type-product","3":"status-publish","4":"has-post-thumbnail","6":"product_cat-zamorozhennye-produkty-i-hleb","7":"product_cat-izdeliya-iz-testa-zamorozka","9":"first","10":"instock","11":"shipping-taxable","12":"purchasable","13":"product-type-simple"},"acf":[],"_links":{"self":[{"href":"https:\/\/kalinkamagazin.com\/es\/wp-json\/wp\/v2\/product\/3471","targetHints":{"allow":["GET"]}}],"collection":[{"href":"https:\/\/kalinkamagazin.com\/es\/wp-json\/wp\/v2\/product"}],"about":[{"href":"https:\/\/kalinkamagazin.com\/es\/wp-json\/wp\/v2\/types\/product"}],"wp:featuredmedia":[{"embeddable":true,"href":"https:\/\/kalinkamagazin.com\/es\/wp-json\/wp\/v2\/media\/3029"}],"wp:attachment":[{"href":"https:\/\/kalinkamagazin.com\/es\/wp-json\/wp\/v2\/media?parent=3471"}],"wp:term":[{"taxonomy":"product_brand","embeddable":true,"href":"https:\/\/kalinkamagazin.com\/es\/wp-json\/wp\/v2\/product_brand?post=3471"},{"taxonomy":"product_cat","embeddable":true,"href":"https:\/\/kalinkamagazin.com\/es\/wp-json\/wp\/v2\/product_cat?post=3471"},{"taxonomy":"product_tag","embeddable":true,"href":"https:\/\/kalinkamagazin.com\/es\/wp-json\/wp\/v2\/product_tag?post=3471"}],"curies":[{"name":"wp","href":"https:\/\/api.w.org\/{rel}","templated":true}]}}