{"id":3472,"date":"2026-01-27T20:46:12","date_gmt":"2026-01-27T17:46:12","guid":{"rendered":"https:\/\/kalinkamagazin.com\/product\/8143-empanadillas-de-masa-fresca-con-relleno-de-queso-fresco-dulce-congelado-para-cocer\/"},"modified":"2026-01-27T20:46:12","modified_gmt":"2026-01-27T17:46:12","slug":"8143-empanadillas-de-masa-fresca-con-relleno-de-queso-fresco-dulce-congelado-para-cocer","status":"publish","type":"product","link":"https:\/\/kalinkamagazin.com\/es\/product\/8143-empanadillas-de-masa-fresca-con-relleno-de-queso-fresco-dulce-congelado-para-cocer\/","title":{"rendered":"Empanadillas de masa fresca con relleno de queso fresco (dulce), congelado, para cocer"},"content":{"rendered":"<p>Empanadillas de masa fresca con relleno de queso fresco (dulce), congelado, para cocer. Ingredientes: <b>Relleno de queso fresco <\/b>(dulce) 55% <b>(queso fresco <\/b>80%, Az\u00facar, <b>S\u00e9mola de trigo blando ), <\/b>Masa: <b>(harina de trigo, <\/b><b>huevo de gallina, <\/b>agua potable, aceite de girasol, sal de calidad alimentaria). \u00a1No apto para el consumo en crudo! Calentar completamente la mercanc\u00eda antes de su consumo. A una temperatura de \u2264 -18\u00b0C consumir preferentemente antes de: ver parte frontal. Despu\u00e9s de descongelar, no volver a congelar. Fabricante: Lackmann Fleisch- und Feinkostfabrik GmbH, Carl-Benz Stra\u00dfe 10, 77731 Willst\u00e4tt.  <!--NWT-Text-->Valores energ\u00e9ticos y nutricionales medios por 100g: Valor energ\u00e9tico: 959 kJ \/ 227 kcal, Grasas: 4,1g, - de las cuales \u00e1cidos grasos saturados: 2,5g, Hidratos de Carbono: 35g, - de los cuales az\u00facares: 7,0g, Prote\u00ednas: 14g, Sal: 0,28g,  <!--NWT-Table--><\/p>\n<table>\n<tbody>\n<tr>\n<td colspan=\"2\">Valores energ\u00e9ticos y nutricionales medios por 100g:<\/td>\n<\/tr>\n<tr>\n<td>Valor energ\u00e9tico:<\/td>\n<td align = \"right\">959 kJ\/227kcal<\/td>\n<\/tr>\n<tr>\n<td>Grasas:<\/td>\n<td align = \"right\">4,1g<\/td>\n<\/tr>\n<tr>\n<td>- de las cuales \u00e1cidos grasos saturados:<\/td>\n<td align = \"right\">2,5g<\/td>\n<\/tr>\n<tr>\n<td>Hidratos de Carbono:<\/td>\n<td align = \"right\">35g<\/td>\n<\/tr>\n<tr>\n<td>- de los cuales az\u00facares:<\/td>\n<td align = \"right\">7,0g<\/td>\n<\/tr>\n<tr>\n<td>Prote\u00ednas:<\/td>\n<td align = \"right\">14g<\/td>\n<\/tr>\n<tr>\n<td>Sal:<\/td>\n<td align = \"right\">0,28g<\/td>\n<\/tr>\n<\/tbody>\n<\/table>\n<p> <!--Bezeichnung-->Empanadillas de masa fresca con relleno de queso fresco (dulce), congelado, para cocer. <\/p>\n","protected":false},"excerpt":{"rendered":"<p>Empanadillas de masa fresca con relleno de queso fresco (dulce), congelado, para cocer. Ingredientes: Relleno de queso fresco (dulce) 55% (queso fresco 80%, Az\u00facar, S\u00e9mola de trigo blando ), Masa: (harina de trigo, huevo de gallina, agua potable, aceite de girasol, sal de calidad alimentaria). \u00a1No apto para el consumo en crudo! Calentar completamente la [&hellip;]<\/p>\n","protected":false},"featured_media":2766,"template":"","meta":{"inline_featured_image":false},"product_brand":[],"product_cat":[105,107],"product_tag":[],"class_list":{"0":"post-3472","1":"product","2":"type-product","3":"status-publish","4":"has-post-thumbnail","6":"product_cat-zamorozhennye-produkty-i-hleb","7":"product_cat-izdeliya-iz-testa-zamorozka","9":"first","10":"instock","11":"shipping-taxable","12":"purchasable","13":"product-type-simple"},"acf":[],"_links":{"self":[{"href":"https:\/\/kalinkamagazin.com\/es\/wp-json\/wp\/v2\/product\/3472","targetHints":{"allow":["GET"]}}],"collection":[{"href":"https:\/\/kalinkamagazin.com\/es\/wp-json\/wp\/v2\/product"}],"about":[{"href":"https:\/\/kalinkamagazin.com\/es\/wp-json\/wp\/v2\/types\/product"}],"wp:featuredmedia":[{"embeddable":true,"href":"https:\/\/kalinkamagazin.com\/es\/wp-json\/wp\/v2\/media\/2766"}],"wp:attachment":[{"href":"https:\/\/kalinkamagazin.com\/es\/wp-json\/wp\/v2\/media?parent=3472"}],"wp:term":[{"taxonomy":"product_brand","embeddable":true,"href":"https:\/\/kalinkamagazin.com\/es\/wp-json\/wp\/v2\/product_brand?post=3472"},{"taxonomy":"product_cat","embeddable":true,"href":"https:\/\/kalinkamagazin.com\/es\/wp-json\/wp\/v2\/product_cat?post=3472"},{"taxonomy":"product_tag","embeddable":true,"href":"https:\/\/kalinkamagazin.com\/es\/wp-json\/wp\/v2\/product_tag?post=3472"}],"curies":[{"name":"wp","href":"https:\/\/api.w.org\/{rel}","templated":true}]}}