{"id":3473,"date":"2026-01-27T20:46:17","date_gmt":"2026-01-27T17:46:17","guid":{"rendered":"https:\/\/kalinkamagazin.com\/product\/7834-espadines-frito-con-salsa-de-tomate-picante\/"},"modified":"2026-01-27T20:46:17","modified_gmt":"2026-01-27T17:46:17","slug":"7834-espadines-frito-con-salsa-de-tomate-picante","status":"publish","type":"product","link":"https:\/\/kalinkamagazin.com\/es\/product\/7834-espadines-frito-con-salsa-de-tomate-picante\/","title":{"rendered":"Espadines frito con salsa de tomate picante."},"content":{"rendered":"<p>Espadines frito con salsa de tomate picante. . Peso final del pescado: 168g. Ingredientes: <b>Espadines <\/b>frito <b>(Espadines, <\/b>aceite de colza, <b>harina de trigo), <\/b>Salsa de tomate 30% (agua, Concentrado de tomate, Az\u00facar, aceite de colza, sal de calidad alimentaria, deshidratado cebollas, corrector de acidez: (\u00c1cido ac\u00e9tico), especias, guindilla aroma). Almacenar en un lugar fresco y seco. Proteger de la radiaci\u00f3n solar directa. Despu\u00e9s de abrir, almacenar en un recipiente no met\u00e1lico a un m\u00e1x. de +6 \u00b0C y consumir en 48 horas. Comercializaci\u00f3n: Lackmann Fleisch- und Feinkostfabrik GmbH, Carl Benz Stra\u00dfe 10, 77731 Willst\u00e4tt, Alemania. Sin abrir, consumir preferentemente antes de: v\u00e9ase en la base primera l\u00ednea.  <!--NWT-Text-->Valores energ\u00e9ticos y nutricionales medios por 100g: Valor energ\u00e9tico: 617 kJ \/ 148 kcal, Grasas: 9,6g, - de las cuales \u00e1cidos grasos saturados: 2,0g, Hidratos de Carbono: 6,9g, - de los cuales az\u00facares: 5,7g, Prote\u00ednas: 8,5g, Sal: 1,3g,  <!--NWT-Table--><\/p>\n<table>\n<tbody>\n<tr>\n<td colspan=\"2\">Valores energ\u00e9ticos y nutricionales medios por 100g:<\/td>\n<\/tr>\n<tr>\n<td>Valor energ\u00e9tico:<\/td>\n<td align = \"right\">617 kJ\/148kcal<\/td>\n<\/tr>\n<tr>\n<td>Grasas:<\/td>\n<td align = \"right\">9,6g<\/td>\n<\/tr>\n<tr>\n<td>- de las cuales \u00e1cidos grasos saturados:<\/td>\n<td align = \"right\">2,0g<\/td>\n<\/tr>\n<tr>\n<td>Hidratos de Carbono:<\/td>\n<td align = \"right\">6,9g<\/td>\n<\/tr>\n<tr>\n<td>- de los cuales az\u00facares:<\/td>\n<td align = \"right\">5,7g<\/td>\n<\/tr>\n<tr>\n<td>Prote\u00ednas:<\/td>\n<td align = \"right\">8,5g<\/td>\n<\/tr>\n<tr>\n<td>Sal:<\/td>\n<td align = \"right\">1,3g<\/td>\n<\/tr>\n<\/tbody>\n<\/table>\n<p> <!--Bezeichnung-->Espadines frito con salsa de tomate picante. . <\/p>\n","protected":false},"excerpt":{"rendered":"<p>Espadines frito con salsa de tomate picante. . Peso final del pescado: 168g. Ingredientes: Espadines frito (Espadines, aceite de colza, harina de trigo), Salsa de tomate 30% (agua, Concentrado de tomate, Az\u00facar, aceite de colza, sal de calidad alimentaria, deshidratado cebollas, corrector de acidez: (\u00c1cido ac\u00e9tico), especias, guindilla aroma). Almacenar en un lugar fresco y [&hellip;]<\/p>\n","protected":false},"featured_media":2913,"template":"","meta":{"inline_featured_image":false},"product_brand":[],"product_cat":[113,116],"product_tag":[],"class_list":{"0":"post-3473","1":"product","2":"type-product","3":"status-publish","4":"has-post-thumbnail","6":"product_cat-ryba-i-rybnye-produkty","7":"product_cat-rybnye-konservy","9":"first","10":"instock","11":"shipping-taxable","12":"purchasable","13":"product-type-simple"},"acf":[],"_links":{"self":[{"href":"https:\/\/kalinkamagazin.com\/es\/wp-json\/wp\/v2\/product\/3473","targetHints":{"allow":["GET"]}}],"collection":[{"href":"https:\/\/kalinkamagazin.com\/es\/wp-json\/wp\/v2\/product"}],"about":[{"href":"https:\/\/kalinkamagazin.com\/es\/wp-json\/wp\/v2\/types\/product"}],"wp:featuredmedia":[{"embeddable":true,"href":"https:\/\/kalinkamagazin.com\/es\/wp-json\/wp\/v2\/media\/2913"}],"wp:attachment":[{"href":"https:\/\/kalinkamagazin.com\/es\/wp-json\/wp\/v2\/media?parent=3473"}],"wp:term":[{"taxonomy":"product_brand","embeddable":true,"href":"https:\/\/kalinkamagazin.com\/es\/wp-json\/wp\/v2\/product_brand?post=3473"},{"taxonomy":"product_cat","embeddable":true,"href":"https:\/\/kalinkamagazin.com\/es\/wp-json\/wp\/v2\/product_cat?post=3473"},{"taxonomy":"product_tag","embeddable":true,"href":"https:\/\/kalinkamagazin.com\/es\/wp-json\/wp\/v2\/product_tag?post=3473"}],"curies":[{"name":"wp","href":"https:\/\/api.w.org\/{rel}","templated":true}]}}