{"id":3475,"date":"2026-01-27T20:46:29","date_gmt":"2026-01-27T17:46:29","guid":{"rendered":"https:\/\/kalinkamagazin.com\/product\/8645-especialidad-de-confitera-con-24-leche-condensada-ultracongelado\/"},"modified":"2026-01-27T20:46:29","modified_gmt":"2026-01-27T17:46:29","slug":"8645-especialidad-de-confitera-con-24-leche-condensada-ultracongelado","status":"publish","type":"product","link":"https:\/\/kalinkamagazin.com\/es\/product\/8645-especialidad-de-confitera-con-24-leche-condensada-ultracongelado\/","title":{"rendered":"Especialidad de confiter\u00eda con 24% leche condensada, ultracongelado"},"content":{"rendered":"<p>Especialidad de confiter\u00eda con 24% leche condensada, ultracongelado. Ingredientes: <b>Mantequilla, <\/b><b>Leche condensada <\/b><b>(Leche entera, <\/b>Az\u00facar, <b>Leche entera en polvo, <\/b>estabilizador: E407), <b>harina de trigo, <\/b>Az\u00facar, <b>huevo de gallina, <\/b><b>cacahuetes, <\/b>Margarina (grasas y aceites vegetales (Palma, Colza), agua potable, emulgente (E471, <b>E322), <\/b>sal de calidad alimentaria, colorante (E160a), aroma), decoracion blanca (Az\u00facar, grasa d\u2018almendra de palma totalmente hidrogenado, <b>Leche desnatada en polvo, <\/b><b>Lactosa, <\/b>emulgente lecitina <b>(Soja), <\/b>aroma), sirope de glucosa-fructosa, Cacao en polvo alcalinizado, Miel, gasificante (E500), Jarabe invertido (Az\u00facar, agua potable, acidulante: (E300), corrector de acidez (E500), aroma), Aguardiente. Despu\u00e9s de descongelar, no volver a congelar. Comercializaci\u00f3n: Lackmann Fleisch- und Feinkostfabrik GmbH, Carl Benz Stra\u00dfe 10, 77731 Willst\u00e4tt, Alemania. A una temperatura de \u2264 -18\u00b0C consumir preferentemente antes de:  <!--NWT-Text-->Valores energ\u00e9ticos y nutricionales medios por 100g: Valor energ\u00e9tico: 1998 kJ \/ 478 kcal, Grasas: 27g, - de las cuales \u00e1cidos grasos saturados: 16g, Hidratos de Carbono: 51g, - de los cuales az\u00facares: 26g, Prote\u00ednas: 7,3g, Sal: 0,35g,  <!--NWT-Table--><\/p>\n<table>\n<tbody>\n<tr>\n<td colspan=\"2\">Valores energ\u00e9ticos y nutricionales medios por 100g:<\/td>\n<\/tr>\n<tr>\n<td>Valor energ\u00e9tico:<\/td>\n<td align = \"right\">1998 kJ\/478kcal<\/td>\n<\/tr>\n<tr>\n<td>Grasas:<\/td>\n<td align = \"right\">27g<\/td>\n<\/tr>\n<tr>\n<td>- de las cuales \u00e1cidos grasos saturados:<\/td>\n<td align = \"right\">16g<\/td>\n<\/tr>\n<tr>\n<td>Hidratos de Carbono:<\/td>\n<td align = \"right\">51g<\/td>\n<\/tr>\n<tr>\n<td>- de los cuales az\u00facares:<\/td>\n<td align = \"right\">26g<\/td>\n<\/tr>\n<tr>\n<td>Prote\u00ednas:<\/td>\n<td align = \"right\">7,3g<\/td>\n<\/tr>\n<tr>\n<td>Sal:<\/td>\n<td align = \"right\">0,35g<\/td>\n<\/tr>\n<\/tbody>\n<\/table>\n<p> <!--Bezeichnung-->Especialidad de confiter\u00eda con 24% leche condensada, ultracongelado. <\/p>\n","protected":false},"excerpt":{"rendered":"<p>Especialidad de confiter\u00eda con 24% leche condensada, ultracongelado. Ingredientes: Mantequilla, Leche condensada (Leche entera, Az\u00facar, Leche entera en polvo, estabilizador: E407), harina de trigo, Az\u00facar, huevo de gallina, cacahuetes, Margarina (grasas y aceites vegetales (Palma, Colza), agua potable, emulgente (E471, E322), sal de calidad alimentaria, colorante (E160a), aroma), decoracion blanca (Az\u00facar, grasa d\u2018almendra de palma [&hellip;]<\/p>\n","protected":false},"featured_media":3173,"template":"","meta":{"inline_featured_image":false},"product_brand":[],"product_cat":[165,164],"product_tag":[],"class_list":{"0":"post-3475","1":"product","2":"type-product","3":"status-publish","4":"has-post-thumbnail","6":"product_cat-konditerskie-izdeliya","7":"product_cat-sladosti-i-vypechka","9":"first","10":"instock","11":"shipping-taxable","12":"purchasable","13":"product-type-simple"},"acf":[],"_links":{"self":[{"href":"https:\/\/kalinkamagazin.com\/es\/wp-json\/wp\/v2\/product\/3475","targetHints":{"allow":["GET"]}}],"collection":[{"href":"https:\/\/kalinkamagazin.com\/es\/wp-json\/wp\/v2\/product"}],"about":[{"href":"https:\/\/kalinkamagazin.com\/es\/wp-json\/wp\/v2\/types\/product"}],"wp:featuredmedia":[{"embeddable":true,"href":"https:\/\/kalinkamagazin.com\/es\/wp-json\/wp\/v2\/media\/3173"}],"wp:attachment":[{"href":"https:\/\/kalinkamagazin.com\/es\/wp-json\/wp\/v2\/media?parent=3475"}],"wp:term":[{"taxonomy":"product_brand","embeddable":true,"href":"https:\/\/kalinkamagazin.com\/es\/wp-json\/wp\/v2\/product_brand?post=3475"},{"taxonomy":"product_cat","embeddable":true,"href":"https:\/\/kalinkamagazin.com\/es\/wp-json\/wp\/v2\/product_cat?post=3475"},{"taxonomy":"product_tag","embeddable":true,"href":"https:\/\/kalinkamagazin.com\/es\/wp-json\/wp\/v2\/product_tag?post=3475"}],"curies":[{"name":"wp","href":"https:\/\/api.w.org\/{rel}","templated":true}]}}