{"id":3476,"date":"2026-01-27T20:46:35","date_gmt":"2026-01-27T17:46:35","guid":{"rendered":"https:\/\/kalinkamagazin.com\/product\/6534-especialidad-de-confitera-de-cacahuetes-en-glaseado-de-cacao\/"},"modified":"2026-01-27T20:46:35","modified_gmt":"2026-01-27T17:46:35","slug":"6534-especialidad-de-confitera-de-cacahuetes-en-glaseado-de-cacao","status":"publish","type":"product","link":"https:\/\/kalinkamagazin.com\/es\/product\/6534-especialidad-de-confitera-de-cacahuetes-en-glaseado-de-cacao\/","title":{"rendered":"Especialidad de confiter\u00eda de cacahuetes en glaseado de cacao."},"content":{"rendered":"<p>Especialidad de confiter\u00eda de cacahuetes en glaseado de cacao. . Solo para venta a granel. Ingredientes: <b>cacahuetes <\/b>rallado 41%, glaseado de cacao 30% (Az\u00facar, Masa de cacao, grasas y aceites vegetales (Palma, karit\u00e9), Cacao en polvo, emulgentes: (lecitina <b>(Soja), <\/b>E476), aroma), Jarabe de glucosa, Az\u00facar, <b>Semillas de s\u00e9samo <\/b>rallado 2%, Extracto de ra\u00edz de regaliz, Antioxidantes: (\u00c1cido asc\u00f3rbico), aroma, sal de calidad alimentaria. Este producto puede tener trazas de: <b>Gluten, <\/b><b>huevos, <\/b><b>Leche, <\/b><b>Almendra, <\/b><b>avellanas, <\/b><b>di\u00f3xido de azufre. <\/b>Almacenar en un lugar fresco y seco. Comercializaci\u00f3n: Lackmann Fleisch- und Feinkostfabrik GmbH, Carl Benz Stra\u00dfe 10, 77731 Willst\u00e4tt, Alemania. Consumir preferentemente antes de:  <!--NWT-Text-->Valores energ\u00e9ticos y nutricionales medios por 100g: Valor energ\u00e9tico: 2210 kJ \/ 530 kcal, Grasas: 32g, - de las cuales \u00e1cidos grasos saturados: 10g, Hidratos de Carbono: 44g, - de los cuales az\u00facares: 35g, Prote\u00ednas: 14g, Sal: 0,10g,  <!--NWT-Table--><\/p>\n<table>\n<tbody>\n<tr>\n<td colspan=\"2\">Valores energ\u00e9ticos y nutricionales medios por 100g:<\/td>\n<\/tr>\n<tr>\n<td>Valor energ\u00e9tico:<\/td>\n<td align = \"right\">2210 kJ\/530kcal<\/td>\n<\/tr>\n<tr>\n<td>Grasas:<\/td>\n<td align = \"right\">32g<\/td>\n<\/tr>\n<tr>\n<td>- de las cuales \u00e1cidos grasos saturados:<\/td>\n<td align = \"right\">10g<\/td>\n<\/tr>\n<tr>\n<td>Hidratos de Carbono:<\/td>\n<td align = \"right\">44g<\/td>\n<\/tr>\n<tr>\n<td>- de los cuales az\u00facares:<\/td>\n<td align = \"right\">35g<\/td>\n<\/tr>\n<tr>\n<td>Prote\u00ednas:<\/td>\n<td align = \"right\">14g<\/td>\n<\/tr>\n<tr>\n<td>Sal:<\/td>\n<td align = \"right\">0,10g<\/td>\n<\/tr>\n<\/tbody>\n<\/table>\n<p> <!--Bezeichnung-->Especialidad de confiter\u00eda de cacahuetes en glaseado de cacao. . <\/p>\n","protected":false},"excerpt":{"rendered":"<p>Especialidad de confiter\u00eda de cacahuetes en glaseado de cacao. . Solo para venta a granel. Ingredientes: cacahuetes rallado 41%, glaseado de cacao 30% (Az\u00facar, Masa de cacao, grasas y aceites vegetales (Palma, karit\u00e9), Cacao en polvo, emulgentes: (lecitina (Soja), E476), aroma), Jarabe de glucosa, Az\u00facar, Semillas de s\u00e9samo rallado 2%, Extracto de ra\u00edz de regaliz, [&hellip;]<\/p>\n","protected":false},"featured_media":2952,"template":"","meta":{"inline_featured_image":false},"product_brand":[],"product_cat":[174],"product_tag":[],"class_list":{"0":"post-3476","1":"product","2":"type-product","3":"status-publish","4":"has-post-thumbnail","6":"product_cat-konfety","8":"first","9":"instock","10":"shipping-taxable","11":"purchasable","12":"product-type-simple"},"acf":[],"_links":{"self":[{"href":"https:\/\/kalinkamagazin.com\/es\/wp-json\/wp\/v2\/product\/3476","targetHints":{"allow":["GET"]}}],"collection":[{"href":"https:\/\/kalinkamagazin.com\/es\/wp-json\/wp\/v2\/product"}],"about":[{"href":"https:\/\/kalinkamagazin.com\/es\/wp-json\/wp\/v2\/types\/product"}],"wp:featuredmedia":[{"embeddable":true,"href":"https:\/\/kalinkamagazin.com\/es\/wp-json\/wp\/v2\/media\/2952"}],"wp:attachment":[{"href":"https:\/\/kalinkamagazin.com\/es\/wp-json\/wp\/v2\/media?parent=3476"}],"wp:term":[{"taxonomy":"product_brand","embeddable":true,"href":"https:\/\/kalinkamagazin.com\/es\/wp-json\/wp\/v2\/product_brand?post=3476"},{"taxonomy":"product_cat","embeddable":true,"href":"https:\/\/kalinkamagazin.com\/es\/wp-json\/wp\/v2\/product_cat?post=3476"},{"taxonomy":"product_tag","embeddable":true,"href":"https:\/\/kalinkamagazin.com\/es\/wp-json\/wp\/v2\/product_tag?post=3476"}],"curies":[{"name":"wp","href":"https:\/\/api.w.org\/{rel}","templated":true}]}}