{"id":3483,"date":"2026-01-27T20:47:17","date_gmt":"2026-01-27T17:47:17","guid":{"rendered":"https:\/\/kalinkamagazin.com\/product\/7261-ganchitos-dulce\/"},"modified":"2026-01-27T20:47:17","modified_gmt":"2026-01-27T17:47:17","slug":"7261-ganchitos-dulce","status":"publish","type":"product","link":"https:\/\/kalinkamagazin.com\/es\/product\/7261-ganchitos-dulce\/","title":{"rendered":"Ganchitos dulce"},"content":{"rendered":"<p>Ganchitos dulce . Ingredientes: S\u00e9mola de ma\u00edz  60%, Az\u00facar glaseado, aceite de girasol, sal de calidad alimentaria. Fabricado para: Lackmann Fleisch-und Feinkostfabrik GmbH, Carl Benz Stra\u00dfe 10, 77731 Willst\u00e4tt. Almacenar en un lugar fresco y seco. Consumir preferentemente antes de: ver impresi\u00f3n dorso. Valores energ\u00e9ticos y nutricionales medios por 100g: Fibra: 4,5g.  <!--NWT-Text-->Valores energ\u00e9ticos y nutricionales medios por 100g: Valor energ\u00e9tico: 2278 kJ \/ 542 kcal, Grasas: 19g, - de las cuales \u00e1cidos grasos saturados: 1,8g, Hidratos de Carbono: 86g, - de los cuales az\u00facares: 24g, Prote\u00ednas: 4,5g, Sal: 0,50g,  <!--NWT-Table--><\/p>\n<table>\n<tbody>\n<tr>\n<td colspan=\"2\">Valores energ\u00e9ticos y nutricionales medios por 100g:<\/td>\n<\/tr>\n<tr>\n<td>Valor energ\u00e9tico:<\/td>\n<td align = \"right\">2278 kJ\/542kcal<\/td>\n<\/tr>\n<tr>\n<td>Grasas:<\/td>\n<td align = \"right\">19g<\/td>\n<\/tr>\n<tr>\n<td>- de las cuales \u00e1cidos grasos saturados:<\/td>\n<td align = \"right\">1,8g<\/td>\n<\/tr>\n<tr>\n<td>Hidratos de Carbono:<\/td>\n<td align = \"right\">86g<\/td>\n<\/tr>\n<tr>\n<td>- de los cuales az\u00facares:<\/td>\n<td align = \"right\">24g<\/td>\n<\/tr>\n<tr>\n<td>Prote\u00ednas:<\/td>\n<td align = \"right\">4,5g<\/td>\n<\/tr>\n<tr>\n<td>Sal:<\/td>\n<td align = \"right\">0,50g<\/td>\n<\/tr>\n<\/tbody>\n<\/table>\n<p> <!--Bezeichnung-->Ganchitos dulce . <\/p>\n","protected":false},"excerpt":{"rendered":"<p>Ganchitos dulce . Ingredientes: S\u00e9mola de ma\u00edz 60%, Az\u00facar glaseado, aceite de girasol, sal de calidad alimentaria. Fabricado para: Lackmann Fleisch-und Feinkostfabrik GmbH, Carl Benz Stra\u00dfe 10, 77731 Willst\u00e4tt. Almacenar en un lugar fresco y seco. Consumir preferentemente antes de: ver impresi\u00f3n dorso. Valores energ\u00e9ticos y nutricionales medios por 100g: Fibra: 4,5g. Valores energ\u00e9ticos y [&hellip;]<\/p>\n","protected":false},"featured_media":2975,"template":"","meta":{"inline_featured_image":false},"product_brand":[],"product_cat":[141,140],"product_tag":[],"class_list":{"0":"post-3483","1":"product","2":"type-product","3":"status-publish","4":"has-post-thumbnail","6":"product_cat-zyorna-zlaki","7":"product_cat-krupy-zlaki-i-sneki","9":"first","10":"instock","11":"shipping-taxable","12":"purchasable","13":"product-type-simple"},"acf":[],"_links":{"self":[{"href":"https:\/\/kalinkamagazin.com\/es\/wp-json\/wp\/v2\/product\/3483","targetHints":{"allow":["GET"]}}],"collection":[{"href":"https:\/\/kalinkamagazin.com\/es\/wp-json\/wp\/v2\/product"}],"about":[{"href":"https:\/\/kalinkamagazin.com\/es\/wp-json\/wp\/v2\/types\/product"}],"wp:featuredmedia":[{"embeddable":true,"href":"https:\/\/kalinkamagazin.com\/es\/wp-json\/wp\/v2\/media\/2975"}],"wp:attachment":[{"href":"https:\/\/kalinkamagazin.com\/es\/wp-json\/wp\/v2\/media?parent=3483"}],"wp:term":[{"taxonomy":"product_brand","embeddable":true,"href":"https:\/\/kalinkamagazin.com\/es\/wp-json\/wp\/v2\/product_brand?post=3483"},{"taxonomy":"product_cat","embeddable":true,"href":"https:\/\/kalinkamagazin.com\/es\/wp-json\/wp\/v2\/product_cat?post=3483"},{"taxonomy":"product_tag","embeddable":true,"href":"https:\/\/kalinkamagazin.com\/es\/wp-json\/wp\/v2\/product_tag?post=3483"}],"curies":[{"name":"wp","href":"https:\/\/api.w.org\/{rel}","templated":true}]}}