{"id":3484,"date":"2026-01-27T17:32:41","date_gmt":"2026-01-27T14:32:41","guid":{"rendered":"https:\/\/kalinkamagazin.com\/product\/7263-ganchitos-dulce-con-sabor-a-leche-condensada-azucarada\/"},"modified":"2026-03-18T20:56:08","modified_gmt":"2026-03-18T17:56:08","slug":"7263-ganchitos-dulce-con-sabor-a-leche-condensada-azucarada","status":"publish","type":"product","link":"https:\/\/kalinkamagazin.com\/es\/product\/7263-ganchitos-dulce-con-sabor-a-leche-condensada-azucarada\/","title":{"rendered":"Ganchitos dulce con sabor a leche condensada azucarada"},"content":{"rendered":"<p>Ganchitos dulce con sabor a leche condensada azucarada. Ingredientes: S\u00e9mola de ma\u00edz 60%, Az\u00facar glaseado, aceite de girasol, sal de calidad alimentaria, aroma. Almacenar en un lugar seco y protegido del calor Fabricado para: Lackmann Fleisch-und Feinkostfabrik GmbH, Carl Benz Stra\u00dfe 10, 77731 Willst\u00e4tt. Consumir preferentemente antes de: ver impresi\u00f3n, segunda l\u00ednea. <!--NWT-Text-->Valores energ\u00e9ticos y nutricionales medios por 100g: Valor energ\u00e9tico: 2107 kJ \/ 502 kcal, Grasas: 19g, - de las cuales \u00e1cidos grasos saturados: 1,8g, Hidratos de Carbono: 76g, - de los cuales az\u00facares: 21g, Prote\u00ednas: 4,5g, Sal: 0,50g, <!--NWT-Table--><\/p>\n<table>\n<tbody>\n<tr>\n<td colspan=\"2\">Valores energ\u00e9ticos y nutricionales medios por 100g:<\/td>\n<\/tr>\n<tr>\n<td>Valor energ\u00e9tico:<\/td>\n<td align=\"right\">2107 kJ\/502kcal<\/td>\n<\/tr>\n<tr>\n<td>Grasas:<\/td>\n<td align=\"right\">19g<\/td>\n<\/tr>\n<tr>\n<td>- de las cuales \u00e1cidos grasos saturados:<\/td>\n<td align=\"right\">1,8g<\/td>\n<\/tr>\n<tr>\n<td>Hidratos de Carbono:<\/td>\n<td align=\"right\">76g<\/td>\n<\/tr>\n<tr>\n<td>- de los cuales az\u00facares:<\/td>\n<td align=\"right\">21g<\/td>\n<\/tr>\n<tr>\n<td>Prote\u00ednas:<\/td>\n<td align=\"right\">4,5g<\/td>\n<\/tr>\n<tr>\n<td>Sal:<\/td>\n<td align=\"right\">0,50g<\/td>\n<\/tr>\n<\/tbody>\n<\/table>\n<p><!--Bezeichnung-->Ganchitos dulce con sabor a leche condensada azucarada.<\/p>\n","protected":false},"excerpt":{"rendered":"<p>Ganchitos dulce con sabor a leche condensada azucarada. Ingredientes: S\u00e9mola de ma\u00edz 60%, Az\u00facar glaseado, aceite de girasol, sal de calidad alimentaria, aroma. Almacenar en un lugar seco y protegido del calor Fabricado para: Lackmann Fleisch-und Feinkostfabrik GmbH, Carl Benz Stra\u00dfe 10, 77731 Willst\u00e4tt. Consumir preferentemente antes de: ver impresi\u00f3n, segunda l\u00ednea. Valores energ\u00e9ticos y [&hellip;]<\/p>\n","protected":false},"featured_media":2973,"template":"","meta":{"inline_featured_image":false},"product_brand":[],"product_cat":[208,207],"product_tag":[],"class_list":{"0":"post-3484","1":"product","2":"type-product","3":"status-publish","4":"has-post-thumbnail","6":"product_cat-granos-cereales","7":"product_cat-granos-cereales-y-snacks","9":"first","10":"instock","11":"shipping-taxable","12":"purchasable","13":"product-type-simple"},"acf":[],"_links":{"self":[{"href":"https:\/\/kalinkamagazin.com\/es\/wp-json\/wp\/v2\/product\/3484","targetHints":{"allow":["GET"]}}],"collection":[{"href":"https:\/\/kalinkamagazin.com\/es\/wp-json\/wp\/v2\/product"}],"about":[{"href":"https:\/\/kalinkamagazin.com\/es\/wp-json\/wp\/v2\/types\/product"}],"wp:featuredmedia":[{"embeddable":true,"href":"https:\/\/kalinkamagazin.com\/es\/wp-json\/wp\/v2\/media\/2973"}],"wp:attachment":[{"href":"https:\/\/kalinkamagazin.com\/es\/wp-json\/wp\/v2\/media?parent=3484"}],"wp:term":[{"taxonomy":"product_brand","embeddable":true,"href":"https:\/\/kalinkamagazin.com\/es\/wp-json\/wp\/v2\/product_brand?post=3484"},{"taxonomy":"product_cat","embeddable":true,"href":"https:\/\/kalinkamagazin.com\/es\/wp-json\/wp\/v2\/product_cat?post=3484"},{"taxonomy":"product_tag","embeddable":true,"href":"https:\/\/kalinkamagazin.com\/es\/wp-json\/wp\/v2\/product_tag?post=3484"}],"curies":[{"name":"wp","href":"https:\/\/api.w.org\/{rel}","templated":true}]}}