{"id":3486,"date":"2026-01-27T20:47:35","date_gmt":"2026-01-27T17:47:35","guid":{"rendered":"https:\/\/kalinkamagazin.com\/product\/7061-gouda-mnimo-45-grasa-en-el-extracto-seca-en-rodajas\/"},"modified":"2026-01-27T20:47:35","modified_gmt":"2026-01-27T17:47:35","slug":"7061-gouda-mnimo-45-grasa-en-el-extracto-seca-en-rodajas","status":"publish","type":"product","link":"https:\/\/kalinkamagazin.com\/es\/product\/7061-gouda-mnimo-45-grasa-en-el-extracto-seca-en-rodajas\/","title":{"rendered":"Gouda m\u00ednimo 45% grasa en el extracto seca, en rodajas"},"content":{"rendered":"<p>Gouda m\u00ednimo 45% grasa en el extracto seca, en rodajas. Ingredientes: <b>Leche entera, <\/b>sal de calidad alimentaria, bacterias l\u00e1cticas, estabilizador: (cloruro c\u00e1lcio), A un m\u00e1ximo de 10% Consumir preferentemente antes de:v\u00e9ase en el envase. Comercializaci\u00f3n: Lackmann Fleisch- und Feinkostfabrik GmbH, Carl Benz Stra\u00dfe 10, 77731 Willst\u00e4tt, Alemania.,  <!--NWT-Text-->Valores energ\u00e9ticos y nutricionales medios por 100g: Valor energ\u00e9tico: 1441 kJ \/ 347 kcal, Grasas: 27g, - de las cuales \u00e1cidos grasos saturados: 17g, Hidratos de Carbono: 0g, - de los cuales az\u00facares: 0g, Prote\u00ednas: 26g, Sal: 1,3g,  <!--NWT-Table--><\/p>\n<table>\n<tbody>\n<tr>\n<td colspan=\"2\">Valores energ\u00e9ticos y nutricionales medios por 100g:<\/td>\n<\/tr>\n<tr>\n<td>Valor energ\u00e9tico:<\/td>\n<td align = \"right\">1441 kJ\/347kcal<\/td>\n<\/tr>\n<tr>\n<td>Grasas:<\/td>\n<td align = \"right\">27g<\/td>\n<\/tr>\n<tr>\n<td>- de las cuales \u00e1cidos grasos saturados:<\/td>\n<td align = \"right\">17g<\/td>\n<\/tr>\n<tr>\n<td>Hidratos de Carbono:<\/td>\n<td align = \"right\">0g<\/td>\n<\/tr>\n<tr>\n<td>- de los cuales az\u00facares:<\/td>\n<td align = \"right\">0g<\/td>\n<\/tr>\n<tr>\n<td>Prote\u00ednas:<\/td>\n<td align = \"right\">26g<\/td>\n<\/tr>\n<tr>\n<td>Sal:<\/td>\n<td align = \"right\">1,3g<\/td>\n<\/tr>\n<\/tbody>\n<\/table>\n<p> <!--Bezeichnung-->Gouda m\u00ednimo 45% grasa en el extracto seca, en rodajas. <\/p>\n","protected":false},"excerpt":{"rendered":"<p>Gouda m\u00ednimo 45% grasa en el extracto seca, en rodajas. Ingredientes: Leche entera, sal de calidad alimentaria, bacterias l\u00e1cticas, estabilizador: (cloruro c\u00e1lcio), A un m\u00e1ximo de 10% Consumir preferentemente antes de:v\u00e9ase en el envase. Comercializaci\u00f3n: Lackmann Fleisch- und Feinkostfabrik GmbH, Carl Benz Stra\u00dfe 10, 77731 Willst\u00e4tt, Alemania., Valores energ\u00e9ticos y nutricionales medios por 100g: Valor [&hellip;]<\/p>\n","protected":false},"featured_media":3299,"template":"","meta":{"inline_featured_image":false},"product_brand":[],"product_cat":[121,119],"product_tag":[],"class_list":{"0":"post-3486","1":"product","2":"type-product","3":"status-publish","4":"has-post-thumbnail","6":"product_cat-kislomolochnye-produkty","7":"product_cat-molochnye-produkty","9":"first","10":"instock","11":"shipping-taxable","12":"purchasable","13":"product-type-simple"},"acf":[],"_links":{"self":[{"href":"https:\/\/kalinkamagazin.com\/es\/wp-json\/wp\/v2\/product\/3486","targetHints":{"allow":["GET"]}}],"collection":[{"href":"https:\/\/kalinkamagazin.com\/es\/wp-json\/wp\/v2\/product"}],"about":[{"href":"https:\/\/kalinkamagazin.com\/es\/wp-json\/wp\/v2\/types\/product"}],"wp:featuredmedia":[{"embeddable":true,"href":"https:\/\/kalinkamagazin.com\/es\/wp-json\/wp\/v2\/media\/3299"}],"wp:attachment":[{"href":"https:\/\/kalinkamagazin.com\/es\/wp-json\/wp\/v2\/media?parent=3486"}],"wp:term":[{"taxonomy":"product_brand","embeddable":true,"href":"https:\/\/kalinkamagazin.com\/es\/wp-json\/wp\/v2\/product_brand?post=3486"},{"taxonomy":"product_cat","embeddable":true,"href":"https:\/\/kalinkamagazin.com\/es\/wp-json\/wp\/v2\/product_cat?post=3486"},{"taxonomy":"product_tag","embeddable":true,"href":"https:\/\/kalinkamagazin.com\/es\/wp-json\/wp\/v2\/product_tag?post=3486"}],"curies":[{"name":"wp","href":"https:\/\/api.w.org\/{rel}","templated":true}]}}