{"id":3488,"date":"2026-01-27T20:47:47","date_gmt":"2026-01-27T17:47:47","guid":{"rendered":"https:\/\/kalinkamagazin.com\/product\/6743-grosella-roja-ultracongelado-iqf\/"},"modified":"2026-04-06T17:47:43","modified_gmt":"2026-04-06T14:47:43","slug":"6743-grosella-roja-ultracongelado-iqf","status":"publish","type":"product","link":"https:\/\/kalinkamagazin.com\/es\/product\/6743-grosella-roja-ultracongelado-iqf\/","title":{"rendered":"Grosella roja, ultracongelado (IQF)"},"content":{"rendered":"<p>Grosella roja, ultracongelado (IQF)  . Despu\u00e9s de descongelar, no volver a congelar. Comercializaci\u00f3n: Lackmann Fleisch- und Feinkostfabrik GmbH, Carl Benz Stra\u00dfe 10, 77731 Willst\u00e4tt, Alemania. A una temperatura de \u2264 -18\u00b0C consumir preferentemente antes de: Consultar la fecha en el adhesivo blanco en alem\u00e1n. n\u00famero de lote: V\u00e9ase fecha de caducidad.  <!--NWT-Text-->Valores energ\u00e9ticos y nutricionales medios por 100g: Valor energ\u00e9tico: 159 kJ \/ 38 kcal, Grasas: <0,5g, - de las cuales \u00e1cidos grasos saturados: 0g, Hidratos de Carbono: 13g, - de los cuales az\u00facares: 5,5g, Prote\u00ednas: 1,1g, Sal: 0g,  <!--NWT-Table--><\/p>\n<table>\n<tbody>\n<tr>\n<td colspan=\"2\">Valores energ\u00e9ticos y nutricionales medios por 100g:<\/td>\n<\/tr>\n<tr>\n<td>Valor energ\u00e9tico:<\/td>\n<td align = \"right\">159 kJ\/38kcal<\/td>\n<\/tr>\n<tr>\n<td>Grasas:<\/td>\n<td align = \"right\"><0,5g<\/td>\n<\/tr>\n<tr>\n<td>- de las cuales \u00e1cidos grasos saturados:<\/td>\n<td align = \"right\">0g<\/td>\n<\/tr>\n<tr>\n<td>Hidratos de Carbono:<\/td>\n<td align = \"right\">13g<\/td>\n<\/tr>\n<tr>\n<td>- de los cuales az\u00facares:<\/td>\n<td align = \"right\">5,5g<\/td>\n<\/tr>\n<tr>\n<td>Prote\u00ednas:<\/td>\n<td align = \"right\">1,1g<\/td>\n<\/tr>\n<tr>\n<td>Sal:<\/td>\n<td align = \"right\">0g<\/td>\n<\/tr>\n<\/tbody>\n<\/table>\n<p> <!--Bezeichnung-->Grosella roja, ultracongelado (IQF)  . <\/p>\n","protected":false},"excerpt":{"rendered":"<p>Grosella roja, ultracongelado (IQF) . Despu\u00e9s de descongelar, no volver a congelar. Comercializaci\u00f3n: Lackmann Fleisch- und Feinkostfabrik GmbH, Carl Benz Stra\u00dfe 10, 77731 Willst\u00e4tt, Alemania. A una temperatura de \u2264 -18\u00b0C consumir preferentemente antes de: Consultar la fecha en el adhesivo blanco en alem\u00e1n. n\u00famero de lote: V\u00e9ase fecha de caducidad. Valores energ\u00e9ticos y nutricionales [&hellip;]<\/p>\n","protected":false},"featured_media":2958,"template":"","meta":{"inline_featured_image":false},"product_brand":[],"product_cat":[190,105,108],"product_tag":[],"class_list":{"0":"post-3488","1":"product","2":"type-product","3":"status-publish","4":"has-post-thumbnail","6":"product_cat-bayas-frutas-del-bosque-congeladas","7":"product_cat-zamorozhennye-produkty-i-hleb","8":"product_cat-yagody-zamorozka","10":"first","11":"instock","12":"shipping-taxable","13":"purchasable","14":"product-type-simple"},"acf":[],"_links":{"self":[{"href":"https:\/\/kalinkamagazin.com\/es\/wp-json\/wp\/v2\/product\/3488","targetHints":{"allow":["GET"]}}],"collection":[{"href":"https:\/\/kalinkamagazin.com\/es\/wp-json\/wp\/v2\/product"}],"about":[{"href":"https:\/\/kalinkamagazin.com\/es\/wp-json\/wp\/v2\/types\/product"}],"wp:featuredmedia":[{"embeddable":true,"href":"https:\/\/kalinkamagazin.com\/es\/wp-json\/wp\/v2\/media\/2958"}],"wp:attachment":[{"href":"https:\/\/kalinkamagazin.com\/es\/wp-json\/wp\/v2\/media?parent=3488"}],"wp:term":[{"taxonomy":"product_brand","embeddable":true,"href":"https:\/\/kalinkamagazin.com\/es\/wp-json\/wp\/v2\/product_brand?post=3488"},{"taxonomy":"product_cat","embeddable":true,"href":"https:\/\/kalinkamagazin.com\/es\/wp-json\/wp\/v2\/product_cat?post=3488"},{"taxonomy":"product_tag","embeddable":true,"href":"https:\/\/kalinkamagazin.com\/es\/wp-json\/wp\/v2\/product_tag?post=3488"}],"curies":[{"name":"wp","href":"https:\/\/api.w.org\/{rel}","templated":true}]}}