{"id":3489,"date":"2026-01-27T20:47:52","date_gmt":"2026-01-27T17:47:52","guid":{"rendered":"https:\/\/kalinkamagazin.com\/product\/7417-guisantes-triturado\/"},"modified":"2026-01-27T20:47:52","modified_gmt":"2026-01-27T17:47:52","slug":"7417-guisantes-triturado","status":"publish","type":"product","link":"https:\/\/kalinkamagazin.com\/es\/product\/7417-guisantes-triturado\/","title":{"rendered":"Guisantes, triturado."},"content":{"rendered":"<p>Guisantes, triturado.. 5 bolsas de cocci\u00f3n de 80 g. Este producto puede tener trazas de: <b>Trigo, <\/b><b>Avena, <\/b><b>Centeno, <\/b><b>Espelta, <\/b><b>cebada. <\/b>Almacenar en un lugar fresco y seco. Sugerencias de preparaci\u00f3n: Introducir la bolsa de cocci\u00f3n en una olla con agua hirviendo y dejar hervir a fuego lento 30-50 minutos. Una vez finalizada la cocci\u00f3n, sacar la bolsa, escurrir brevemente, abrir y servir el contenido. Comercializaci\u00f3n: Lackmann Fleisch- und Feinkostfabrik GmbH, Carl Benz Stra\u00dfe 10, 77731 Willst\u00e4tt, Alemania. Consumir preferentemente antes de: v\u00e9ase en el envase, segunda l\u00ednea. Valores energ\u00e9ticos y nutricionales medios por 100g: Fibra: 20g.  <!--NWT-Text-->Valores energ\u00e9ticos y nutricionales medios por 100g: Valor energ\u00e9tico: 1391 kJ \/ 332 kcal, Grasas: 1,5g, - de las cuales \u00e1cidos grasos saturados: <0,1g, Hidratos de Carbono: 46g, - de los cuales az\u00facares: 6,4g, Prote\u00ednas: 23g, Sal: 0,10g,  <!--NWT-Table--><\/p>\n<table>\n<tbody>\n<tr>\n<td colspan=\"2\">Valores energ\u00e9ticos y nutricionales medios por 100g:<\/td>\n<\/tr>\n<tr>\n<td>Valor energ\u00e9tico:<\/td>\n<td align = \"right\">1391 kJ\/332kcal<\/td>\n<\/tr>\n<tr>\n<td>Grasas:<\/td>\n<td align = \"right\">1,5g<\/td>\n<\/tr>\n<tr>\n<td>- de las cuales \u00e1cidos grasos saturados:<\/td>\n<td align = \"right\"><0,1g<\/td>\n<\/tr>\n<tr>\n<td>Hidratos de Carbono:<\/td>\n<td align = \"right\">46g<\/td>\n<\/tr>\n<tr>\n<td>- de los cuales az\u00facares:<\/td>\n<td align = \"right\">6,4g<\/td>\n<\/tr>\n<tr>\n<td>Prote\u00ednas:<\/td>\n<td align = \"right\">23g<\/td>\n<\/tr>\n<tr>\n<td>Sal:<\/td>\n<td align = \"right\">0,10g<\/td>\n<\/tr>\n<\/tbody>\n<\/table>\n<p> <!--Bezeichnung-->Guisantes, triturado.. <\/p>\n","protected":false},"excerpt":{"rendered":"<p>Guisantes, triturado.. 5 bolsas de cocci\u00f3n de 80 g. Este producto puede tener trazas de: Trigo, Avena, Centeno, Espelta, cebada. Almacenar en un lugar fresco y seco. Sugerencias de preparaci\u00f3n: Introducir la bolsa de cocci\u00f3n en una olla con agua hirviendo y dejar hervir a fuego lento 30-50 minutos. Una vez finalizada la cocci\u00f3n, sacar [&hellip;]<\/p>\n","protected":false},"featured_media":2808,"template":"","meta":{"inline_featured_image":false},"product_brand":[],"product_cat":[142,140],"product_tag":[],"class_list":{"0":"post-3489","1":"product","2":"type-product","3":"status-publish","4":"has-post-thumbnail","6":"product_cat-krupy","7":"product_cat-krupy-zlaki-i-sneki","9":"first","10":"instock","11":"shipping-taxable","12":"purchasable","13":"product-type-simple"},"acf":[],"_links":{"self":[{"href":"https:\/\/kalinkamagazin.com\/es\/wp-json\/wp\/v2\/product\/3489","targetHints":{"allow":["GET"]}}],"collection":[{"href":"https:\/\/kalinkamagazin.com\/es\/wp-json\/wp\/v2\/product"}],"about":[{"href":"https:\/\/kalinkamagazin.com\/es\/wp-json\/wp\/v2\/types\/product"}],"wp:featuredmedia":[{"embeddable":true,"href":"https:\/\/kalinkamagazin.com\/es\/wp-json\/wp\/v2\/media\/2808"}],"wp:attachment":[{"href":"https:\/\/kalinkamagazin.com\/es\/wp-json\/wp\/v2\/media?parent=3489"}],"wp:term":[{"taxonomy":"product_brand","embeddable":true,"href":"https:\/\/kalinkamagazin.com\/es\/wp-json\/wp\/v2\/product_brand?post=3489"},{"taxonomy":"product_cat","embeddable":true,"href":"https:\/\/kalinkamagazin.com\/es\/wp-json\/wp\/v2\/product_cat?post=3489"},{"taxonomy":"product_tag","embeddable":true,"href":"https:\/\/kalinkamagazin.com\/es\/wp-json\/wp\/v2\/product_tag?post=3489"}],"curies":[{"name":"wp","href":"https:\/\/api.w.org\/{rel}","templated":true}]}}