{"id":3490,"date":"2026-01-27T20:47:58","date_gmt":"2026-01-27T17:47:58","guid":{"rendered":"https:\/\/kalinkamagazin.com\/product\/7544-harina-de-trigo\/"},"modified":"2026-01-27T20:47:58","modified_gmt":"2026-01-27T17:47:58","slug":"7544-harina-de-trigo","status":"publish","type":"product","link":"https:\/\/kalinkamagazin.com\/es\/product\/7544-harina-de-trigo\/","title":{"rendered":"Harina de trigo"},"content":{"rendered":"<p>Harina de trigo . \u00a1No apto para el consumo en crudo! cocinar completamente antes de su consumo. Este producto puede tener trazas de: <b>Avena, <\/b><b>Centeno, <\/b><b>Espelta, <\/b><b>cebada. <\/b>Almacenar en un lugar fresco y seco. Sin abrir, consumir preferentemente antes de: ver impresi\u00f3n, arriba. Comercializaci\u00f3n: Lackmann Fleisch- und Feinkostfabrik GmbH, Carl Benz Stra\u00dfe 10, 77731 Willst\u00e4tt, Alemania. Valores energ\u00e9ticos y nutricionales medios por 100g, Fibra: 3,5g.  <!--NWT-Text-->Valores energ\u00e9ticos y nutricionales medios por 100g: Valor energ\u00e9tico: 1408 kJ \/ 336 kcal, Grasas: 1,0g, - de las cuales \u00e1cidos grasos saturados: 0,2g, Hidratos de Carbono: 69g, - de los cuales az\u00facares: 1,0g, Prote\u00ednas: 10g, Sal: <0,1g,  <!--NWT-Table--><\/p>\n<table>\n<tbody>\n<tr>\n<td colspan=\"2\">Valores energ\u00e9ticos y nutricionales medios por 100g:<\/td>\n<\/tr>\n<tr>\n<td>Valor energ\u00e9tico:<\/td>\n<td align = \"right\">1408 kJ\/336kcal<\/td>\n<\/tr>\n<tr>\n<td>Grasas:<\/td>\n<td align = \"right\">1,0g<\/td>\n<\/tr>\n<tr>\n<td>- de las cuales \u00e1cidos grasos saturados:<\/td>\n<td align = \"right\">0,2g<\/td>\n<\/tr>\n<tr>\n<td>Hidratos de Carbono:<\/td>\n<td align = \"right\">69g<\/td>\n<\/tr>\n<tr>\n<td>- de los cuales az\u00facares:<\/td>\n<td align = \"right\">1,0g<\/td>\n<\/tr>\n<tr>\n<td>Prote\u00ednas:<\/td>\n<td align = \"right\">10g<\/td>\n<\/tr>\n<tr>\n<td>Sal:<\/td>\n<td align = \"right\"><0,1g<\/td>\n<\/tr>\n<\/tbody>\n<\/table>\n<p> <!--Bezeichnung-->Harina de trigo . <\/p>\n","protected":false},"excerpt":{"rendered":"<p>Harina de trigo . \u00a1No apto para el consumo en crudo! cocinar completamente antes de su consumo. Este producto puede tener trazas de: Avena, Centeno, Espelta, cebada. Almacenar en un lugar fresco y seco. Sin abrir, consumir preferentemente antes de: ver impresi\u00f3n, arriba. Comercializaci\u00f3n: Lackmann Fleisch- und Feinkostfabrik GmbH, Carl Benz Stra\u00dfe 10, 77731 Willst\u00e4tt, [&hellip;]<\/p>\n","protected":false},"featured_media":3050,"template":"","meta":{"inline_featured_image":false},"product_brand":[],"product_cat":[142,140],"product_tag":[],"class_list":{"0":"post-3490","1":"product","2":"type-product","3":"status-publish","4":"has-post-thumbnail","6":"product_cat-krupy","7":"product_cat-krupy-zlaki-i-sneki","9":"first","10":"instock","11":"shipping-taxable","12":"purchasable","13":"product-type-simple"},"acf":[],"_links":{"self":[{"href":"https:\/\/kalinkamagazin.com\/es\/wp-json\/wp\/v2\/product\/3490","targetHints":{"allow":["GET"]}}],"collection":[{"href":"https:\/\/kalinkamagazin.com\/es\/wp-json\/wp\/v2\/product"}],"about":[{"href":"https:\/\/kalinkamagazin.com\/es\/wp-json\/wp\/v2\/types\/product"}],"wp:featuredmedia":[{"embeddable":true,"href":"https:\/\/kalinkamagazin.com\/es\/wp-json\/wp\/v2\/media\/3050"}],"wp:attachment":[{"href":"https:\/\/kalinkamagazin.com\/es\/wp-json\/wp\/v2\/media?parent=3490"}],"wp:term":[{"taxonomy":"product_brand","embeddable":true,"href":"https:\/\/kalinkamagazin.com\/es\/wp-json\/wp\/v2\/product_brand?post=3490"},{"taxonomy":"product_cat","embeddable":true,"href":"https:\/\/kalinkamagazin.com\/es\/wp-json\/wp\/v2\/product_cat?post=3490"},{"taxonomy":"product_tag","embeddable":true,"href":"https:\/\/kalinkamagazin.com\/es\/wp-json\/wp\/v2\/product_tag?post=3490"}],"curies":[{"name":"wp","href":"https:\/\/api.w.org\/{rel}","templated":true}]}}