{"id":3491,"date":"2026-01-27T20:48:05","date_gmt":"2026-01-27T17:48:05","guid":{"rendered":"https:\/\/kalinkamagazin.com\/product\/8696-helado-en-glaseado-blancoua-06-24-07-mp\/"},"modified":"2026-01-27T20:48:05","modified_gmt":"2026-01-27T17:48:05","slug":"8696-helado-en-glaseado-blancoua-06-24-07-mp","status":"publish","type":"product","link":"https:\/\/kalinkamagazin.com\/es\/product\/8696-helado-en-glaseado-blancoua-06-24-07-mp\/","title":{"rendered":"Helado en glaseado blanco.UA 06-24-07 MP"},"content":{"rendered":"<p>Helado en glaseado blanco.UA 06-24-07 MP. 110 ml. Ingredientes: <b>Leche desnatada, <\/b><b>Nata, <\/b>Glaseado blanco 24%: (aceite de coco, Az\u00facar, <b>Leche entera en polvo, <\/b><b>Leche desnatada en polvo, <\/b>(grasas y aceites vegetales: (Palma, karit\u00e9), emulgente <b>(lecitina de soja), <\/b>Aroma de vainilla), Az\u00facar, agua potable, <b>Leche desnatada en polvo, <\/b>emulgentes: (mono y diglic\u00e9ridos de \u00e1cidos grasos alimenticios), estabilizadores: (E410, E407, E412), aroma. Este producto puede tener trazas de <b>Gluten, <\/b><b>Huevo, <\/b><b>cacahuetes, <\/b><b>Almendras, <\/b><b>avellanas, <\/b><b>Semillas de s\u00e9samo. <\/b>Despu\u00e9s de descongelar, no volver a congelar. A una temperatura de \u2264 -18\u00b0C consumir preferentemente antes de: ver impresi\u00f3n, primera l\u00ednea. Comercializaci\u00f3n: Lackmann Fleisch- und Feinkostfabrik GmbH, Carl Benz Stra\u00dfe 10, 77731 Willst\u00e4tt, Alemania.  <!--NWT-Text-->Valores energ\u00e9ticos y nutricionales medios por 100g: Valor energ\u00e9tico: 1340 kJ \/ 320 kcal, Grasas: 24g, - de las cuales \u00e1cidos grasos saturados: 22g, Hidratos de Carbono: 22g, - de los cuales az\u00facares: 17g, Prote\u00ednas: 3,5g, Sal: 0,10g,  <!--NWT-Table--><\/p>\n<table>\n<tbody>\n<tr>\n<td colspan=\"2\">Valores energ\u00e9ticos y nutricionales medios por 100g:<\/td>\n<\/tr>\n<tr>\n<td>Valor energ\u00e9tico:<\/td>\n<td align = \"right\">1340 kJ\/320kcal<\/td>\n<\/tr>\n<tr>\n<td>Grasas:<\/td>\n<td align = \"right\">24g<\/td>\n<\/tr>\n<tr>\n<td>- de las cuales \u00e1cidos grasos saturados:<\/td>\n<td align = \"right\">22g<\/td>\n<\/tr>\n<tr>\n<td>Hidratos de Carbono:<\/td>\n<td align = \"right\">22g<\/td>\n<\/tr>\n<tr>\n<td>- de los cuales az\u00facares:<\/td>\n<td align = \"right\">17g<\/td>\n<\/tr>\n<tr>\n<td>Prote\u00ednas:<\/td>\n<td align = \"right\">3,5g<\/td>\n<\/tr>\n<tr>\n<td>Sal:<\/td>\n<td align = \"right\">0,10g<\/td>\n<\/tr>\n<\/tbody>\n<\/table>\n<p> <!--Bezeichnung-->Helado en glaseado blanco.UA 06-24-07 MP. <\/p>\n","protected":false},"excerpt":{"rendered":"<p>Helado en glaseado blanco.UA 06-24-07 MP. 110 ml. Ingredientes: Leche desnatada, Nata, Glaseado blanco 24%: (aceite de coco, Az\u00facar, Leche entera en polvo, Leche desnatada en polvo, (grasas y aceites vegetales: (Palma, karit\u00e9), emulgente (lecitina de soja), Aroma de vainilla), Az\u00facar, agua potable, Leche desnatada en polvo, emulgentes: (mono y diglic\u00e9ridos de \u00e1cidos grasos alimenticios), [&hellip;]<\/p>\n","protected":false},"featured_media":3179,"template":"","meta":{"inline_featured_image":false},"product_brand":[],"product_cat":[105,109],"product_tag":[],"class_list":{"0":"post-3491","1":"product","2":"type-product","3":"status-publish","4":"has-post-thumbnail","6":"product_cat-zamorozhennye-produkty-i-hleb","7":"product_cat-morozhenoe","9":"first","10":"instock","11":"shipping-taxable","12":"purchasable","13":"product-type-simple"},"acf":[],"_links":{"self":[{"href":"https:\/\/kalinkamagazin.com\/es\/wp-json\/wp\/v2\/product\/3491","targetHints":{"allow":["GET"]}}],"collection":[{"href":"https:\/\/kalinkamagazin.com\/es\/wp-json\/wp\/v2\/product"}],"about":[{"href":"https:\/\/kalinkamagazin.com\/es\/wp-json\/wp\/v2\/types\/product"}],"wp:featuredmedia":[{"embeddable":true,"href":"https:\/\/kalinkamagazin.com\/es\/wp-json\/wp\/v2\/media\/3179"}],"wp:attachment":[{"href":"https:\/\/kalinkamagazin.com\/es\/wp-json\/wp\/v2\/media?parent=3491"}],"wp:term":[{"taxonomy":"product_brand","embeddable":true,"href":"https:\/\/kalinkamagazin.com\/es\/wp-json\/wp\/v2\/product_brand?post=3491"},{"taxonomy":"product_cat","embeddable":true,"href":"https:\/\/kalinkamagazin.com\/es\/wp-json\/wp\/v2\/product_cat?post=3491"},{"taxonomy":"product_tag","embeddable":true,"href":"https:\/\/kalinkamagazin.com\/es\/wp-json\/wp\/v2\/product_tag?post=3491"}],"curies":[{"name":"wp","href":"https:\/\/api.w.org\/{rel}","templated":true}]}}