{"id":3493,"date":"2026-01-27T17:40:45","date_gmt":"2026-01-27T14:40:45","guid":{"rendered":"https:\/\/kalinkamagazin.com\/product\/6932-hgado-de-bacalao-en-su-jugo-y-aceite\/"},"modified":"2026-01-27T20:48:17","modified_gmt":"2026-01-27T17:48:17","slug":"6932-hgado-de-bacalao-en-su-jugo-y-aceite","status":"publish","type":"product","link":"https:\/\/kalinkamagazin.com\/es\/product\/6932-hgado-de-bacalao-en-su-jugo-y-aceite\/","title":{"rendered":"H\u00edgado de bacalao en su jugo y aceite."},"content":{"rendered":"<p>H\u00edgado de bacalao en su jugo y aceite.. Ingredientes: <b>H\u00edgado de bacalao <\/b>99%*, sal de calidad alimentaria. *Contenido de h\u00edgado de bacalao en el momento de la elaboraci\u00f3n. El producto puede disminuir peso al calentarse. Sin abrir, consumir preferentemente antes de: ver impresi\u00f3n lateral, segunda l\u00ednea. Una vez abierto, conservar en la nevera. Una vez abierto, consumir en un m\u00e1ximo de 3 d\u00edas. Comercializaci\u00f3n: Lackmann Fleisch- und Feinkostfabrik GmbH, Carl Benz Stra\u00dfe 10, 77731 Willst\u00e4tt, Alemania.  <!--NWT-Text-->Valores energ\u00e9ticos y nutricionales medios por 100g: Valor energ\u00e9tico: 1611 kJ \/ 386 kcal, Grasas: 39g, - de las cuales \u00e1cidos grasos saturados: 8,0g, Hidratos de Carbono: <0,5g, - de los cuales az\u00facares: <0,5g, Prote\u00ednas: 8,5g, Sal: 1,0g,  <!--NWT-Table--><\/p>\n<table>\n<tbody>\n<tr>\n<td colspan=\"2\">Valores energ\u00e9ticos y nutricionales medios por 100g:<\/td>\n<\/tr>\n<tr>\n<td>Valor energ\u00e9tico:<\/td>\n<td align = \"right\">1611 kJ\/386kcal<\/td>\n<\/tr>\n<tr>\n<td>Grasas:<\/td>\n<td align = \"right\">39g<\/td>\n<\/tr>\n<tr>\n<td>- de las cuales \u00e1cidos grasos saturados:<\/td>\n<td align = \"right\">8,0g<\/td>\n<\/tr>\n<tr>\n<td>Hidratos de Carbono:<\/td>\n<td align = \"right\"><0,5g<\/td>\n<\/tr>\n<tr>\n<td>- de los cuales az\u00facares:<\/td>\n<td align = \"right\"><0,5g<\/td>\n<\/tr>\n<tr>\n<td>Prote\u00ednas:<\/td>\n<td align = \"right\">8,5g<\/td>\n<\/tr>\n<tr>\n<td>Sal:<\/td>\n<td align = \"right\">1,0g<\/td>\n<\/tr>\n<\/tbody>\n<\/table>\n<p> <!--Bezeichnung-->H\u00edgado de bacalao en su jugo y aceite.. <\/p>\n","protected":false},"excerpt":{"rendered":"<p>H\u00edgado de bacalao en su jugo y aceite.. Ingredientes: H\u00edgado de bacalao 99%*, sal de calidad alimentaria. *Contenido de h\u00edgado de bacalao en el momento de la elaboraci\u00f3n. El producto puede disminuir peso al calentarse. Sin abrir, consumir preferentemente antes de: ver impresi\u00f3n lateral, segunda l\u00ednea. Una vez abierto, conservar en la nevera. Una vez [&hellip;]<\/p>\n","protected":false},"featured_media":3144,"template":"","meta":{"inline_featured_image":false},"product_brand":[],"product_cat":[234,232],"product_tag":[],"class_list":{"0":"post-3493","1":"product","2":"type-product","3":"status-publish","4":"has-post-thumbnail","6":"product_cat-conservas-de-pescado","7":"product_cat-pescado-y-productos-de-pescado","9":"first","10":"instock","11":"shipping-taxable","12":"purchasable","13":"product-type-simple"},"acf":[],"_links":{"self":[{"href":"https:\/\/kalinkamagazin.com\/es\/wp-json\/wp\/v2\/product\/3493","targetHints":{"allow":["GET"]}}],"collection":[{"href":"https:\/\/kalinkamagazin.com\/es\/wp-json\/wp\/v2\/product"}],"about":[{"href":"https:\/\/kalinkamagazin.com\/es\/wp-json\/wp\/v2\/types\/product"}],"wp:featuredmedia":[{"embeddable":true,"href":"https:\/\/kalinkamagazin.com\/es\/wp-json\/wp\/v2\/media\/3144"}],"wp:attachment":[{"href":"https:\/\/kalinkamagazin.com\/es\/wp-json\/wp\/v2\/media?parent=3493"}],"wp:term":[{"taxonomy":"product_brand","embeddable":true,"href":"https:\/\/kalinkamagazin.com\/es\/wp-json\/wp\/v2\/product_brand?post=3493"},{"taxonomy":"product_cat","embeddable":true,"href":"https:\/\/kalinkamagazin.com\/es\/wp-json\/wp\/v2\/product_cat?post=3493"},{"taxonomy":"product_tag","embeddable":true,"href":"https:\/\/kalinkamagazin.com\/es\/wp-json\/wp\/v2\/product_tag?post=3493"}],"curies":[{"name":"wp","href":"https:\/\/api.w.org\/{rel}","templated":true}]}}