{"id":3496,"date":"2026-01-27T20:48:35","date_gmt":"2026-01-27T17:48:35","guid":{"rendered":"https:\/\/kalinkamagazin.com\/product\/7855-lactarius-salado-lactarius-resimus\/"},"modified":"2026-01-27T20:48:35","modified_gmt":"2026-01-27T17:48:35","slug":"7855-lactarius-salado-lactarius-resimus","status":"publish","type":"product","link":"https:\/\/kalinkamagazin.com\/es\/product\/7855-lactarius-salado-lactarius-resimus\/","title":{"rendered":"Lactarius salado (Lactarius resimus)"},"content":{"rendered":"<p>Lactarius salado (Lactarius resimus). Peso neto escurrido: 4,5 kg. Ingredientes: Lactarius, agua, sal de calidad alimentaria, especias, Hierbas, r\u00e1bano picante deshidratado. Solo para venta a granel. A +2 \u00b0C - +4 \u00b0C consumir preferentemente antes de: v\u00e9ase la tapa. Comercializaci\u00f3n: Lackmann Fleisch- und Feinkostfabrik GmbH, Carl Benz Stra\u00dfe 10, 77731 Willst\u00e4tt, Alemania.  <!--NWT-Text-->Valores energ\u00e9ticos y nutricionales medios por 100g: Valor energ\u00e9tico: 79 kJ \/ 19 kcal, Grasas: 0,8g, - de las cuales \u00e1cidos grasos saturados: 0g, Hidratos de Carbono: 1,1g, - de los cuales az\u00facares: <0,5g, Prote\u00ednas: 1,8g, Sal: 4,0g,  <!--NWT-Table--><\/p>\n<table>\n<tbody>\n<tr>\n<td colspan=\"2\">Valores energ\u00e9ticos y nutricionales medios por 100g:<\/td>\n<\/tr>\n<tr>\n<td>Valor energ\u00e9tico:<\/td>\n<td align = \"right\">79 kJ\/19kcal<\/td>\n<\/tr>\n<tr>\n<td>Grasas:<\/td>\n<td align = \"right\">0,8g<\/td>\n<\/tr>\n<tr>\n<td>- de las cuales \u00e1cidos grasos saturados:<\/td>\n<td align = \"right\">0g<\/td>\n<\/tr>\n<tr>\n<td>Hidratos de Carbono:<\/td>\n<td align = \"right\">1,1g<\/td>\n<\/tr>\n<tr>\n<td>- de los cuales az\u00facares:<\/td>\n<td align = \"right\"><0,5g<\/td>\n<\/tr>\n<tr>\n<td>Prote\u00ednas:<\/td>\n<td align = \"right\">1,8g<\/td>\n<\/tr>\n<tr>\n<td>Sal:<\/td>\n<td align = \"right\">4,0g<\/td>\n<\/tr>\n<\/tbody>\n<\/table>\n<p> <!--Bezeichnung-->Lactarius salado (Lactarius resimus). <\/p>\n","protected":false},"excerpt":{"rendered":"<p>Lactarius salado (Lactarius resimus). Peso neto escurrido: 4,5 kg. Ingredientes: Lactarius, agua, sal de calidad alimentaria, especias, Hierbas, r\u00e1bano picante deshidratado. Solo para venta a granel. A +2 \u00b0C - +4 \u00b0C consumir preferentemente antes de: v\u00e9ase la tapa. Comercializaci\u00f3n: Lackmann Fleisch- und Feinkostfabrik GmbH, Carl Benz Stra\u00dfe 10, 77731 Willst\u00e4tt, Alemania. Valores energ\u00e9ticos y [&hellip;]<\/p>\n","protected":false},"featured_media":2841,"template":"","meta":{"inline_featured_image":false},"product_brand":[],"product_cat":[134,128],"product_tag":[],"class_list":{"0":"post-3496","1":"product","2":"type-product","3":"status-publish","4":"has-post-thumbnail","6":"product_cat-griby-konservirovannye","7":"product_cat-konservacziya","9":"first","10":"instock","11":"shipping-taxable","12":"purchasable","13":"product-type-simple"},"acf":[],"_links":{"self":[{"href":"https:\/\/kalinkamagazin.com\/es\/wp-json\/wp\/v2\/product\/3496","targetHints":{"allow":["GET"]}}],"collection":[{"href":"https:\/\/kalinkamagazin.com\/es\/wp-json\/wp\/v2\/product"}],"about":[{"href":"https:\/\/kalinkamagazin.com\/es\/wp-json\/wp\/v2\/types\/product"}],"wp:featuredmedia":[{"embeddable":true,"href":"https:\/\/kalinkamagazin.com\/es\/wp-json\/wp\/v2\/media\/2841"}],"wp:attachment":[{"href":"https:\/\/kalinkamagazin.com\/es\/wp-json\/wp\/v2\/media?parent=3496"}],"wp:term":[{"taxonomy":"product_brand","embeddable":true,"href":"https:\/\/kalinkamagazin.com\/es\/wp-json\/wp\/v2\/product_brand?post=3496"},{"taxonomy":"product_cat","embeddable":true,"href":"https:\/\/kalinkamagazin.com\/es\/wp-json\/wp\/v2\/product_cat?post=3496"},{"taxonomy":"product_tag","embeddable":true,"href":"https:\/\/kalinkamagazin.com\/es\/wp-json\/wp\/v2\/product_tag?post=3496"}],"curies":[{"name":"wp","href":"https:\/\/api.w.org\/{rel}","templated":true}]}}