{"id":3497,"date":"2026-01-27T20:48:40","date_gmt":"2026-01-27T17:48:40","guid":{"rendered":"https:\/\/kalinkamagazin.com\/product\/7046-leche-condensada-azucarada-85-de-grasa\/"},"modified":"2026-01-27T20:48:40","modified_gmt":"2026-01-27T17:48:40","slug":"7046-leche-condensada-azucarada-85-de-grasa","status":"publish","type":"product","link":"https:\/\/kalinkamagazin.com\/es\/product\/7046-leche-condensada-azucarada-85-de-grasa\/","title":{"rendered":"Leche condensada azucarada, 8,5% de grasa"},"content":{"rendered":"<p>Leche condensada azucarada, 8,5% de grasa,. 20% <b>Materia seca l\u00e1ctea no grasa. <\/b>Ingredientes: <b>Leche entera, <\/b>Az\u00facar (45%). Almacenar en un lugar fresco y seco. Consumir preferentemente antes de: v\u00e9ase en la base. Comercializaci\u00f3n: Lackmann Fleisch- und Feinkostfabrik GmbH, Carl Benz Stra\u00dfe 10, 77731 Willst\u00e4tt, Alemania.  <!--NWT-Text-->Valores energ\u00e9ticos y nutricionales medios por 100g: Valor energ\u00e9tico: 1397 kJ \/ 331 kcal, Grasas: 8,5g, - de las cuales \u00e1cidos grasos saturados: 5,7g, Hidratos de Carbono: 57g, - de los cuales az\u00facares: 57g, Prote\u00ednas: 7,2g, Sal: 0,28g,  <!--NWT-Table--><\/p>\n<table>\n<tbody>\n<tr>\n<td colspan=\"2\">Valores energ\u00e9ticos y nutricionales medios por 100g:<\/td>\n<\/tr>\n<tr>\n<td>Valor energ\u00e9tico:<\/td>\n<td align = \"right\">1397 kJ\/331kcal<\/td>\n<\/tr>\n<tr>\n<td>Grasas:<\/td>\n<td align = \"right\">8,5g<\/td>\n<\/tr>\n<tr>\n<td>- de las cuales \u00e1cidos grasos saturados:<\/td>\n<td align = \"right\">5,7g<\/td>\n<\/tr>\n<tr>\n<td>Hidratos de Carbono:<\/td>\n<td align = \"right\">57g<\/td>\n<\/tr>\n<tr>\n<td>- de los cuales az\u00facares:<\/td>\n<td align = \"right\">57g<\/td>\n<\/tr>\n<tr>\n<td>Prote\u00ednas:<\/td>\n<td align = \"right\">7,2g<\/td>\n<\/tr>\n<tr>\n<td>Sal:<\/td>\n<td align = \"right\">0,28g<\/td>\n<\/tr>\n<\/tbody>\n<\/table>\n<p> <!--Bezeichnung-->Leche condensada azucarada, 8,5% de grasa,. <\/p>\n","protected":false},"excerpt":{"rendered":"<p>Leche condensada azucarada, 8,5% de grasa,. 20% Materia seca l\u00e1ctea no grasa. Ingredientes: Leche entera, Az\u00facar (45%). Almacenar en un lugar fresco y seco. Consumir preferentemente antes de: v\u00e9ase en la base. Comercializaci\u00f3n: Lackmann Fleisch- und Feinkostfabrik GmbH, Carl Benz Stra\u00dfe 10, 77731 Willst\u00e4tt, Alemania. Valores energ\u00e9ticos y nutricionales medios por 100g: Valor energ\u00e9tico: 1397 [&hellip;]<\/p>\n","protected":false},"featured_media":3245,"template":"","meta":{"inline_featured_image":false},"product_brand":[],"product_cat":[119,122],"product_tag":[],"class_list":{"0":"post-3497","1":"product","2":"type-product","3":"status-publish","4":"has-post-thumbnail","6":"product_cat-molochnye-produkty","7":"product_cat-sgushhyonka","9":"first","10":"instock","11":"shipping-taxable","12":"purchasable","13":"product-type-simple"},"acf":[],"_links":{"self":[{"href":"https:\/\/kalinkamagazin.com\/es\/wp-json\/wp\/v2\/product\/3497","targetHints":{"allow":["GET"]}}],"collection":[{"href":"https:\/\/kalinkamagazin.com\/es\/wp-json\/wp\/v2\/product"}],"about":[{"href":"https:\/\/kalinkamagazin.com\/es\/wp-json\/wp\/v2\/types\/product"}],"wp:featuredmedia":[{"embeddable":true,"href":"https:\/\/kalinkamagazin.com\/es\/wp-json\/wp\/v2\/media\/3245"}],"wp:attachment":[{"href":"https:\/\/kalinkamagazin.com\/es\/wp-json\/wp\/v2\/media?parent=3497"}],"wp:term":[{"taxonomy":"product_brand","embeddable":true,"href":"https:\/\/kalinkamagazin.com\/es\/wp-json\/wp\/v2\/product_brand?post=3497"},{"taxonomy":"product_cat","embeddable":true,"href":"https:\/\/kalinkamagazin.com\/es\/wp-json\/wp\/v2\/product_cat?post=3497"},{"taxonomy":"product_tag","embeddable":true,"href":"https:\/\/kalinkamagazin.com\/es\/wp-json\/wp\/v2\/product_tag?post=3497"}],"curies":[{"name":"wp","href":"https:\/\/api.w.org\/{rel}","templated":true}]}}