{"id":3498,"date":"2026-01-27T20:48:47","date_gmt":"2026-01-27T17:48:47","guid":{"rendered":"https:\/\/kalinkamagazin.com\/product\/7412-lentejas\/"},"modified":"2026-01-27T20:48:47","modified_gmt":"2026-01-27T17:48:47","slug":"7412-lentejas","status":"publish","type":"product","link":"https:\/\/kalinkamagazin.com\/es\/product\/7412-lentejas\/","title":{"rendered":"Lentejas."},"content":{"rendered":"<p>Lentejas. . 5 bolsas de cocci\u00f3n de 80 g. Sugerencias de preparaci\u00f3n: Introducir la bolsa de cocci\u00f3n en una olla con agua hirviendo y dejar hervir a fuego lento 30 minutos. Una vez finalizada la cocci\u00f3n, sacar la bolsa, escurrir brevemente, abrir y servir el contenido. Este producto puede tener trazas de: <b>Trigo, <\/b><b>Centeno, <\/b><b>cebada, <\/b><b>Avena, <\/b><b>Espelta. <\/b>Almacenar en un lugar fresco y seco. Consumir preferentemente antes de: ver impresi\u00f3n, segunda l\u00ednea. Fibra: 9,2g. Comercializaci\u00f3n:  Lackmann Fleisch- und Feinkostfabrik GmbH, Carl-Benz-Stra\u00dfe 10, 77731 Willst\u00e4tt, Deutschland.  <!--NWT-Text-->Valores energ\u00e9ticos y nutricionales medios por 100g: Valor energ\u00e9tico: 1589 kJ \/ 375 kcal, Grasas: 1,0g, - de las cuales \u00e1cidos grasos saturados: 0g, Hidratos de Carbono: 62g, - de los cuales az\u00facares: 2,3g, Prote\u00ednas: 25g, Sal: 0,40g,  <!--NWT-Table--><\/p>\n<table>\n<tbody>\n<tr>\n<td colspan=\"2\">Valores energ\u00e9ticos y nutricionales medios por 100g:<\/td>\n<\/tr>\n<tr>\n<td>Valor energ\u00e9tico:<\/td>\n<td align = \"right\">1589 kJ\/375kcal<\/td>\n<\/tr>\n<tr>\n<td>Grasas:<\/td>\n<td align = \"right\">1,0g<\/td>\n<\/tr>\n<tr>\n<td>- de las cuales \u00e1cidos grasos saturados:<\/td>\n<td align = \"right\">0g<\/td>\n<\/tr>\n<tr>\n<td>Hidratos de Carbono:<\/td>\n<td align = \"right\">62g<\/td>\n<\/tr>\n<tr>\n<td>- de los cuales az\u00facares:<\/td>\n<td align = \"right\">2,3g<\/td>\n<\/tr>\n<tr>\n<td>Prote\u00ednas:<\/td>\n<td align = \"right\">25g<\/td>\n<\/tr>\n<tr>\n<td>Sal:<\/td>\n<td align = \"right\">0,40g<\/td>\n<\/tr>\n<\/tbody>\n<\/table>\n<p> <!--Bezeichnung-->Lentejas. . <\/p>\n","protected":false},"excerpt":{"rendered":"<p>Lentejas. . 5 bolsas de cocci\u00f3n de 80 g. Sugerencias de preparaci\u00f3n: Introducir la bolsa de cocci\u00f3n en una olla con agua hirviendo y dejar hervir a fuego lento 30 minutos. Una vez finalizada la cocci\u00f3n, sacar la bolsa, escurrir brevemente, abrir y servir el contenido. Este producto puede tener trazas de: Trigo, Centeno, cebada, [&hellip;]<\/p>\n","protected":false},"featured_media":3369,"template":"","meta":{"inline_featured_image":false},"product_brand":[],"product_cat":[142,140],"product_tag":[],"class_list":{"0":"post-3498","1":"product","2":"type-product","3":"status-publish","4":"has-post-thumbnail","6":"product_cat-krupy","7":"product_cat-krupy-zlaki-i-sneki","9":"first","10":"instock","11":"shipping-taxable","12":"purchasable","13":"product-type-simple"},"acf":[],"_links":{"self":[{"href":"https:\/\/kalinkamagazin.com\/es\/wp-json\/wp\/v2\/product\/3498","targetHints":{"allow":["GET"]}}],"collection":[{"href":"https:\/\/kalinkamagazin.com\/es\/wp-json\/wp\/v2\/product"}],"about":[{"href":"https:\/\/kalinkamagazin.com\/es\/wp-json\/wp\/v2\/types\/product"}],"wp:featuredmedia":[{"embeddable":true,"href":"https:\/\/kalinkamagazin.com\/es\/wp-json\/wp\/v2\/media\/3369"}],"wp:attachment":[{"href":"https:\/\/kalinkamagazin.com\/es\/wp-json\/wp\/v2\/media?parent=3498"}],"wp:term":[{"taxonomy":"product_brand","embeddable":true,"href":"https:\/\/kalinkamagazin.com\/es\/wp-json\/wp\/v2\/product_brand?post=3498"},{"taxonomy":"product_cat","embeddable":true,"href":"https:\/\/kalinkamagazin.com\/es\/wp-json\/wp\/v2\/product_cat?post=3498"},{"taxonomy":"product_tag","embeddable":true,"href":"https:\/\/kalinkamagazin.com\/es\/wp-json\/wp\/v2\/product_tag?post=3498"}],"curies":[{"name":"wp","href":"https:\/\/api.w.org\/{rel}","templated":true}]}}