{"id":3499,"date":"2026-01-27T20:48:52","date_gmt":"2026-01-27T17:48:52","guid":{"rendered":"https:\/\/kalinkamagazin.com\/product\/7999-lt-51-15-eb-filete-de-arenque-clupea-harengus-harengus-en-aceite-ligeramente-salado\/"},"modified":"2026-01-27T20:48:52","modified_gmt":"2026-01-27T17:48:52","slug":"7999-lt-51-15-eb-filete-de-arenque-clupea-harengus-harengus-en-aceite-ligeramente-salado","status":"publish","type":"product","link":"https:\/\/kalinkamagazin.com\/es\/product\/7999-lt-51-15-eb-filete-de-arenque-clupea-harengus-harengus-en-aceite-ligeramente-salado\/","title":{"rendered":"LT 51-15 EB. Filete de arenque (Clupea harengus harengus) en Aceite, ligeramente salado."},"content":{"rendered":"<p>LT 51-15 EB. Filete de arenque (Clupea harengus harengus) en Aceite, ligeramente salado.. Ingredientes: <b>filete de arenque <\/b>69%, Aceite vegetal 31%, (1-aceite de colza o 2-aceite de girasol), sal de calidad alimentaria, potenciador del sabor: (E621), correctores de acidez (E260, E330, E331, E575), Dextrosa, conservantes (E211, E202). Para saber el origen del aceite y el pescado, v\u00e9ase el indicador num\u00e9rico o el c\u00f3digo alfab\u00e9tico que aparece despu\u00e9s de la fecha de caducidad. <b>arenque <\/b>Zona de captura: Atl\u00e1ntico nordeste, A- Mar de Noruega y\/o B- Mar del Norte y\/o C- Plataforma continental de Islandia. M\u00e9todo de captura: redes de cerco y redes izadas y\/o redes de arrastre. Comercializaci\u00f3n: Lackmann Fleisch- und Feinkostfabrik GmbH, Carl Benz Stra\u00dfe 10, 77731 Willst\u00e4tt, Alemania. A -2 \u00b0C - +6 \u00b0C consumir preferentemente antes de:  <!--NWT-Text-->Valores energ\u00e9ticos y nutricionales medios por 100g: Valor energ\u00e9tico: 763 kJ \/ 182 kcal, Grasas: 13g, - de las cuales \u00e1cidos grasos saturados: 7,4g, Hidratos de Carbono: 1,5g, - de los cuales az\u00facares: 1,2g, Prote\u00ednas: 14g, Sal: 3,8g,  <!--NWT-Table--><\/p>\n<table>\n<tbody>\n<tr>\n<td colspan=\"2\">Valores energ\u00e9ticos y nutricionales medios por 100g:<\/td>\n<\/tr>\n<tr>\n<td>Valor energ\u00e9tico:<\/td>\n<td align = \"right\">763 kJ\/182kcal<\/td>\n<\/tr>\n<tr>\n<td>Grasas:<\/td>\n<td align = \"right\">13g<\/td>\n<\/tr>\n<tr>\n<td>- de las cuales \u00e1cidos grasos saturados:<\/td>\n<td align = \"right\">7,4g<\/td>\n<\/tr>\n<tr>\n<td>Hidratos de Carbono:<\/td>\n<td align = \"right\">1,5g<\/td>\n<\/tr>\n<tr>\n<td>- de los cuales az\u00facares:<\/td>\n<td align = \"right\">1,2g<\/td>\n<\/tr>\n<tr>\n<td>Prote\u00ednas:<\/td>\n<td align = \"right\">14g<\/td>\n<\/tr>\n<tr>\n<td>Sal:<\/td>\n<td align = \"right\">3,8g<\/td>\n<\/tr>\n<\/tbody>\n<\/table>\n<p> <!--Bezeichnung-->LT 51-15 EB. Filete de arenque (Clupea harengus harengus) en Aceite, ligeramente salado.. <\/p>\n","protected":false},"excerpt":{"rendered":"<p>LT 51-15 EB. Filete de arenque (Clupea harengus harengus) en Aceite, ligeramente salado.. Ingredientes: filete de arenque 69%, Aceite vegetal 31%, (1-aceite de colza o 2-aceite de girasol), sal de calidad alimentaria, potenciador del sabor: (E621), correctores de acidez (E260, E330, E331, E575), Dextrosa, conservantes (E211, E202). Para saber el origen del aceite y el [&hellip;]<\/p>\n","protected":false},"featured_media":3266,"template":"","meta":{"inline_featured_image":false},"product_brand":[],"product_cat":[114,113],"product_tag":[],"class_list":{"0":"post-3499","1":"product","2":"type-product","3":"status-publish","4":"has-post-thumbnail","6":"product_cat-ryba","7":"product_cat-ryba-i-rybnye-produkty","9":"first","10":"instock","11":"shipping-taxable","12":"purchasable","13":"product-type-simple"},"acf":[],"_links":{"self":[{"href":"https:\/\/kalinkamagazin.com\/es\/wp-json\/wp\/v2\/product\/3499","targetHints":{"allow":["GET"]}}],"collection":[{"href":"https:\/\/kalinkamagazin.com\/es\/wp-json\/wp\/v2\/product"}],"about":[{"href":"https:\/\/kalinkamagazin.com\/es\/wp-json\/wp\/v2\/types\/product"}],"wp:featuredmedia":[{"embeddable":true,"href":"https:\/\/kalinkamagazin.com\/es\/wp-json\/wp\/v2\/media\/3266"}],"wp:attachment":[{"href":"https:\/\/kalinkamagazin.com\/es\/wp-json\/wp\/v2\/media?parent=3499"}],"wp:term":[{"taxonomy":"product_brand","embeddable":true,"href":"https:\/\/kalinkamagazin.com\/es\/wp-json\/wp\/v2\/product_brand?post=3499"},{"taxonomy":"product_cat","embeddable":true,"href":"https:\/\/kalinkamagazin.com\/es\/wp-json\/wp\/v2\/product_cat?post=3499"},{"taxonomy":"product_tag","embeddable":true,"href":"https:\/\/kalinkamagazin.com\/es\/wp-json\/wp\/v2\/product_tag?post=3499"}],"curies":[{"name":"wp","href":"https:\/\/api.w.org\/{rel}","templated":true}]}}