{"id":3501,"date":"2026-01-27T20:49:03","date_gmt":"2026-01-27T17:49:03","guid":{"rendered":"https:\/\/kalinkamagazin.com\/product\/8169-manzanilla-con-sabor-a-manzana-y-con-sabor-a-canela\/"},"modified":"2026-01-27T20:49:03","modified_gmt":"2026-01-27T17:49:03","slug":"8169-manzanilla-con-sabor-a-manzana-y-con-sabor-a-canela","status":"publish","type":"product","link":"https:\/\/kalinkamagazin.com\/es\/product\/8169-manzanilla-con-sabor-a-manzana-y-con-sabor-a-canela\/","title":{"rendered":"Manzanilla con sabor a manzana y con sabor a canela."},"content":{"rendered":"<p>Manzanilla con sabor a manzana y con sabor a canela.. 25 bolsitas de t\u00e9 de 1,5 g cada una. Ingredientes: manzanilla, Canela, Manzana deshidratado, aroma. Verter siempre con agua hirviendo burbujeante y dejar reposar al menos 4-6 minutos. Solo as\u00ed disfrutar\u00e1 de un alimento seguro.. Almacenar en un lugar fresco y seco. Consumir preferentemente antes del fin de v\u00e9ase en el envase. v\u00e9ase en la base, segunda l\u00ednea. Comercializaci\u00f3n: Lackmann Fleisch- und Feinkostfabrik GmbH, Carl Benz Stra\u00dfe 10, 77731 Willst\u00e4tt, Alemania.  <!--NWT-Text--> <!--NWT-Table--> <!--Bezeichnung-->Manzanilla con sabor a manzana y con sabor a canela.. <\/p>\n","protected":false},"excerpt":{"rendered":"<p>Manzanilla con sabor a manzana y con sabor a canela.. 25 bolsitas de t\u00e9 de 1,5 g cada una. Ingredientes: manzanilla, Canela, Manzana deshidratado, aroma. Verter siempre con agua hirviendo burbujeante y dejar reposar al menos 4-6 minutos. Solo as\u00ed disfrutar\u00e1 de un alimento seguro.. Almacenar en un lugar fresco y seco. Consumir preferentemente antes [&hellip;]<\/p>\n","protected":false},"featured_media":3342,"template":"","meta":{"inline_featured_image":false},"product_brand":[],"product_cat":[149,147],"product_tag":[],"class_list":{"0":"post-3501","1":"product","2":"type-product","3":"status-publish","4":"has-post-thumbnail","6":"product_cat-kofe","7":"product_cat-chaj-i-kofe","9":"first","10":"instock","11":"shipping-taxable","12":"purchasable","13":"product-type-simple"},"acf":[],"_links":{"self":[{"href":"https:\/\/kalinkamagazin.com\/es\/wp-json\/wp\/v2\/product\/3501","targetHints":{"allow":["GET"]}}],"collection":[{"href":"https:\/\/kalinkamagazin.com\/es\/wp-json\/wp\/v2\/product"}],"about":[{"href":"https:\/\/kalinkamagazin.com\/es\/wp-json\/wp\/v2\/types\/product"}],"wp:featuredmedia":[{"embeddable":true,"href":"https:\/\/kalinkamagazin.com\/es\/wp-json\/wp\/v2\/media\/3342"}],"wp:attachment":[{"href":"https:\/\/kalinkamagazin.com\/es\/wp-json\/wp\/v2\/media?parent=3501"}],"wp:term":[{"taxonomy":"product_brand","embeddable":true,"href":"https:\/\/kalinkamagazin.com\/es\/wp-json\/wp\/v2\/product_brand?post=3501"},{"taxonomy":"product_cat","embeddable":true,"href":"https:\/\/kalinkamagazin.com\/es\/wp-json\/wp\/v2\/product_cat?post=3501"},{"taxonomy":"product_tag","embeddable":true,"href":"https:\/\/kalinkamagazin.com\/es\/wp-json\/wp\/v2\/product_tag?post=3501"}],"curies":[{"name":"wp","href":"https:\/\/api.w.org\/{rel}","templated":true}]}}