{"id":3502,"date":"2026-01-27T20:49:11","date_gmt":"2026-01-27T17:49:11","guid":{"rendered":"https:\/\/kalinkamagazin.com\/product\/9125-masa-caracola-dulce-con-relleno-de-manzana-crudo-ultracongelado\/"},"modified":"2026-01-27T20:49:11","modified_gmt":"2026-01-27T17:49:11","slug":"9125-masa-caracola-dulce-con-relleno-de-manzana-crudo-ultracongelado","status":"publish","type":"product","link":"https:\/\/kalinkamagazin.com\/es\/product\/9125-masa-caracola-dulce-con-relleno-de-manzana-crudo-ultracongelado\/","title":{"rendered":"Masa caracola dulce, con Relleno de manzana, crudo, ultracongelado."},"content":{"rendered":"<p>Masa caracola dulce, con Relleno de manzana, crudo, ultracongelado.. Despu\u00e9s de descongelar, no volver a congelar. cocinar completamente antes de su consumo. No apto para preparar en el microondas. Sugerencias de preparaci\u00f3n: Precalentar el horno a  190 \u00b0C. Hornear a **-180 \u00b0C durante 200-40 minutos. Dejar enfriar durante 10-15 minutos. Una vez fuera del horno, conservar el producto como m\u00e1ximo 24 horas a 4 \u00b0CNo recalentar Ingredientes: Masa <b>(harina de trigo, <\/b>agua, aceites vegetales en proporci\u00f3n variable (girasol, Palma), Dextrosa, Sal yodada (sal de calidad alimentaria, yodato de potasio), emulgente <b>(lecitina de soja), <\/b>Agentes de tratamiento de la harina (E920), enzima para hornear: Amilasas), Relleno 40% (Manzana 52%, agua, Az\u00facar, Copos de patata (contienen <b>Sulfitos), <\/b>Almid\u00f3n modificado (de Patata), Canela, espesantes: (E466), acidulante: (\u00c1cido asc\u00f3rbico, \u00c1cido c\u00edtrico), aroma). Este producto puede tener trazas de: <b>Huevo, <\/b><b>Leche, <\/b><b>cacahuete, <\/b><b>Frutos secos, <\/b><b>S\u00e9samo. <\/b>A una temperatura de \u2264 -18\u00b0C consumir preferentemente antes de: ver impresi\u00f3n, primera l\u00ednea. n\u00famero de lote: ver impresi\u00f3n, segunda l\u00ednea. Comercializaci\u00f3n: S.C. TIP TOP FOOD INDUSTRY S.R.L., Bd. Timi\u0219oara nr. 94, Sector 6, Bucure\u0219ti, Rom\u0103nia.  <!--NWT-Text-->Valores energ\u00e9ticos y nutricionales medios por 100g: Valor energ\u00e9tico: 1180 kJ \/ 280 kcal, Grasas: 8,9g, - de las cuales \u00e1cidos grasos saturados: 0,3g, Hidratos de Carbono: 45g, - de los cuales az\u00facares: 11g, Prote\u00ednas: 3,8g, Sal: 0,58g,  <!--NWT-Table--><\/p>\n<table>\n<tbody>\n<tr>\n<td colspan=\"2\">Valores energ\u00e9ticos y nutricionales medios por 100g:<\/td>\n<\/tr>\n<tr>\n<td>Valor energ\u00e9tico:<\/td>\n<td align = \"right\">1180 kJ\/280kcal<\/td>\n<\/tr>\n<tr>\n<td>Grasas:<\/td>\n<td align = \"right\">8,9g<\/td>\n<\/tr>\n<tr>\n<td>- de las cuales \u00e1cidos grasos saturados:<\/td>\n<td align = \"right\">0,3g<\/td>\n<\/tr>\n<tr>\n<td>Hidratos de Carbono:<\/td>\n<td align = \"right\">45g<\/td>\n<\/tr>\n<tr>\n<td>- de los cuales az\u00facares:<\/td>\n<td align = \"right\">11g<\/td>\n<\/tr>\n<tr>\n<td>Prote\u00ednas:<\/td>\n<td align = \"right\">3,8g<\/td>\n<\/tr>\n<tr>\n<td>Sal:<\/td>\n<td align = \"right\">0,58g<\/td>\n<\/tr>\n<\/tbody>\n<\/table>\n<p> <!--Bezeichnung-->Masa caracola dulce, con Relleno de manzana, crudo, ultracongelado.. <\/p>\n","protected":false},"excerpt":{"rendered":"<p>Masa caracola dulce, con Relleno de manzana, crudo, ultracongelado.. Despu\u00e9s de descongelar, no volver a congelar. cocinar completamente antes de su consumo. No apto para preparar en el microondas. Sugerencias de preparaci\u00f3n: Precalentar el horno a 190 \u00b0C. Hornear a **-180 \u00b0C durante 200-40 minutos. Dejar enfriar durante 10-15 minutos. Una vez fuera del horno, [&hellip;]<\/p>\n","protected":false},"featured_media":3170,"template":"","meta":{"inline_featured_image":false},"product_brand":[],"product_cat":[165,164],"product_tag":[],"class_list":{"0":"post-3502","1":"product","2":"type-product","3":"status-publish","4":"has-post-thumbnail","6":"product_cat-konditerskie-izdeliya","7":"product_cat-sladosti-i-vypechka","9":"first","10":"instock","11":"shipping-taxable","12":"purchasable","13":"product-type-simple"},"acf":[],"_links":{"self":[{"href":"https:\/\/kalinkamagazin.com\/es\/wp-json\/wp\/v2\/product\/3502","targetHints":{"allow":["GET"]}}],"collection":[{"href":"https:\/\/kalinkamagazin.com\/es\/wp-json\/wp\/v2\/product"}],"about":[{"href":"https:\/\/kalinkamagazin.com\/es\/wp-json\/wp\/v2\/types\/product"}],"wp:featuredmedia":[{"embeddable":true,"href":"https:\/\/kalinkamagazin.com\/es\/wp-json\/wp\/v2\/media\/3170"}],"wp:attachment":[{"href":"https:\/\/kalinkamagazin.com\/es\/wp-json\/wp\/v2\/media?parent=3502"}],"wp:term":[{"taxonomy":"product_brand","embeddable":true,"href":"https:\/\/kalinkamagazin.com\/es\/wp-json\/wp\/v2\/product_brand?post=3502"},{"taxonomy":"product_cat","embeddable":true,"href":"https:\/\/kalinkamagazin.com\/es\/wp-json\/wp\/v2\/product_cat?post=3502"},{"taxonomy":"product_tag","embeddable":true,"href":"https:\/\/kalinkamagazin.com\/es\/wp-json\/wp\/v2\/product_tag?post=3502"}],"curies":[{"name":"wp","href":"https:\/\/api.w.org\/{rel}","templated":true}]}}