{"id":3505,"date":"2026-01-27T20:49:28","date_gmt":"2026-01-27T17:49:28","guid":{"rendered":"https:\/\/kalinkamagazin.com\/product\/8061-masa-de-levadura-con-kfir-crudo-congelado-para-hornear\/"},"modified":"2026-01-27T20:49:28","modified_gmt":"2026-01-27T17:49:28","slug":"8061-masa-de-levadura-con-kfir-crudo-congelado-para-hornear","status":"publish","type":"product","link":"https:\/\/kalinkamagazin.com\/es\/product\/8061-masa-de-levadura-con-kfir-crudo-congelado-para-hornear\/","title":{"rendered":"Masa de levadura con k\u00e9fir, crudo, congelado. para hornear"},"content":{"rendered":"<p>Masa de levadura con k\u00e9fir, crudo, congelado. para hornear,. Ingredientes: <b>harina de trigo, <\/b><b>K\u00e9fir <\/b>20%, agua potable, <b>huevo de gallina, <\/b>Copos de patata, levadura, aceite de girasol, Az\u00facar, sal de calidad alimentaria, gasificante (Difosfato, carbonatos de sodio). Despu\u00e9s de descongelar, no volver a congelar. \u00a1No apto para el consumo en crudo! Calentar completamente la mercanc\u00eda antes de su consumo. A una temperatura de \u2264 -18\u00b0C consumir preferentemente antes de: v\u00e9ase la etiqueta. Fabricante: Lackmann Fleisch- und Feinkostfabrik GmbH, Carl-Benz Stra\u00dfe 10, 77731 Willst\u00e4tt. Valores energ\u00e9ticos y nutricionales medios por 100g: Fibra: 1,9g.  <!--NWT-Text-->Valores energ\u00e9ticos y nutricionales medios por 100g: Valor energ\u00e9tico: 902 kJ \/ 214 kcal, Grasas: 3,9g, - de las cuales \u00e1cidos grasos saturados: 1,2g, Hidratos de Carbono: 35g, - de los cuales az\u00facares: 1,8g, Prote\u00ednas: 8,4g, Sal: 0,93g,  <!--NWT-Table--><\/p>\n<table>\n<tbody>\n<tr>\n<td colspan=\"2\">Valores energ\u00e9ticos y nutricionales medios por 100g:<\/td>\n<\/tr>\n<tr>\n<td>Valor energ\u00e9tico:<\/td>\n<td align = \"right\">902 kJ\/214kcal<\/td>\n<\/tr>\n<tr>\n<td>Grasas:<\/td>\n<td align = \"right\">3,9g<\/td>\n<\/tr>\n<tr>\n<td>- de las cuales \u00e1cidos grasos saturados:<\/td>\n<td align = \"right\">1,2g<\/td>\n<\/tr>\n<tr>\n<td>Hidratos de Carbono:<\/td>\n<td align = \"right\">35g<\/td>\n<\/tr>\n<tr>\n<td>- de los cuales az\u00facares:<\/td>\n<td align = \"right\">1,8g<\/td>\n<\/tr>\n<tr>\n<td>Prote\u00ednas:<\/td>\n<td align = \"right\">8,4g<\/td>\n<\/tr>\n<tr>\n<td>Sal:<\/td>\n<td align = \"right\">0,93g<\/td>\n<\/tr>\n<\/tbody>\n<\/table>\n<p> <!--Bezeichnung-->Masa de levadura con k\u00e9fir, crudo, congelado. para hornear,. <\/p>\n","protected":false},"excerpt":{"rendered":"<p>Masa de levadura con k\u00e9fir, crudo, congelado. para hornear,. Ingredientes: harina de trigo, K\u00e9fir 20%, agua potable, huevo de gallina, Copos de patata, levadura, aceite de girasol, Az\u00facar, sal de calidad alimentaria, gasificante (Difosfato, carbonatos de sodio). Despu\u00e9s de descongelar, no volver a congelar. \u00a1No apto para el consumo en crudo! Calentar completamente la mercanc\u00eda [&hellip;]<\/p>\n","protected":false},"featured_media":3315,"template":"","meta":{"inline_featured_image":false},"product_brand":[],"product_cat":[105,107],"product_tag":[],"class_list":{"0":"post-3505","1":"product","2":"type-product","3":"status-publish","4":"has-post-thumbnail","6":"product_cat-zamorozhennye-produkty-i-hleb","7":"product_cat-izdeliya-iz-testa-zamorozka","9":"first","10":"instock","11":"shipping-taxable","12":"purchasable","13":"product-type-simple"},"acf":[],"_links":{"self":[{"href":"https:\/\/kalinkamagazin.com\/es\/wp-json\/wp\/v2\/product\/3505","targetHints":{"allow":["GET"]}}],"collection":[{"href":"https:\/\/kalinkamagazin.com\/es\/wp-json\/wp\/v2\/product"}],"about":[{"href":"https:\/\/kalinkamagazin.com\/es\/wp-json\/wp\/v2\/types\/product"}],"wp:featuredmedia":[{"embeddable":true,"href":"https:\/\/kalinkamagazin.com\/es\/wp-json\/wp\/v2\/media\/3315"}],"wp:attachment":[{"href":"https:\/\/kalinkamagazin.com\/es\/wp-json\/wp\/v2\/media?parent=3505"}],"wp:term":[{"taxonomy":"product_brand","embeddable":true,"href":"https:\/\/kalinkamagazin.com\/es\/wp-json\/wp\/v2\/product_brand?post=3505"},{"taxonomy":"product_cat","embeddable":true,"href":"https:\/\/kalinkamagazin.com\/es\/wp-json\/wp\/v2\/product_cat?post=3505"},{"taxonomy":"product_tag","embeddable":true,"href":"https:\/\/kalinkamagazin.com\/es\/wp-json\/wp\/v2\/product_tag?post=3505"}],"curies":[{"name":"wp","href":"https:\/\/api.w.org\/{rel}","templated":true}]}}