{"id":3507,"date":"2026-01-27T20:49:40","date_gmt":"2026-01-27T17:49:40","guid":{"rendered":"https:\/\/kalinkamagazin.com\/product\/9128-masa-para-productos-de-panadera-y-pastelera-crudo-ultracongelado\/"},"modified":"2026-01-27T20:49:40","modified_gmt":"2026-01-27T17:49:40","slug":"9128-masa-para-productos-de-panadera-y-pastelera-crudo-ultracongelado","status":"publish","type":"product","link":"https:\/\/kalinkamagazin.com\/es\/product\/9128-masa-para-productos-de-panadera-y-pastelera-crudo-ultracongelado\/","title":{"rendered":"Masa para Productos de panader\u00eda y pasteler\u00eda, crudo, ultracongelado."},"content":{"rendered":"<p>Masa para Productos de panader\u00eda y pasteler\u00eda, crudo, ultracongelado.. Despu\u00e9s de descongelar, no volver a congelar. cocinar completamente antes de su consumo. Sugerencias de preparaci\u00f3n: Descongelar a temperatura ambiente. Introducir en el horno a 220\u00a0\u00b0C hasta que el producto se dore un poco. Ingredientes: <b>harina de trigo, <\/b>Margarina (aceites vegetales en proporci\u00f3n variable (girasol, Colza, Palma), agua, emulgente: <b>(lecitina de soja, <\/b>monoglic\u00e9ridos y diacilglic\u00e9ridos de \u00e1cidos grasos), Sal yodada (sal de calidad alimentaria, yodato de potasio), acidulante: (\u00e1cido c\u00edtrico), Antioxidantes: (alfa tocoferol, Palmitato asc\u00f3rbico), aroma, colorante: Caroteno), agua, Az\u00facar, <b>Gluten de trigo, <\/b><b>Harina de soja, <\/b>Sal yodada (sal de calidad alimentaria, yodato de potasio), Vinagre de aguardiente, emulgente (E481, E472e), enzima para hornear (Amilasas, Xilanasa, aroma, antioxidantes: \u00e1cido asc\u00f3rbico. Este producto puede tener trazas de: <b>cacahuete, <\/b><b>Huevo, <\/b><b>Leche, <\/b><b>Frutos secos, <\/b><b>S\u00e9samo. <\/b>A una temperatura de \u2264 -18\u00b0C consumir preferentemente antes de: ver impresi\u00f3n, primera l\u00ednea. n\u00famero de lote: ver impresi\u00f3n, segunda l\u00ednea. Comercializaci\u00f3n: S.C. TIP TOP FOOD INDUSTRY S.R.L., Bd. Timi\u0219oara nr. 94, Sector 6, Bucure\u0219ti, Rom\u0103nia.  <!--NWT-Text-->Valores energ\u00e9ticos y nutricionales medios por 100g: Valor energ\u00e9tico: 1620 kJ \/ 388 kcal, Grasas: 22g, - de las cuales \u00e1cidos grasos saturados: 8,3g, Hidratos de Carbono: 41g, - de los cuales az\u00facares: 3,5g, Prote\u00ednas: 6,7g, Sal: 1,6g,  <!--NWT-Table--><\/p>\n<table>\n<tbody>\n<tr>\n<td colspan=\"2\">Valores energ\u00e9ticos y nutricionales medios por 100g:<\/td>\n<\/tr>\n<tr>\n<td>Valor energ\u00e9tico:<\/td>\n<td align = \"right\">1620 kJ\/388kcal<\/td>\n<\/tr>\n<tr>\n<td>Grasas:<\/td>\n<td align = \"right\">22g<\/td>\n<\/tr>\n<tr>\n<td>- de las cuales \u00e1cidos grasos saturados:<\/td>\n<td align = \"right\">8,3g<\/td>\n<\/tr>\n<tr>\n<td>Hidratos de Carbono:<\/td>\n<td align = \"right\">41g<\/td>\n<\/tr>\n<tr>\n<td>- de los cuales az\u00facares:<\/td>\n<td align = \"right\">3,5g<\/td>\n<\/tr>\n<tr>\n<td>Prote\u00ednas:<\/td>\n<td align = \"right\">6,7g<\/td>\n<\/tr>\n<tr>\n<td>Sal:<\/td>\n<td align = \"right\">1,6g<\/td>\n<\/tr>\n<\/tbody>\n<\/table>\n<p> <!--Bezeichnung-->Masa para Productos de panader\u00eda y pasteler\u00eda, crudo, ultracongelado.. <\/p>\n","protected":false},"excerpt":{"rendered":"<p>Masa para Productos de panader\u00eda y pasteler\u00eda, crudo, ultracongelado.. Despu\u00e9s de descongelar, no volver a congelar. cocinar completamente antes de su consumo. Sugerencias de preparaci\u00f3n: Descongelar a temperatura ambiente. Introducir en el horno a 220\u00a0\u00b0C hasta que el producto se dore un poco. Ingredientes: harina de trigo, Margarina (aceites vegetales en proporci\u00f3n variable (girasol, Colza, [&hellip;]<\/p>\n","protected":false},"featured_media":3269,"template":"","meta":{"inline_featured_image":false},"product_brand":[],"product_cat":[105,107],"product_tag":[],"class_list":{"0":"post-3507","1":"product","2":"type-product","3":"status-publish","4":"has-post-thumbnail","6":"product_cat-zamorozhennye-produkty-i-hleb","7":"product_cat-izdeliya-iz-testa-zamorozka","9":"first","10":"instock","11":"shipping-taxable","12":"purchasable","13":"product-type-simple"},"acf":[],"_links":{"self":[{"href":"https:\/\/kalinkamagazin.com\/es\/wp-json\/wp\/v2\/product\/3507","targetHints":{"allow":["GET"]}}],"collection":[{"href":"https:\/\/kalinkamagazin.com\/es\/wp-json\/wp\/v2\/product"}],"about":[{"href":"https:\/\/kalinkamagazin.com\/es\/wp-json\/wp\/v2\/types\/product"}],"wp:featuredmedia":[{"embeddable":true,"href":"https:\/\/kalinkamagazin.com\/es\/wp-json\/wp\/v2\/media\/3269"}],"wp:attachment":[{"href":"https:\/\/kalinkamagazin.com\/es\/wp-json\/wp\/v2\/media?parent=3507"}],"wp:term":[{"taxonomy":"product_brand","embeddable":true,"href":"https:\/\/kalinkamagazin.com\/es\/wp-json\/wp\/v2\/product_brand?post=3507"},{"taxonomy":"product_cat","embeddable":true,"href":"https:\/\/kalinkamagazin.com\/es\/wp-json\/wp\/v2\/product_cat?post=3507"},{"taxonomy":"product_tag","embeddable":true,"href":"https:\/\/kalinkamagazin.com\/es\/wp-json\/wp\/v2\/product_tag?post=3507"}],"curies":[{"name":"wp","href":"https:\/\/api.w.org\/{rel}","templated":true}]}}