{"id":3508,"date":"2026-01-27T20:49:46","date_gmt":"2026-01-27T17:49:46","guid":{"rendered":"https:\/\/kalinkamagazin.com\/product\/6805-mayonesa-para-ensaladas-67-grasa\/"},"modified":"2026-01-27T20:49:46","modified_gmt":"2026-01-27T17:49:46","slug":"6805-mayonesa-para-ensaladas-67-grasa","status":"publish","type":"product","link":"https:\/\/kalinkamagazin.com\/es\/product\/6805-mayonesa-para-ensaladas-67-grasa\/","title":{"rendered":"Mayonesa para ensaladas, 67% grasa"},"content":{"rendered":"<p>Mayonesa para ensaladas, 67% grasa. 450 ml. La imagen muestra una sugerencia de presentaci\u00f3n.. Ingredientes: aceite de girasol, agua, Az\u00facar, <b>Yema he huevo, <\/b>sal de calidad alimentaria, correctores de acidez: (\u00c1cido ac\u00e9tico, \u00e1cido l\u00e1ctico), conservante: (E200), estabilizador: (E415), <b>Aceite de mostaza, <\/b>colorante: (E160a). Puede contener: <b>Leche. <\/b>Almacenar en un lugar fresco y seco. Una vez abierto, conservar en la nevera. Comercializaci\u00f3n: Lackmann Fleisch- und Feinkostfabrik GmbH, Carl Benz Stra\u00dfe 10, 77731 Willst\u00e4tt, Alemania. Sin abrir, consumir preferentemente antes de: v\u00e9ase la tapa, segunda l\u00ednea o ver cuello de la botella, segunda l\u00ednea.  <!--NWT-Text-->Valores energ\u00e9ticos y nutricionales medios por 100g: Valor energ\u00e9tico: 2520 kJ \/ 610 kcal, Grasas: 67g, - de las cuales \u00e1cidos grasos saturados: 8,7g, Hidratos de Carbono: 2,3g, - de los cuales az\u00facares: 2,2g, Prote\u00ednas: <0,5g, Sal: 1,2g,  <!--NWT-Table--><\/p>\n<table>\n<tbody>\n<tr>\n<td colspan=\"2\">Valores energ\u00e9ticos y nutricionales medios por 100g:<\/td>\n<\/tr>\n<tr>\n<td>Valor energ\u00e9tico:<\/td>\n<td align = \"right\">2520 kJ\/610kcal<\/td>\n<\/tr>\n<tr>\n<td>Grasas:<\/td>\n<td align = \"right\">67g<\/td>\n<\/tr>\n<tr>\n<td>- de las cuales \u00e1cidos grasos saturados:<\/td>\n<td align = \"right\">8,7g<\/td>\n<\/tr>\n<tr>\n<td>Hidratos de Carbono:<\/td>\n<td align = \"right\">2,3g<\/td>\n<\/tr>\n<tr>\n<td>- de los cuales az\u00facares:<\/td>\n<td align = \"right\">2,2g<\/td>\n<\/tr>\n<tr>\n<td>Prote\u00ednas:<\/td>\n<td align = \"right\"><0,5g<\/td>\n<\/tr>\n<tr>\n<td>Sal:<\/td>\n<td align = \"right\">1,2g<\/td>\n<\/tr>\n<\/tbody>\n<\/table>\n<p> <!--Bezeichnung-->Mayonesa para ensaladas, 67% grasa. <\/p>\n","protected":false},"excerpt":{"rendered":"<p>Mayonesa para ensaladas, 67% grasa. 450 ml. La imagen muestra una sugerencia de presentaci\u00f3n.. Ingredientes: aceite de girasol, agua, Az\u00facar, Yema he huevo, sal de calidad alimentaria, correctores de acidez: (\u00c1cido ac\u00e9tico, \u00e1cido l\u00e1ctico), conservante: (E200), estabilizador: (E415), Aceite de mostaza, colorante: (E160a). Puede contener: Leche. Almacenar en un lugar fresco y seco. Una vez [&hellip;]<\/p>\n","protected":false},"featured_media":2996,"template":"","meta":{"inline_featured_image":false},"product_brand":[],"product_cat":[136,137],"product_tag":[],"class_list":{"0":"post-3508","1":"product","2":"type-product","3":"status-publish","4":"has-post-thumbnail","6":"product_cat-masla-sousy-i-pripravy","7":"product_cat-sousy-majonezy-pripravy","9":"first","10":"instock","11":"shipping-taxable","12":"purchasable","13":"product-type-simple"},"acf":[],"_links":{"self":[{"href":"https:\/\/kalinkamagazin.com\/es\/wp-json\/wp\/v2\/product\/3508","targetHints":{"allow":["GET"]}}],"collection":[{"href":"https:\/\/kalinkamagazin.com\/es\/wp-json\/wp\/v2\/product"}],"about":[{"href":"https:\/\/kalinkamagazin.com\/es\/wp-json\/wp\/v2\/types\/product"}],"wp:featuredmedia":[{"embeddable":true,"href":"https:\/\/kalinkamagazin.com\/es\/wp-json\/wp\/v2\/media\/2996"}],"wp:attachment":[{"href":"https:\/\/kalinkamagazin.com\/es\/wp-json\/wp\/v2\/media?parent=3508"}],"wp:term":[{"taxonomy":"product_brand","embeddable":true,"href":"https:\/\/kalinkamagazin.com\/es\/wp-json\/wp\/v2\/product_brand?post=3508"},{"taxonomy":"product_cat","embeddable":true,"href":"https:\/\/kalinkamagazin.com\/es\/wp-json\/wp\/v2\/product_cat?post=3508"},{"taxonomy":"product_tag","embeddable":true,"href":"https:\/\/kalinkamagazin.com\/es\/wp-json\/wp\/v2\/product_tag?post=3508"}],"curies":[{"name":"wp","href":"https:\/\/api.w.org\/{rel}","templated":true}]}}