{"id":3509,"date":"2026-01-27T20:49:51","date_gmt":"2026-01-27T17:49:51","guid":{"rendered":"https:\/\/kalinkamagazin.com\/product\/7497-mezcla-de-especias-para-barbacoa\/"},"modified":"2026-01-27T20:49:51","modified_gmt":"2026-01-27T17:49:51","slug":"7497-mezcla-de-especias-para-barbacoa","status":"publish","type":"product","link":"https:\/\/kalinkamagazin.com\/es\/product\/7497-mezcla-de-especias-para-barbacoa\/","title":{"rendered":"Mezcla de especias para barbacoa"},"content":{"rendered":"<p>Mezcla de especias para barbacoa . Ingredientes: Copos de tomate, deshidratado troceado Ajo, copos de pimiento rojo, molidos Cebolla deshidratada, troceado Cilantro, troceado Pimienta negra, romero, Albahaca, Ajedrea, chile en polvo. Este producto puede tener trazas de: <b>Soja, <\/b><b>Leche, <\/b><b>Apio, <\/b><b>mostaza, <\/b><b>S\u00e9samo. <\/b>Almacenar en un lugar fresco y seco. Consumir preferentemente antes de: ver impresi\u00f3n, segunda l\u00ednea. Comercializaci\u00f3n: Lackmann Fleisch- und Feinkostfabrik GmbH, Carl Benz Stra\u00dfe 10, 77731 Willst\u00e4tt, Alemania.  <!--NWT-Text-->Valores energ\u00e9ticos y nutricionales medios por 100g: Valor energ\u00e9tico: 1318 kJ \/ 294 kcal, Grasas: 3,6g, - de las cuales \u00e1cidos grasos saturados: 0,8g, Hidratos de Carbono: 58g, - de los cuales az\u00facares: 10g, Prote\u00ednas: 11g, Sal: 0,10g,  <!--NWT-Table--><\/p>\n<table>\n<tbody>\n<tr>\n<td colspan=\"2\">Valores energ\u00e9ticos y nutricionales medios por 100g:<\/td>\n<\/tr>\n<tr>\n<td>Valor energ\u00e9tico:<\/td>\n<td align = \"right\">1318 kJ\/294kcal<\/td>\n<\/tr>\n<tr>\n<td>Grasas:<\/td>\n<td align = \"right\">3,6g<\/td>\n<\/tr>\n<tr>\n<td>- de las cuales \u00e1cidos grasos saturados:<\/td>\n<td align = \"right\">0,8g<\/td>\n<\/tr>\n<tr>\n<td>Hidratos de Carbono:<\/td>\n<td align = \"right\">58g<\/td>\n<\/tr>\n<tr>\n<td>- de los cuales az\u00facares:<\/td>\n<td align = \"right\">10g<\/td>\n<\/tr>\n<tr>\n<td>Prote\u00ednas:<\/td>\n<td align = \"right\">11g<\/td>\n<\/tr>\n<tr>\n<td>Sal:<\/td>\n<td align = \"right\">0,10g<\/td>\n<\/tr>\n<\/tbody>\n<\/table>\n<p> <!--Bezeichnung-->Mezcla de especias para barbacoa . <\/p>\n","protected":false},"excerpt":{"rendered":"<p>Mezcla de especias para barbacoa . Ingredientes: Copos de tomate, deshidratado troceado Ajo, copos de pimiento rojo, molidos Cebolla deshidratada, troceado Cilantro, troceado Pimienta negra, romero, Albahaca, Ajedrea, chile en polvo. Este producto puede tener trazas de: Soja, Leche, Apio, mostaza, S\u00e9samo. Almacenar en un lugar fresco y seco. Consumir preferentemente antes de: ver impresi\u00f3n, [&hellip;]<\/p>\n","protected":false},"featured_media":3191,"template":"","meta":{"inline_featured_image":false},"product_brand":[],"product_cat":[136,137],"product_tag":[],"class_list":{"0":"post-3509","1":"product","2":"type-product","3":"status-publish","4":"has-post-thumbnail","6":"product_cat-masla-sousy-i-pripravy","7":"product_cat-sousy-majonezy-pripravy","9":"first","10":"instock","11":"shipping-taxable","12":"purchasable","13":"product-type-simple"},"acf":[],"_links":{"self":[{"href":"https:\/\/kalinkamagazin.com\/es\/wp-json\/wp\/v2\/product\/3509","targetHints":{"allow":["GET"]}}],"collection":[{"href":"https:\/\/kalinkamagazin.com\/es\/wp-json\/wp\/v2\/product"}],"about":[{"href":"https:\/\/kalinkamagazin.com\/es\/wp-json\/wp\/v2\/types\/product"}],"wp:featuredmedia":[{"embeddable":true,"href":"https:\/\/kalinkamagazin.com\/es\/wp-json\/wp\/v2\/media\/3191"}],"wp:attachment":[{"href":"https:\/\/kalinkamagazin.com\/es\/wp-json\/wp\/v2\/media?parent=3509"}],"wp:term":[{"taxonomy":"product_brand","embeddable":true,"href":"https:\/\/kalinkamagazin.com\/es\/wp-json\/wp\/v2\/product_brand?post=3509"},{"taxonomy":"product_cat","embeddable":true,"href":"https:\/\/kalinkamagazin.com\/es\/wp-json\/wp\/v2\/product_cat?post=3509"},{"taxonomy":"product_tag","embeddable":true,"href":"https:\/\/kalinkamagazin.com\/es\/wp-json\/wp\/v2\/product_tag?post=3509"}],"curies":[{"name":"wp","href":"https:\/\/api.w.org\/{rel}","templated":true}]}}