{"id":3510,"date":"2026-01-27T20:49:58","date_gmt":"2026-01-27T17:49:58","guid":{"rendered":"https:\/\/kalinkamagazin.com\/product\/7499-mezcla-de-especias-para-carne\/"},"modified":"2026-01-27T20:49:58","modified_gmt":"2026-01-27T17:49:58","slug":"7499-mezcla-de-especias-para-carne","status":"publish","type":"product","link":"https:\/\/kalinkamagazin.com\/es\/product\/7499-mezcla-de-especias-para-carne\/","title":{"rendered":"Mezcla de especias para carne."},"content":{"rendered":"<p>Mezcla de especias para carne. . La imagen muestra una sugerencia de presentaci\u00f3n.. Ingredientes: molidos cebollas, deshidratado, molido Ajo, Albahaca deshidratado, cilantro en polvo, Piment\u00f3n delicatessen molido, tomate en polvo, Pimienta negra, Polvo de jengibre, Piment\u00f3n picante, Pimiento rojo molido, Perejil, romero, Mejorana , Pimienta molido, Polvo de nuez moscada. Este producto puede tener trazas de: <b>Trigo, <\/b><b>Leche, <\/b><b>Apio, <\/b><b>mostaza, <\/b><b>S\u00e9samo. <\/b>Almacenar en un lugar fresco y seco. Consumir preferentemente antes de: ver impresi\u00f3n, segunda l\u00ednea. Comercializaci\u00f3n: Lackmann Fleisch- und Feinkostfabrik GmbH, Carl Benz Stra\u00dfe 10, 77731 Willst\u00e4tt, Alemania.  <!--NWT-Text-->Valores energ\u00e9ticos y nutricionales medios por 100g: Valor energ\u00e9tico: 1297 kJ \/ 310 kcal, Grasas: 20g, - de las cuales \u00e1cidos grasos saturados: 1,4g, Hidratos de Carbono: 51g, - de los cuales az\u00facares: 16g, Prote\u00ednas: 15g, Sal: 0,60g,  <!--NWT-Table--><\/p>\n<table>\n<tbody>\n<tr>\n<td colspan=\"2\">Valores energ\u00e9ticos y nutricionales medios por 100g:<\/td>\n<\/tr>\n<tr>\n<td>Valor energ\u00e9tico:<\/td>\n<td align = \"right\">1297 kJ\/310kcal<\/td>\n<\/tr>\n<tr>\n<td>Grasas:<\/td>\n<td align = \"right\">20g<\/td>\n<\/tr>\n<tr>\n<td>- de las cuales \u00e1cidos grasos saturados:<\/td>\n<td align = \"right\">1,4g<\/td>\n<\/tr>\n<tr>\n<td>Hidratos de Carbono:<\/td>\n<td align = \"right\">51g<\/td>\n<\/tr>\n<tr>\n<td>- de los cuales az\u00facares:<\/td>\n<td align = \"right\">16g<\/td>\n<\/tr>\n<tr>\n<td>Prote\u00ednas:<\/td>\n<td align = \"right\">15g<\/td>\n<\/tr>\n<tr>\n<td>Sal:<\/td>\n<td align = \"right\">0,60g<\/td>\n<\/tr>\n<\/tbody>\n<\/table>\n<p> <!--Bezeichnung-->Mezcla de especias para carne. . <\/p>\n","protected":false},"excerpt":{"rendered":"<p>Mezcla de especias para carne. . La imagen muestra una sugerencia de presentaci\u00f3n.. Ingredientes: molidos cebollas, deshidratado, molido Ajo, Albahaca deshidratado, cilantro en polvo, Piment\u00f3n delicatessen molido, tomate en polvo, Pimienta negra, Polvo de jengibre, Piment\u00f3n picante, Pimiento rojo molido, Perejil, romero, Mejorana , Pimienta molido, Polvo de nuez moscada. Este producto puede tener trazas [&hellip;]<\/p>\n","protected":false},"featured_media":3197,"template":"","meta":{"inline_featured_image":false},"product_brand":[],"product_cat":[136,137],"product_tag":[],"class_list":{"0":"post-3510","1":"product","2":"type-product","3":"status-publish","4":"has-post-thumbnail","6":"product_cat-masla-sousy-i-pripravy","7":"product_cat-sousy-majonezy-pripravy","9":"first","10":"instock","11":"shipping-taxable","12":"purchasable","13":"product-type-simple"},"acf":[],"_links":{"self":[{"href":"https:\/\/kalinkamagazin.com\/es\/wp-json\/wp\/v2\/product\/3510","targetHints":{"allow":["GET"]}}],"collection":[{"href":"https:\/\/kalinkamagazin.com\/es\/wp-json\/wp\/v2\/product"}],"about":[{"href":"https:\/\/kalinkamagazin.com\/es\/wp-json\/wp\/v2\/types\/product"}],"wp:featuredmedia":[{"embeddable":true,"href":"https:\/\/kalinkamagazin.com\/es\/wp-json\/wp\/v2\/media\/3197"}],"wp:attachment":[{"href":"https:\/\/kalinkamagazin.com\/es\/wp-json\/wp\/v2\/media?parent=3510"}],"wp:term":[{"taxonomy":"product_brand","embeddable":true,"href":"https:\/\/kalinkamagazin.com\/es\/wp-json\/wp\/v2\/product_brand?post=3510"},{"taxonomy":"product_cat","embeddable":true,"href":"https:\/\/kalinkamagazin.com\/es\/wp-json\/wp\/v2\/product_cat?post=3510"},{"taxonomy":"product_tag","embeddable":true,"href":"https:\/\/kalinkamagazin.com\/es\/wp-json\/wp\/v2\/product_tag?post=3510"}],"curies":[{"name":"wp","href":"https:\/\/api.w.org\/{rel}","templated":true}]}}