{"id":3516,"date":"2026-01-27T20:50:40","date_gmt":"2026-01-27T17:50:40","guid":{"rendered":"https:\/\/kalinkamagazin.com\/product\/6885-nube-con-sabor-a-vainilla-en-glaseado-de-cacao\/"},"modified":"2026-01-27T20:50:40","modified_gmt":"2026-01-27T17:50:40","slug":"6885-nube-con-sabor-a-vainilla-en-glaseado-de-cacao","status":"publish","type":"product","link":"https:\/\/kalinkamagazin.com\/es\/product\/6885-nube-con-sabor-a-vainilla-en-glaseado-de-cacao\/","title":{"rendered":"Nube con sabor a vainilla en glaseado de cacao."},"content":{"rendered":"<p>Nube con sabor a vainilla en glaseado de cacao. . Ingredientes: Az\u00facar, Jarabe de glucosa, glaseado de cacao 25% (Az\u00facar, grasa d\u2018almendra de palma, Cacao en polvo 15%, emulgente: E322 <b>(Soja), <\/b>aromas), agua, Pur\u00e9 de manzana, <b>clara de huevo de gallina, <\/b>gelificante: E440, corrector de acidez: E270, humectante: E325, conservante: <b>di\u00f3xido de azufre, <\/b>aroma. Contenido de cacao con relaci\u00f3n a todo el producto 3,7%. Almacenar en un lugar fresco y seco. Sin abrir, consumir preferentemente antes de: Valores energ\u00e9ticos y nutricionales medios por 100g: Fibra: 1,0g. Comercializaci\u00f3n:  Lackmann Fleisch- und Feinkostfabrik GmbH, Carl-Benz-Stra\u00dfe 10, 77731 Willst\u00e4tt, Deutschland.  <!--NWT-Text-->Valores energ\u00e9ticos y nutricionales medios por 100g: Valor energ\u00e9tico: 1619 kJ \/ 383 kcal, Grasas: 7,4g, - de las cuales \u00e1cidos grasos saturados: 6,3g, Hidratos de Carbono: 77g, - de los cuales az\u00facares: 71g, Prote\u00ednas: 1,4g, Sal: 0,03g,  <!--NWT-Table--><\/p>\n<table>\n<tbody>\n<tr>\n<td colspan=\"2\">Valores energ\u00e9ticos y nutricionales medios por 100g:<\/td>\n<\/tr>\n<tr>\n<td>Valor energ\u00e9tico:<\/td>\n<td align = \"right\">1619 kJ\/383kcal<\/td>\n<\/tr>\n<tr>\n<td>Grasas:<\/td>\n<td align = \"right\">7,4g<\/td>\n<\/tr>\n<tr>\n<td>- de las cuales \u00e1cidos grasos saturados:<\/td>\n<td align = \"right\">6,3g<\/td>\n<\/tr>\n<tr>\n<td>Hidratos de Carbono:<\/td>\n<td align = \"right\">77g<\/td>\n<\/tr>\n<tr>\n<td>- de los cuales az\u00facares:<\/td>\n<td align = \"right\">71g<\/td>\n<\/tr>\n<tr>\n<td>Prote\u00ednas:<\/td>\n<td align = \"right\">1,4g<\/td>\n<\/tr>\n<tr>\n<td>Sal:<\/td>\n<td align = \"right\">0,03g<\/td>\n<\/tr>\n<\/tbody>\n<\/table>\n<p> <!--Bezeichnung-->Nube con sabor a vainilla en glaseado de cacao. . <\/p>\n","protected":false},"excerpt":{"rendered":"<p>Nube con sabor a vainilla en glaseado de cacao. . Ingredientes: Az\u00facar, Jarabe de glucosa, glaseado de cacao 25% (Az\u00facar, grasa d\u2018almendra de palma, Cacao en polvo 15%, emulgente: E322 (Soja), aromas), agua, Pur\u00e9 de manzana, clara de huevo de gallina, gelificante: E440, corrector de acidez: E270, humectante: E325, conservante: di\u00f3xido de azufre, aroma. Contenido [&hellip;]<\/p>\n","protected":false},"featured_media":2864,"template":"","meta":{"inline_featured_image":false},"product_brand":[],"product_cat":[167,164],"product_tag":[],"class_list":{"0":"post-3516","1":"product","2":"type-product","3":"status-publish","4":"has-post-thumbnail","6":"product_cat-zefir","7":"product_cat-sladosti-i-vypechka","9":"first","10":"instock","11":"shipping-taxable","12":"purchasable","13":"product-type-simple"},"acf":[],"_links":{"self":[{"href":"https:\/\/kalinkamagazin.com\/es\/wp-json\/wp\/v2\/product\/3516","targetHints":{"allow":["GET"]}}],"collection":[{"href":"https:\/\/kalinkamagazin.com\/es\/wp-json\/wp\/v2\/product"}],"about":[{"href":"https:\/\/kalinkamagazin.com\/es\/wp-json\/wp\/v2\/types\/product"}],"wp:featuredmedia":[{"embeddable":true,"href":"https:\/\/kalinkamagazin.com\/es\/wp-json\/wp\/v2\/media\/2864"}],"wp:attachment":[{"href":"https:\/\/kalinkamagazin.com\/es\/wp-json\/wp\/v2\/media?parent=3516"}],"wp:term":[{"taxonomy":"product_brand","embeddable":true,"href":"https:\/\/kalinkamagazin.com\/es\/wp-json\/wp\/v2\/product_brand?post=3516"},{"taxonomy":"product_cat","embeddable":true,"href":"https:\/\/kalinkamagazin.com\/es\/wp-json\/wp\/v2\/product_cat?post=3516"},{"taxonomy":"product_tag","embeddable":true,"href":"https:\/\/kalinkamagazin.com\/es\/wp-json\/wp\/v2\/product_tag?post=3516"}],"curies":[{"name":"wp","href":"https:\/\/api.w.org\/{rel}","templated":true}]}}