{"id":3517,"date":"2026-01-27T20:50:46","date_gmt":"2026-01-27T17:50:46","guid":{"rendered":"https:\/\/kalinkamagazin.com\/product\/6887-nube-con-sabor-a-vainilla\/"},"modified":"2026-01-27T20:50:46","modified_gmt":"2026-01-27T17:50:46","slug":"6887-nube-con-sabor-a-vainilla","status":"publish","type":"product","link":"https:\/\/kalinkamagazin.com\/es\/product\/6887-nube-con-sabor-a-vainilla\/","title":{"rendered":"Nube con sabor a vainilla."},"content":{"rendered":"<p>Nube con sabor a vainilla. . Ingredientes: Az\u00facar, jarabe de glucosa, agua, Pur\u00e9 de manzana, <b>clara de huevo de gallina, <\/b>gelificante: E440, corrector de acidez: E270, humectante: E325, conservante: <b>di\u00f3xido de azufre, <\/b>aroma. Almacenar en un lugar fresco y seco. Sin abrir, consumir preferentemente antes de: Valores energ\u00e9ticos y nutricionales medios por 100g: Fibra: 1,0g. Comercializaci\u00f3n:  Lackmann Fleisch- und Feinkostfabrik GmbH, Carl-Benz-Stra\u00dfe 10, 77731 Willst\u00e4tt, Deutschland.  <!--NWT-Text-->Valores energ\u00e9ticos y nutricionales medios por 100g: Valor energ\u00e9tico: 1417 kJ \/ 333 kcal, Grasas: 0g, - de las cuales \u00e1cidos grasos saturados: 0g, Hidratos de Carbono: 82g, - de los cuales az\u00facares: 76g, Prote\u00ednas: <0,5g, Sal: 0,03g,  <!--NWT-Table--><\/p>\n<table>\n<tbody>\n<tr>\n<td colspan=\"2\">Valores energ\u00e9ticos y nutricionales medios por 100g:<\/td>\n<\/tr>\n<tr>\n<td>Valor energ\u00e9tico:<\/td>\n<td align = \"right\">1417 kJ\/333kcal<\/td>\n<\/tr>\n<tr>\n<td>Grasas:<\/td>\n<td align = \"right\">0g<\/td>\n<\/tr>\n<tr>\n<td>- de las cuales \u00e1cidos grasos saturados:<\/td>\n<td align = \"right\">0g<\/td>\n<\/tr>\n<tr>\n<td>Hidratos de Carbono:<\/td>\n<td align = \"right\">82g<\/td>\n<\/tr>\n<tr>\n<td>- de los cuales az\u00facares:<\/td>\n<td align = \"right\">76g<\/td>\n<\/tr>\n<tr>\n<td>Prote\u00ednas:<\/td>\n<td align = \"right\"><0,5g<\/td>\n<\/tr>\n<tr>\n<td>Sal:<\/td>\n<td align = \"right\">0,03g<\/td>\n<\/tr>\n<\/tbody>\n<\/table>\n<p> <!--Bezeichnung-->Nube con sabor a vainilla. . <\/p>\n","protected":false},"excerpt":{"rendered":"<p>Nube con sabor a vainilla. . Ingredientes: Az\u00facar, jarabe de glucosa, agua, Pur\u00e9 de manzana, clara de huevo de gallina, gelificante: E440, corrector de acidez: E270, humectante: E325, conservante: di\u00f3xido de azufre, aroma. Almacenar en un lugar fresco y seco. Sin abrir, consumir preferentemente antes de: Valores energ\u00e9ticos y nutricionales medios por 100g: Fibra: 1,0g. [&hellip;]<\/p>\n","protected":false},"featured_media":2862,"template":"","meta":{"inline_featured_image":false},"product_brand":[],"product_cat":[167,164],"product_tag":[],"class_list":{"0":"post-3517","1":"product","2":"type-product","3":"status-publish","4":"has-post-thumbnail","6":"product_cat-zefir","7":"product_cat-sladosti-i-vypechka","9":"first","10":"instock","11":"shipping-taxable","12":"purchasable","13":"product-type-simple"},"acf":[],"_links":{"self":[{"href":"https:\/\/kalinkamagazin.com\/es\/wp-json\/wp\/v2\/product\/3517","targetHints":{"allow":["GET"]}}],"collection":[{"href":"https:\/\/kalinkamagazin.com\/es\/wp-json\/wp\/v2\/product"}],"about":[{"href":"https:\/\/kalinkamagazin.com\/es\/wp-json\/wp\/v2\/types\/product"}],"wp:featuredmedia":[{"embeddable":true,"href":"https:\/\/kalinkamagazin.com\/es\/wp-json\/wp\/v2\/media\/2862"}],"wp:attachment":[{"href":"https:\/\/kalinkamagazin.com\/es\/wp-json\/wp\/v2\/media?parent=3517"}],"wp:term":[{"taxonomy":"product_brand","embeddable":true,"href":"https:\/\/kalinkamagazin.com\/es\/wp-json\/wp\/v2\/product_brand?post=3517"},{"taxonomy":"product_cat","embeddable":true,"href":"https:\/\/kalinkamagazin.com\/es\/wp-json\/wp\/v2\/product_cat?post=3517"},{"taxonomy":"product_tag","embeddable":true,"href":"https:\/\/kalinkamagazin.com\/es\/wp-json\/wp\/v2\/product_tag?post=3517"}],"curies":[{"name":"wp","href":"https:\/\/api.w.org\/{rel}","templated":true}]}}