{"id":3518,"date":"2026-01-27T20:50:52","date_gmt":"2026-01-27T17:50:52","guid":{"rendered":"https:\/\/kalinkamagazin.com\/product\/7617-pasta-de-especias-con-harina-de-mostaza\/"},"modified":"2026-01-27T20:50:52","modified_gmt":"2026-01-27T17:50:52","slug":"7617-pasta-de-especias-con-harina-de-mostaza","status":"publish","type":"product","link":"https:\/\/kalinkamagazin.com\/es\/product\/7617-pasta-de-especias-con-harina-de-mostaza\/","title":{"rendered":"Pasta de especias con harina de mostaza."},"content":{"rendered":"<p>Pasta de especias con harina de mostaza.. Ingredientes: agua, <b>harina de mostaza <\/b>26%, Az\u00facar, aceite de girasol, acidulante: (\u00c1cido ac\u00e9tico), sal de calidad alimentaria, Pimienta negra, Hoja de laurel. Almacenar en un lugar fresco y seco. Comercializaci\u00f3n: Lackmann Fleisch- und Feinkostfabrik GmbH, Carl Benz Stra\u00dfe 10, 77731 Willst\u00e4tt, Alemania. Consumir preferentemente antes de: ver impresi\u00f3n en la soldadura .  <!--NWT-Text-->Valores energ\u00e9ticos y nutricionales medios por 100g: Valor energ\u00e9tico: 972 kJ \/ 232 kcal, Grasas: 11g, - de las cuales \u00e1cidos grasos saturados: 1,0g, Hidratos de Carbono: 22g, - de los cuales az\u00facares: 13g, Prote\u00ednas: 9,6g, Sal: 2,8g,  <!--NWT-Table--><\/p>\n<table>\n<tbody>\n<tr>\n<td colspan=\"2\">Valores energ\u00e9ticos y nutricionales medios por 100g:<\/td>\n<\/tr>\n<tr>\n<td>Valor energ\u00e9tico:<\/td>\n<td align = \"right\">972 kJ\/232kcal<\/td>\n<\/tr>\n<tr>\n<td>Grasas:<\/td>\n<td align = \"right\">11g<\/td>\n<\/tr>\n<tr>\n<td>- de las cuales \u00e1cidos grasos saturados:<\/td>\n<td align = \"right\">1,0g<\/td>\n<\/tr>\n<tr>\n<td>Hidratos de Carbono:<\/td>\n<td align = \"right\">22g<\/td>\n<\/tr>\n<tr>\n<td>- de los cuales az\u00facares:<\/td>\n<td align = \"right\">13g<\/td>\n<\/tr>\n<tr>\n<td>Prote\u00ednas:<\/td>\n<td align = \"right\">9,6g<\/td>\n<\/tr>\n<tr>\n<td>Sal:<\/td>\n<td align = \"right\">2,8g<\/td>\n<\/tr>\n<\/tbody>\n<\/table>\n<p> <!--Bezeichnung-->Pasta de especias con harina de mostaza.. <\/p>\n","protected":false},"excerpt":{"rendered":"<p>Pasta de especias con harina de mostaza.. Ingredientes: agua, harina de mostaza 26%, Az\u00facar, aceite de girasol, acidulante: (\u00c1cido ac\u00e9tico), sal de calidad alimentaria, Pimienta negra, Hoja de laurel. Almacenar en un lugar fresco y seco. Comercializaci\u00f3n: Lackmann Fleisch- und Feinkostfabrik GmbH, Carl Benz Stra\u00dfe 10, 77731 Willst\u00e4tt, Alemania. Consumir preferentemente antes de: ver impresi\u00f3n [&hellip;]<\/p>\n","protected":false},"featured_media":2814,"template":"","meta":{"inline_featured_image":false},"product_brand":[],"product_cat":[136,139],"product_tag":[],"class_list":{"0":"post-3518","1":"product","2":"type-product","3":"status-publish","4":"has-post-thumbnail","6":"product_cat-masla-sousy-i-pripravy","7":"product_cat-hren-uksus-gorchicza","9":"first","10":"instock","11":"shipping-taxable","12":"purchasable","13":"product-type-simple"},"acf":[],"_links":{"self":[{"href":"https:\/\/kalinkamagazin.com\/es\/wp-json\/wp\/v2\/product\/3518","targetHints":{"allow":["GET"]}}],"collection":[{"href":"https:\/\/kalinkamagazin.com\/es\/wp-json\/wp\/v2\/product"}],"about":[{"href":"https:\/\/kalinkamagazin.com\/es\/wp-json\/wp\/v2\/types\/product"}],"wp:featuredmedia":[{"embeddable":true,"href":"https:\/\/kalinkamagazin.com\/es\/wp-json\/wp\/v2\/media\/2814"}],"wp:attachment":[{"href":"https:\/\/kalinkamagazin.com\/es\/wp-json\/wp\/v2\/media?parent=3518"}],"wp:term":[{"taxonomy":"product_brand","embeddable":true,"href":"https:\/\/kalinkamagazin.com\/es\/wp-json\/wp\/v2\/product_brand?post=3518"},{"taxonomy":"product_cat","embeddable":true,"href":"https:\/\/kalinkamagazin.com\/es\/wp-json\/wp\/v2\/product_cat?post=3518"},{"taxonomy":"product_tag","embeddable":true,"href":"https:\/\/kalinkamagazin.com\/es\/wp-json\/wp\/v2\/product_tag?post=3518"}],"curies":[{"name":"wp","href":"https:\/\/api.w.org\/{rel}","templated":true}]}}