{"id":3519,"date":"2026-01-27T20:50:58","date_gmt":"2026-01-27T17:50:58","guid":{"rendered":"https:\/\/kalinkamagazin.com\/product\/8023-pato-ultracongelado-sin-vsceras\/"},"modified":"2026-01-27T20:50:58","modified_gmt":"2026-01-27T17:50:58","slug":"8023-pato-ultracongelado-sin-vsceras","status":"publish","type":"product","link":"https:\/\/kalinkamagazin.com\/es\/product\/8023-pato-ultracongelado-sin-vsceras\/","title":{"rendered":"Pato, ultracongelado, sin v\u00edsceras"},"content":{"rendered":"<p>Pato, ultracongelado, sin v\u00edsceras . Despu\u00e9s de descongelar, no volver a congelar. cocinar completamente antes de su consumo. A -18\u00b0C consumir preferentemente antes de: ver etiqueta (Cierre). Fecha de congelaci\u00f3n ver etiqueta (Cierre).  <!--NWT-Text-->Valores energ\u00e9ticos y nutricionales medios por 100g: Valor energ\u00e9tico: 1209 kJ \/ 292 kcal, Grasas: 26g, - de las cuales \u00e1cidos grasos saturados: 7,6g, Hidratos de Carbono: 0g, - de los cuales az\u00facares: 0g, Prote\u00ednas: 15g, Sal: 0,18g,  <!--NWT-Table--><\/p>\n<table>\n<tbody>\n<tr>\n<td colspan=\"2\">Valores energ\u00e9ticos y nutricionales medios por 100g:<\/td>\n<\/tr>\n<tr>\n<td>Valor energ\u00e9tico:<\/td>\n<td align = \"right\">1209 kJ\/292kcal<\/td>\n<\/tr>\n<tr>\n<td>Grasas:<\/td>\n<td align = \"right\">26g<\/td>\n<\/tr>\n<tr>\n<td>- de las cuales \u00e1cidos grasos saturados:<\/td>\n<td align = \"right\">7,6g<\/td>\n<\/tr>\n<tr>\n<td>Hidratos de Carbono:<\/td>\n<td align = \"right\">0g<\/td>\n<\/tr>\n<tr>\n<td>- de los cuales az\u00facares:<\/td>\n<td align = \"right\">0g<\/td>\n<\/tr>\n<tr>\n<td>Prote\u00ednas:<\/td>\n<td align = \"right\">15g<\/td>\n<\/tr>\n<tr>\n<td>Sal:<\/td>\n<td align = \"right\">0,18g<\/td>\n<\/tr>\n<\/tbody>\n<\/table>\n<p> <!--Bezeichnung-->Pato, ultracongelado, sin v\u00edsceras . <\/p>\n","protected":false},"excerpt":{"rendered":"<p>Pato, ultracongelado, sin v\u00edsceras . Despu\u00e9s de descongelar, no volver a congelar. cocinar completamente antes de su consumo. A -18\u00b0C consumir preferentemente antes de: ver etiqueta (Cierre). Fecha de congelaci\u00f3n ver etiqueta (Cierre). Valores energ\u00e9ticos y nutricionales medios por 100g: Valor energ\u00e9tico: 1209 kJ \/ 292 kcal, Grasas: 26g, - de las cuales \u00e1cidos grasos [&hellip;]<\/p>\n","protected":false},"featured_media":3239,"template":"","meta":{"inline_featured_image":false},"product_brand":[],"product_cat":[106,105],"product_tag":[],"class_list":{"0":"post-3519","1":"product","2":"type-product","3":"status-publish","4":"has-post-thumbnail","6":"product_cat-zamorozhennoe-myaso-i-produkty","7":"product_cat-zamorozhennye-produkty-i-hleb","9":"first","10":"instock","11":"shipping-taxable","12":"purchasable","13":"product-type-simple"},"acf":[],"_links":{"self":[{"href":"https:\/\/kalinkamagazin.com\/es\/wp-json\/wp\/v2\/product\/3519","targetHints":{"allow":["GET"]}}],"collection":[{"href":"https:\/\/kalinkamagazin.com\/es\/wp-json\/wp\/v2\/product"}],"about":[{"href":"https:\/\/kalinkamagazin.com\/es\/wp-json\/wp\/v2\/types\/product"}],"wp:featuredmedia":[{"embeddable":true,"href":"https:\/\/kalinkamagazin.com\/es\/wp-json\/wp\/v2\/media\/3239"}],"wp:attachment":[{"href":"https:\/\/kalinkamagazin.com\/es\/wp-json\/wp\/v2\/media?parent=3519"}],"wp:term":[{"taxonomy":"product_brand","embeddable":true,"href":"https:\/\/kalinkamagazin.com\/es\/wp-json\/wp\/v2\/product_brand?post=3519"},{"taxonomy":"product_cat","embeddable":true,"href":"https:\/\/kalinkamagazin.com\/es\/wp-json\/wp\/v2\/product_cat?post=3519"},{"taxonomy":"product_tag","embeddable":true,"href":"https:\/\/kalinkamagazin.com\/es\/wp-json\/wp\/v2\/product_tag?post=3519"}],"curies":[{"name":"wp","href":"https:\/\/api.w.org\/{rel}","templated":true}]}}