{"id":3520,"date":"2026-01-27T20:51:04","date_gmt":"2026-01-27T17:51:04","guid":{"rendered":"https:\/\/kalinkamagazin.com\/product\/7008-pl-20061601-we-preparacin-de-queso-para-untar-45-grasa-en-el-extracto-seca-ahumado\/"},"modified":"2026-01-27T20:51:04","modified_gmt":"2026-01-27T17:51:04","slug":"7008-pl-20061601-we-preparacin-de-queso-para-untar-45-grasa-en-el-extracto-seca-ahumado","status":"publish","type":"product","link":"https:\/\/kalinkamagazin.com\/es\/product\/7008-pl-20061601-we-preparacin-de-queso-para-untar-45-grasa-en-el-extracto-seca-ahumado\/","title":{"rendered":"PL 20061601 WE. Preparaci\u00f3n de queso para untar 45% grasa en el extracto seca, ahumado"},"content":{"rendered":"<p>PL 20061601 WE. Preparaci\u00f3n de queso para untar 45% grasa en el extracto seca, ahumado. Ingredientes: <b>Queso <\/b>66% <b>(Leche, <\/b>sal de calidad alimentaria, bacterias l\u00e1cticas, estabilizador: (cloruro c\u00e1lcio), conservante: (E1105 de <b>Huevo), <\/b>colorante: annato, Caroteno), <b>Mantequilla, <\/b>agua, <b>queso fresco, <\/b>sales emulsionantes (E452, E339, E331), Humo de madera de haya, humo de madera de aliso. Conservar \u00fanicamente en la nevera a m\u00e1x. 10\u00b0C. Consumir preferentemente antes de: Comercializaci\u00f3n: Lackmann Fleisch- und Feinkostfabrik GmbH, Carl Benz Stra\u00dfe 10, 77731 Willst\u00e4tt, Alemania.  <!--NWT-Text-->Valores energ\u00e9ticos y nutricionales medios por 100g: Valor energ\u00e9tico: 1288 kJ \/ 311 kcal, Grasas: 26g, - de las cuales \u00e1cidos grasos saturados: 18g, Hidratos de Carbono: 1,2g, - de los cuales az\u00facares: 1,2g, Prote\u00ednas: 18g, Sal: 2,1g,  <!--NWT-Table--><\/p>\n<table>\n<tbody>\n<tr>\n<td colspan=\"2\">Valores energ\u00e9ticos y nutricionales medios por 100g:<\/td>\n<\/tr>\n<tr>\n<td>Valor energ\u00e9tico:<\/td>\n<td align = \"right\">1288 kJ\/311kcal<\/td>\n<\/tr>\n<tr>\n<td>Grasas:<\/td>\n<td align = \"right\">26g<\/td>\n<\/tr>\n<tr>\n<td>- de las cuales \u00e1cidos grasos saturados:<\/td>\n<td align = \"right\">18g<\/td>\n<\/tr>\n<tr>\n<td>Hidratos de Carbono:<\/td>\n<td align = \"right\">1,2g<\/td>\n<\/tr>\n<tr>\n<td>- de los cuales az\u00facares:<\/td>\n<td align = \"right\">1,2g<\/td>\n<\/tr>\n<tr>\n<td>Prote\u00ednas:<\/td>\n<td align = \"right\">18g<\/td>\n<\/tr>\n<tr>\n<td>Sal:<\/td>\n<td align = \"right\">2,1g<\/td>\n<\/tr>\n<\/tbody>\n<\/table>\n<p> <!--Bezeichnung-->PL 20061601 WE. Preparaci\u00f3n de queso para untar 45% grasa en el extracto seca, ahumado. <\/p>\n","protected":false},"excerpt":{"rendered":"<p>PL 20061601 WE. Preparaci\u00f3n de queso para untar 45% grasa en el extracto seca, ahumado. Ingredientes: Queso 66% (Leche, sal de calidad alimentaria, bacterias l\u00e1cticas, estabilizador: (cloruro c\u00e1lcio), conservante: (E1105 de Huevo), colorante: annato, Caroteno), Mantequilla, agua, queso fresco, sales emulsionantes (E452, E339, E331), Humo de madera de haya, humo de madera de aliso. Conservar [&hellip;]<\/p>\n","protected":false},"featured_media":3305,"template":"","meta":{"inline_featured_image":false},"product_brand":[],"product_cat":[121,119],"product_tag":[],"class_list":{"0":"post-3520","1":"product","2":"type-product","3":"status-publish","4":"has-post-thumbnail","6":"product_cat-kislomolochnye-produkty","7":"product_cat-molochnye-produkty","9":"first","10":"instock","11":"shipping-taxable","12":"purchasable","13":"product-type-simple"},"acf":[],"_links":{"self":[{"href":"https:\/\/kalinkamagazin.com\/es\/wp-json\/wp\/v2\/product\/3520","targetHints":{"allow":["GET"]}}],"collection":[{"href":"https:\/\/kalinkamagazin.com\/es\/wp-json\/wp\/v2\/product"}],"about":[{"href":"https:\/\/kalinkamagazin.com\/es\/wp-json\/wp\/v2\/types\/product"}],"wp:featuredmedia":[{"embeddable":true,"href":"https:\/\/kalinkamagazin.com\/es\/wp-json\/wp\/v2\/media\/3305"}],"wp:attachment":[{"href":"https:\/\/kalinkamagazin.com\/es\/wp-json\/wp\/v2\/media?parent=3520"}],"wp:term":[{"taxonomy":"product_brand","embeddable":true,"href":"https:\/\/kalinkamagazin.com\/es\/wp-json\/wp\/v2\/product_brand?post=3520"},{"taxonomy":"product_cat","embeddable":true,"href":"https:\/\/kalinkamagazin.com\/es\/wp-json\/wp\/v2\/product_cat?post=3520"},{"taxonomy":"product_tag","embeddable":true,"href":"https:\/\/kalinkamagazin.com\/es\/wp-json\/wp\/v2\/product_tag?post=3520"}],"curies":[{"name":"wp","href":"https:\/\/api.w.org\/{rel}","templated":true}]}}