{"id":3523,"date":"2026-01-27T20:51:22","date_gmt":"2026-01-27T17:51:22","guid":{"rendered":"https:\/\/kalinkamagazin.com\/product\/7800-pl-30184102-we-pasta-untable-con-grasa-de-cerdo-carne-separada-mecnicamente-de-pollo-y-hgado-de-pollo\/"},"modified":"2026-01-27T20:51:22","modified_gmt":"2026-01-27T17:51:22","slug":"7800-pl-30184102-we-pasta-untable-con-grasa-de-cerdo-carne-separada-mecnicamente-de-pollo-y-hgado-de-pollo","status":"publish","type":"product","link":"https:\/\/kalinkamagazin.com\/es\/product\/7800-pl-30184102-we-pasta-untable-con-grasa-de-cerdo-carne-separada-mecnicamente-de-pollo-y-hgado-de-pollo\/","title":{"rendered":"PL 30184102 WE. Pasta untable con grasa de cerdo, carne separada mec\u00e1nicamente de pollo y h\u00edgado de pollo."},"content":{"rendered":"<p>PL 30184102 WE. Pasta untable con grasa de cerdo, carne separada mec\u00e1nicamente de pollo y h\u00edgado de pollo.. Hecho en: Polonia. Ingredientes: agua, carne separada mec\u00e1nicamente de pollo (17%), Grasa de cerdo (13,5%), h\u00edgado de pollo (12,5%), H\u00edgado de cerdo, <b>S\u00e9mola de trigo, <\/b><b>Huevos, <\/b><b>Prote\u00edna de soja, <\/b>sal de calidad alimentaria, Almid\u00f3n modificado, cebollas, Pimiento, especias. Almacenar en un lugar fresco y seco. Una vez abierto, conservar en la nevera y consumir lo antes posible. Consumir preferentemente antes de: ver impresi\u00f3n lateral. Comercializaci\u00f3n: Lackmann Fleisch- und Feinkostfabrik GmbH, Carl Benz Stra\u00dfe 10, 77731 Willst\u00e4tt, Alemania.  <!--NWT-Text-->Valores energ\u00e9ticos y nutricionales medios por 100g: Valor energ\u00e9tico: 775 kJ \/ 187 kcal, Grasas: 14g, - de las cuales \u00e1cidos grasos saturados: 4,8g, Hidratos de Carbono: 6,3g, - de los cuales az\u00facares: 0,7g, Prote\u00ednas: 8,6g, Sal: 1,4g,  <!--NWT-Table--><\/p>\n<table>\n<tbody>\n<tr>\n<td colspan=\"2\">Valores energ\u00e9ticos y nutricionales medios por 100g:<\/td>\n<\/tr>\n<tr>\n<td>Valor energ\u00e9tico:<\/td>\n<td align = \"right\">775 kJ\/187kcal<\/td>\n<\/tr>\n<tr>\n<td>Grasas:<\/td>\n<td align = \"right\">14g<\/td>\n<\/tr>\n<tr>\n<td>- de las cuales \u00e1cidos grasos saturados:<\/td>\n<td align = \"right\">4,8g<\/td>\n<\/tr>\n<tr>\n<td>Hidratos de Carbono:<\/td>\n<td align = \"right\">6,3g<\/td>\n<\/tr>\n<tr>\n<td>- de los cuales az\u00facares:<\/td>\n<td align = \"right\">0,7g<\/td>\n<\/tr>\n<tr>\n<td>Prote\u00ednas:<\/td>\n<td align = \"right\">8,6g<\/td>\n<\/tr>\n<tr>\n<td>Sal:<\/td>\n<td align = \"right\">1,4g<\/td>\n<\/tr>\n<\/tbody>\n<\/table>\n<p> <!--Bezeichnung-->PL 30184102 WE. Pasta untable con grasa de cerdo, carne separada mec\u00e1nicamente de pollo y h\u00edgado de pollo.. <\/p>\n","protected":false},"excerpt":{"rendered":"<p>PL 30184102 WE. Pasta untable con grasa de cerdo, carne separada mec\u00e1nicamente de pollo y h\u00edgado de pollo.. Hecho en: Polonia. Ingredientes: agua, carne separada mec\u00e1nicamente de pollo (17%), Grasa de cerdo (13,5%), h\u00edgado de pollo (12,5%), H\u00edgado de cerdo, S\u00e9mola de trigo, Huevos, Prote\u00edna de soja, sal de calidad alimentaria, Almid\u00f3n modificado, cebollas, Pimiento, [&hellip;]<\/p>\n","protected":false},"featured_media":3096,"template":"","meta":{"inline_featured_image":false},"product_brand":[],"product_cat":[123,127],"product_tag":[],"class_list":{"0":"post-3523","1":"product","2":"type-product","3":"status-publish","4":"has-post-thumbnail","6":"product_cat-myaso-i-myasnye-produkty","7":"product_cat-pashtety-myasnye","9":"first","10":"instock","11":"shipping-taxable","12":"purchasable","13":"product-type-simple"},"acf":[],"_links":{"self":[{"href":"https:\/\/kalinkamagazin.com\/es\/wp-json\/wp\/v2\/product\/3523","targetHints":{"allow":["GET"]}}],"collection":[{"href":"https:\/\/kalinkamagazin.com\/es\/wp-json\/wp\/v2\/product"}],"about":[{"href":"https:\/\/kalinkamagazin.com\/es\/wp-json\/wp\/v2\/types\/product"}],"wp:featuredmedia":[{"embeddable":true,"href":"https:\/\/kalinkamagazin.com\/es\/wp-json\/wp\/v2\/media\/3096"}],"wp:attachment":[{"href":"https:\/\/kalinkamagazin.com\/es\/wp-json\/wp\/v2\/media?parent=3523"}],"wp:term":[{"taxonomy":"product_brand","embeddable":true,"href":"https:\/\/kalinkamagazin.com\/es\/wp-json\/wp\/v2\/product_brand?post=3523"},{"taxonomy":"product_cat","embeddable":true,"href":"https:\/\/kalinkamagazin.com\/es\/wp-json\/wp\/v2\/product_cat?post=3523"},{"taxonomy":"product_tag","embeddable":true,"href":"https:\/\/kalinkamagazin.com\/es\/wp-json\/wp\/v2\/product_tag?post=3523"}],"curies":[{"name":"wp","href":"https:\/\/api.w.org\/{rel}","templated":true}]}}